{"id":45919,"date":"2025-05-08T11:36:50","date_gmt":"2025-05-08T08:36:50","guid":{"rendered":"https:\/\/sebhau.edu.ly\/plagiarism-checking-service\/"},"modified":"2025-05-13T12:16:12","modified_gmt":"2025-05-13T09:16:12","slug":"plagiarism-checking-service","status":"publish","type":"page","link":"https:\/\/sebhau.edu.ly\/fr\/plagiarism-checking-service\/","title":{"rendered":"Service de v\u00e9rification du taux de plagiat"},"content":{"rendered":"<section class=\"wpb-content-wrapper\"><p>[vc_row bg_type=\u00a0\u00bb\u00a0\u00bb dima_canvas_style=\u00a0\u00bb\u00a0\u00bb translate_x=\u00a0\u00bb0&Prime; dima_z_index=\u00a0\u00bb0&Prime; delay=\u00a0\u00bb\u00a0\u00bb delay_duration=\u00a0\u00bb\u00a0\u00bb delay_offset=\u00a0\u00bb\u00a0\u00bb][vc_column min_height=\u00a0\u00bb\u00a0\u00bb bg_type=\u00a0\u00bb\u00a0\u00bb dima_canvas_style=\u00a0\u00bb\u00a0\u00bb translate_x=\u00a0\u00bb0&Prime; dima_z_index=\u00a0\u00bb0&Prime; delay=\u00a0\u00bb\u00a0\u00bb delay_duration=\u00a0\u00bb\u00a0\u00bb delay_offset=\u00a0\u00bb\u00a0\u00bb width=\u00a0\u00bb1\/1&Prime;]<p style=\"direction: ltr;\">Dans le souci d\u2019assurer la qualit\u00e9 des r\u00e9sultats de la recherche scientifique \u00e0 l\u2019Universit\u00e9 de Sebha, tant au niveau de l\u2019enseignement sup\u00e9rieur qu\u2019au niveau des \u00e9tudes de troisi\u00e8me cycle, ainsi que la qualit\u00e9 de toutes les publications de recherches et de travaux scientifiques, la proc\u00e9dure de v\u00e9rification du taux de plagiat a \u00e9t\u00e9 activ\u00e9e pour la production scientifique de l\u2019universit\u00e9. Cela concerne les recherches de premier cycle, les m\u00e9moires de master, les th\u00e8ses de doctorat, et les recherches pour les promotions acad\u00e9miques en utilisant des programmes certifi\u00e9s et avanc\u00e9s , afin de v\u00e9rifier le taux de plagiat et de s\u2019assurer qu\u2019il respecte la limite autoris\u00e9e.<\/p>\n<h4 style=\"direction: ltr;\"><strong>Conditions pour la v\u00e9rification du plagiat :<\/strong><\/h4>\n<ul  class=\"list-style angle\" ><li   >\n<p style=\"direction: ltr;\">Une attestation du d\u00e9partement scientifique auquel appartient le chercheur.<\/p>\n<\/li><li   >\n<p style=\"direction: ltr;\">Envoyer la recherche par email <u>au format Word.<\/u><\/p>\n<\/li><li   >\n<p style=\"direction: ltr;\">Supprimer la liste des r\u00e9f\u00e9rences et les images pr\u00e9sentes dans la recherche.<\/p>\n<\/li><\/ul><div  class=\"dima-alert dima-alert-info alert-close-block\" ><i class=\"fas fa-info-circle\"><\/i><em class=\"header-alert\">Remarque :<\/em><\/p>\n<p style=\"direction: ltr;\">Les recherches \u00e0 faire v\u00e9rifier doivent \u00eatre envoy\u00e9es au Centre de Recherche et de Consultations Scientifiques, \u00e0 l\u2019adresse email suivante :<\/p>\n<p style=\"direction: ltr; text-align: center;\"><a href=\"mailto:plagiarism.checker@sebhau.edu.ly\">plagiarism.checker@sebhau.edu.ly<\/a><\/p>\n<p><\/div>[contact-form-7 id=\u00a0\u00bb45824&Prime;][\/vc_column][\/vc_row]<\/p>\n<\/section>","protected":false},"excerpt":{"rendered":"<p>[vc_row bg_type=\u00a0\u00bb\u00a0\u00bb dima_canvas_style=\u00a0\u00bb\u00a0\u00bb translate_x=\u00a0\u00bb0&Prime; dima_z_index=\u00a0\u00bb0&Prime; delay=\u00a0\u00bb\u00a0\u00bb delay_duration=\u00a0\u00bb\u00a0\u00bb delay_offset=\u00a0\u00bb\u00a0\u00bb][vc_column min_height=\u00a0\u00bb\u00a0\u00bb bg_type=\u00a0\u00bb\u00a0\u00bb dima_canvas_style=\u00a0\u00bb\u00a0\u00bb translate_x=\u00a0\u00bb0&Prime; dima_z_index=\u00a0\u00bb0&Prime; delay=\u00a0\u00bb\u00a0\u00bb delay_duration=\u00a0\u00bb\u00a0\u00bb delay_offset=\u00a0\u00bb\u00a0\u00bb width=\u00a0\u00bb1\/1&Prime;][contact-form-7 id=\u00a0\u00bb45824&Prime;][\/vc_column][\/vc_row]<\/p>\n","protected":false},"author":1,"featured_media":0,"parent":0,"menu_order":0,"comment_status":"closed","ping_status":"closed","template":"","meta":{"_uf_show_specific_survey":0,"_uf_disable_surveys":false,"footnotes":""},"class_list":["post-45919","page","type-page","status-publish","hentry"],"aioseo_notices":[],"amp_enabled":true,"_links":{"self":[{"href":"https:\/\/sebhau.edu.ly\/fr\/wp-json\/wp\/v2\/pages\/45919","targetHints":{"allow":["GET"]}}],"collection":[{"href":"https:\/\/sebhau.edu.ly\/fr\/wp-json\/wp\/v2\/pages"}],"about":[{"href":"https:\/\/sebhau.edu.ly\/fr\/wp-json\/wp\/v2\/types\/page"}],"author":[{"embeddable":true,"href":"https:\/\/sebhau.edu.ly\/fr\/wp-json\/wp\/v2\/users\/1"}],"replies":[{"embeddable":true,"href":"https:\/\/sebhau.edu.ly\/fr\/wp-json\/wp\/v2\/comments?post=45919"}],"version-history":[{"count":0,"href":"https:\/\/sebhau.edu.ly\/fr\/wp-json\/wp\/v2\/pages\/45919\/revisions"}],"wp:attachment":[{"href":"https:\/\/sebhau.edu.ly\/fr\/wp-json\/wp\/v2\/media?parent=45919"}],"curies":[{"name":"wp","href":"https:\/\/api.w.org\/{rel}","templated":true}]}}