{"id":51945,"date":"2025-08-28T13:18:36","date_gmt":"2025-08-28T10:18:36","guid":{"rendered":"https:\/\/sebhau.edu.ly\/itc1\/"},"modified":"2026-02-02T00:19:24","modified_gmt":"2026-02-01T21:19:24","slug":"itc","status":"publish","type":"page","link":"https:\/\/sebhau.edu.ly\/fr\/itc\/","title":{"rendered":"Accueil"},"content":{"rendered":"<section class=\"wpb-content-wrapper\"><p>[vc_row bg_type=\u00a0\u00bb\u00a0\u00bb dima_canvas_style=\u00a0\u00bb\u00a0\u00bb translate_x=\u00a0\u00bb0&Prime; dima_z_index=\u00a0\u00bb0&Prime; delay=\u00a0\u00bb\u00a0\u00bb delay_duration=\u00a0\u00bb\u00a0\u00bb delay_offset=\u00a0\u00bb\u00a0\u00bb][vc_column min_height=\u00a0\u00bb\u00a0\u00bb bg_type=\u00a0\u00bb\u00a0\u00bb dima_canvas_style=\u00a0\u00bb\u00a0\u00bb translate_x=\u00a0\u00bb0&Prime; dima_z_index=\u00a0\u00bb0&Prime; delay=\u00a0\u00bb\u00a0\u00bb delay_duration=\u00a0\u00bb\u00a0\u00bb delay_offset=\u00a0\u00bb\u00a0\u00bb width=\u00a0\u00bb1\/1&Prime;][vc_raw_html]JTVCcmV2X3NsaWRlciUyMGFsaWFzJTNEJTIyc2xpZGVyLTElMjIlNUQlNUIlMkZyZXZfc2xpZGVyJTVE[\/vc_raw_html][\/vc_column][\/vc_row][vc_row bg_type=\u00a0\u00bb\u00a0\u00bb dima_canvas_style=\u00a0\u00bb\u00a0\u00bb translate_x=\u00a0\u00bb0&Prime; dima_z_index=\u00a0\u00bb0&Prime; delay=\u00a0\u00bb\u00a0\u00bb delay_duration=\u00a0\u00bb\u00a0\u00bb delay_offset=\u00a0\u00bb\u00a0\u00bb id=\u00a0\u00bb\u00a0\u00bb class=\u00a0\u00bb\u00a0\u00bb css=\u00a0\u00bb.vc_custom_1756718310426{background-color: #f7f7f7 !important;}\u00a0\u00bb border_color=\u00a0\u00bb\u00a0\u00bb][vc_column min_height=\u00a0\u00bb\u00a0\u00bb bg_type=\u00a0\u00bb\u00a0\u00bb dima_canvas_style=\u00a0\u00bb\u00a0\u00bb translate_x=\u00a0\u00bb0&Prime; dima_z_index=\u00a0\u00bb0&Prime; delay=\u00a0\u00bb\u00a0\u00bb delay_duration=\u00a0\u00bb\u00a0\u00bb delay_offset=\u00a0\u00bb\u00a0\u00bb width=\u00a0\u00bb1\/1&Prime;]<h1  class=\"dima-custom-heading\" ><\/p>\n<h2 style=\"text-align: center;\"><strong>\u00c0 propos du centre <\/strong><\/h2>\n<p><\/h1><div  class=\"dima-divider topaz-line\" ><i  class=\"fas fa-certificate\"><\/i><\/div>[vc_row_inner bg_type=\u00a0\u00bb\u00a0\u00bb dima_canvas_style=\u00a0\u00bb\u00a0\u00bb translate_x=\u00a0\u00bb0&Prime; dima_z_index=\u00a0\u00bb0&Prime;][vc_column_inner delay=\u00a0\u00bb\u00a0\u00bb delay_duration=\u00a0\u00bb\u00a0\u00bb delay_offset=\u00a0\u00bb\u00a0\u00bb translate_x=\u00a0\u00bb0&Prime; dima_z_index=\u00a0\u00bb0&Prime; width=\u00a0\u00bb2\/3&Prime;]<p><span lang=\"FR\">Le Centre des services informatiques de l&rsquo;Universit\u00e9 de Sebha a \u00e9t\u00e9 cr\u00e9\u00e9 en 2001 avec un groupe de professeurs et d&rsquo;ing\u00e9nieurs sp\u00e9cialis\u00e9s dans le domaine de l&rsquo;informatique, avec des \u00e9quipements de haute qualit\u00e9, afin de diffuser la technologie de l&rsquo;information. \u00e0 travers l&rsquo;universit\u00e9 et de r\u00e9pondre \u00e0 tous les besoins en services<\/span><\/p>\n<p>.<\/p>\n[\/vc_column_inner][vc_column_inner delay=\u00a0\u00bb\u00a0\u00bb delay_duration=\u00a0\u00bb\u00a0\u00bb delay_offset=\u00a0\u00bb\u00a0\u00bb translate_x=\u00a0\u00bb0&Prime; dima_z_index=\u00a0\u00bb0&Prime; width=\u00a0\u00bb1\/3&Prime;]<div class=\"column-item overflow-hidden text-center\"><img decoding=\"async\" width=\"\" height=\"\"  class=\"dima-img \" src=\"\"   alt=\"\"><\/div>[\/vc_column_inner][\/vc_row_inner][\/vc_column][\/vc_row][vc_row bg_type=\u00a0\u00bb\u00a0\u00bb dima_canvas_style=\u00a0\u00bb\u00a0\u00bb translate_x=\u00a0\u00bb0&Prime; dima_z_index=\u00a0\u00bb0&Prime; delay=\u00a0\u00bb\u00a0\u00bb delay_duration=\u00a0\u00bb\u00a0\u00bb delay_offset=\u00a0\u00bb\u00a0\u00bb][vc_column min_height=\u00a0\u00bb\u00a0\u00bb bg_type=\u00a0\u00bb\u00a0\u00bb dima_canvas_style=\u00a0\u00bb\u00a0\u00bb translate_x=\u00a0\u00bb0&Prime; dima_z_index=\u00a0\u00bb0&Prime; delay=\u00a0\u00bb\u00a0\u00bb delay_duration=\u00a0\u00bb\u00a0\u00bb delay_offset=\u00a0\u00bb\u00a0\u00bb width=\u00a0\u00bb1\/1&Prime;]<h1  class=\"dima-custom-heading\" ><\/p>\n<h2 style=\"text-align: center;\">D\u00e9partements du centre<\/h2>\n<p><\/h1><div  class=\"dima-divider topaz-line\" ><i  class=\"fas fa-certificate\"><\/i><\/div>[vc_row_inner bg_type=\u00a0\u00bb\u00a0\u00bb dima_canvas_style=\u00a0\u00bb\u00a0\u00bb translate_x=\u00a0\u00bb0&Prime; dima_z_index=\u00a0\u00bb0&Prime;][vc_column_inner delay=\u00a0\u00bb\u00a0\u00bb delay_duration=\u00a0\u00bb\u00a0\u00bb delay_offset=\u00a0\u00bb\u00a0\u00bb translate_x=\u00a0\u00bb0&Prime; dima_z_index=\u00a0\u00bb0&Prime; width=\u00a0\u00bb1\/3&Prime;]<div  class=\"dima-iconbox background-hover topaz-hover features-box text-center features-box\" ><header  class=\"icon-box-header\" ><span style=\"color:#477ba9;\" class=\"svg_icon  icon-box-medium  icon-box-hover\" ><i class=\"fas fa-users\"><\/i><\/span><\/header><div  class=\"features-content\" ><h5 class=\"features-title\" >D\u00e9partement des affaires administratives<\/h5>\n<div class=\"col-sm-6 col-md-3 col-xs-12 text-center\">\n<div class=\"feature-box v3\">Ce centre est consid\u00e9r\u00e9 comme le principal p\u00f4le informatique de l&rsquo;universit\u00e9, reliant tous les d\u00e9partements et facult\u00e9s qui y sont affili\u00e9s gr\u00e2ce aux technologies les plus r\u00e9centes. Des comptes utilisateurs ont \u00e9t\u00e9 cr\u00e9\u00e9s selon les besoins pour acc\u00e9der au r\u00e9seau universitaire.<\/div>\n<\/div>\n<div class=\"col-sm-6 col-md-3 col-xs-12 text-center\">\n<div class=\"feature-box v3\"><\/div>\n<\/div>\n<\/div><\/div>[\/vc_column_inner][vc_column_inner delay=\u00a0\u00bb\u00a0\u00bb delay_duration=\u00a0\u00bb\u00a0\u00bb delay_offset=\u00a0\u00bb\u00a0\u00bb translate_x=\u00a0\u00bb0&Prime; dima_z_index=\u00a0\u00bb0&Prime; width=\u00a0\u00bb1\/3&Prime;]<div  class=\"dima-iconbox background-hover topaz-hover features-box text-center features-box\" ><header  class=\"icon-box-header\" ><span style=\"color:#477ba9;\" class=\"svg_icon  icon-box-medium  icon-box-hover\" ><i class=\"fas fa-wrench\"><\/i><\/span><\/header><div  class=\"features-content\" ><h5 class=\"features-title\" ><\/h5>\n<div class=\"col-sm-6 col-md-3 col-xs-12 text-center\">\n<div class=\"feature-box v3\">Ce centre est consid\u00e9r\u00e9 comme le principal p\u00f4le informatique de l&rsquo;universit\u00e9, reliant tous les d\u00e9partements et facult\u00e9s qui y sont affili\u00e9s gr\u00e2ce aux technologies les plus r\u00e9centes. Des comptes utilisateurs ont \u00e9t\u00e9 cr\u00e9\u00e9s selon les besoins pour acc\u00e9der au r\u00e9seau universitaire.<\/div>\n<\/div>\n<div class=\"col-sm-6 col-md-3 col-xs-12 text-center\">\n<div class=\"feature-box v3\"><\/div>\n<\/div>\n<\/div><\/div>[\/vc_column_inner][vc_column_inner delay=\u00a0\u00bb\u00a0\u00bb delay_duration=\u00a0\u00bb\u00a0\u00bb delay_offset=\u00a0\u00bb\u00a0\u00bb translate_x=\u00a0\u00bb0&Prime; dima_z_index=\u00a0\u00bb0&Prime; width=\u00a0\u00bb1\/3&Prime;]<div  class=\"dima-iconbox background-hover topaz-hover features-box text-center features-box\" ><header  class=\"icon-box-header\" ><span style=\"color:#477ba9;\" class=\"svg_icon  icon-box-medium  icon-box-hover\" ><i class=\"fas fa-globe\"><\/i><\/span><\/header><div  class=\"features-content\" ><h5 class=\"features-title\" ><\/p>\n<p>D\u00e9partement du site de l'universit\u00e9<\/h5>\n<div class=\"main-content\">\n<div class=\"container\">\n<div class=\"clearfix padding feature-section1\">\n<div class=\"row container border-between\">\n<div class=\"col-sm-6 col-md-3 col-xs-12 text-center\">\n<div class=\"feature-box v3\">\n<p><span lang=\"FR\">Le site de l&rsquo;universit\u00e9 a \u00e9t\u00e9 con\u00e7u dans ses premi\u00e8res phases en 2002, faisant partie des premiers sites des universit\u00e9s libyennes. Le site a \u00e9t\u00e9 d\u00e9velopp\u00e9 \u00e0 travers plusieurs versions, en fonction de ce qui \u00e9tait appropri\u00e9 pour offrir les meilleurs services \u00e0 l&rsquo;universit\u00e9.<\/span><\/p>\n<\/div>\n<\/div>\n<\/div>\n<\/div>\n<\/div>\n<\/div>\n<div class=\"padding clearfix paralax\">\n<div class=\"container\">\n<div class=\"paralax-text text-center paralaxInner\"><\/div>\n<\/div>\n<\/div>\n<\/div><\/div>[\/vc_column_inner][\/vc_row_inner][\/vc_column][\/vc_row][vc_row bg_type=\u00a0\u00bb\u00a0\u00bb dima_canvas_style=\u00a0\u00bb\u00a0\u00bb translate_x=\u00a0\u00bb0&Prime; dima_z_index=\u00a0\u00bb0&Prime; delay=\u00a0\u00bb\u00a0\u00bb delay_duration=\u00a0\u00bb\u00a0\u00bb delay_offset=\u00a0\u00bb\u00a0\u00bb id=\u00a0\u00bb\u00a0\u00bb class=\u00a0\u00bb\u00a0\u00bb css=\u00a0\u00bb.vc_custom_1756718310426{background-color: #f7f7f7 !important;}\u00a0\u00bb border_color=\u00a0\u00bb\u00a0\u00bb][vc_column min_height=\u00a0\u00bb\u00a0\u00bb bg_type=\u00a0\u00bb\u00a0\u00bb dima_canvas_style=\u00a0\u00bb\u00a0\u00bb translate_x=\u00a0\u00bb0&Prime; dima_z_index=\u00a0\u00bb0&Prime; delay=\u00a0\u00bb\u00a0\u00bb delay_duration=\u00a0\u00bb\u00a0\u00bb delay_offset=\u00a0\u00bb\u00a0\u00bb width=\u00a0\u00bb1\/1&Prime;]<h1  class=\"dima-custom-heading\" ><\/p>\n<h2 style=\"text-align: center;\">Mod\u00e8les centraux<\/h2>\n<p><\/h1><div  class=\"dima-divider topaz-line\" ><i  class=\"fas fa-certificate\"><\/i><\/div>[vc_row_inner bg_type=\u00a0\u00bb\u00a0\u00bb dima_canvas_style=\u00a0\u00bb\u00a0\u00bb translate_x=\u00a0\u00bb0&Prime; dima_z_index=\u00a0\u00bb0&Prime;][vc_column_inner delay=\u00a0\u00bb\u00a0\u00bb delay_duration=\u00a0\u00bb\u00a0\u00bb delay_offset=\u00a0\u00bb\u00a0\u00bb translate_x=\u00a0\u00bb0&Prime; dima_z_index=\u00a0\u00bb0&Prime; width=\u00a0\u00bb1\/3&Prime;]<div  class=\"dima-iconbox no-box text-center features-box\" ><header  class=\"icon-box-header\" ><div class=\"image-cropper thumb  medium  \" ><img loading=\"lazy\" decoding=\"async\" class=\"background-image\" src=\"https:\/\/sebhau.edu.ly\/wp-content\/uploads\/2025\/09\/creat_email.png\" width=\"225\" height=\"225\" alt=\"\"><\/div><\/header><\/div><a   data-direction=\"down\" class=\"dima-button  dima-btn-rounded fill dima-btn-small float-center\"  href=\"https:\/\/sebhau.edu.ly\/sample\/welcome\/creat_acount\"  target=\"_blank\" rel=\"noopener\"  >Demande de cr\u00e9ation d'adresse courriel universitaire<\/a>[\/vc_column_inner][vc_column_inner delay=\u00a0\u00bb\u00a0\u00bb delay_duration=\u00a0\u00bb\u00a0\u00bb delay_offset=\u00a0\u00bb\u00a0\u00bb translate_x=\u00a0\u00bb0&Prime; dima_z_index=\u00a0\u00bb0&Prime; width=\u00a0\u00bb1\/3&Prime;]<div  class=\"dima-iconbox no-box text-center features-box\" ><header  class=\"icon-box-header\" ><div class=\"image-cropper thumb  medium  \" ><img loading=\"lazy\" decoding=\"async\" class=\"background-image\" src=\"https:\/\/sebhau.edu.ly\/wp-content\/uploads\/2025\/09\/craete_maine.png\" width=\"348\" height=\"263\" alt=\"\"><\/div><\/header><\/div><a   data-direction=\"down\" class=\"dima-button  dima-btn-rounded fill dima-btn-small float-center\"  href=\"https:\/\/sebhau.edu.ly\/sample\/welcome\/sigin\/maintence\"  target=\"_blank\" rel=\"noopener\"  >Demande d'installation ou de maintenance informatique<\/a>[\/vc_column_inner][vc_column_inner delay=\u00a0\u00bb\u00a0\u00bb delay_duration=\u00a0\u00bb\u00a0\u00bb delay_offset=\u00a0\u00bb\u00a0\u00bb translate_x=\u00a0\u00bb0&Prime; dima_z_index=\u00a0\u00bb0&Prime; width=\u00a0\u00bb1\/3&Prime;]<div  class=\"dima-iconbox no-box text-center features-box\" ><header  class=\"icon-box-header\" ><div class=\"image-cropper thumb  medium  \" ><img loading=\"lazy\" decoding=\"async\" class=\"background-image\" src=\"https:\/\/sebhau.edu.ly\/wp-content\/uploads\/2025\/09\/create_site.png\" width=\"243\" height=\"207\" alt=\"\"><\/div><\/header><\/div><a   data-direction=\"down\" class=\"dima-button  dima-btn-rounded fill dima-btn-small float-center\"  href=\"https:\/\/sebhau.edu.ly\/sample\/welcome\/sigin\/site\"  target=\"_blank\" rel=\"noopener\"  >Demande de conception ou de modification de site web<\/a>[\/vc_column_inner][\/vc_row_inner][vc_row_inner bg_type=\u00a0\u00bb\u00a0\u00bb dima_canvas_style=\u00a0\u00bb\u00a0\u00bb translate_x=\u00a0\u00bb0&Prime; dima_z_index=\u00a0\u00bb0&Prime;][vc_column_inner delay=\u00a0\u00bb\u00a0\u00bb delay_duration=\u00a0\u00bb\u00a0\u00bb delay_offset=\u00a0\u00bb\u00a0\u00bb translate_x=\u00a0\u00bb0&Prime; dima_z_index=\u00a0\u00bb0&Prime; width=\u00a0\u00bb1\/3&Prime;]<div  class=\"dima-iconbox no-box text-center features-box\" ><header  class=\"icon-box-header\" ><div class=\"image-cropper thumb  medium  \" ><img loading=\"lazy\" decoding=\"async\" class=\"background-image\" src=\"https:\/\/sebhau.edu.ly\/wp-content\/uploads\/2022\/01\/mortby-e1641164462733.png\" width=\"1009\" height=\"971\" alt=\"\"><\/div><\/header><\/div><a   data-direction=\"down\" class=\"dima-button  dima-btn-rounded fill dima-btn-small float-center\"  href=\"https:\/\/sebhau.edu.ly\/sample\/welcome\/morataby\"  target=\"_blank\" rel=\"noopener\"  >Demande d'activation de l'application MySalary<\/a>[\/vc_column_inner][vc_column_inner delay=\u00a0\u00bb\u00a0\u00bb delay_duration=\u00a0\u00bb\u00a0\u00bb delay_offset=\u00a0\u00bb\u00a0\u00bb translate_x=\u00a0\u00bb0&Prime; dima_z_index=\u00a0\u00bb0&Prime; width=\u00a0\u00bb1\/3&Prime;]<div  class=\"dima-iconbox no-box text-center features-box\" ><header  class=\"icon-box-header\" ><div class=\"image-cropper thumb  medium  \" ><img loading=\"lazy\" decoding=\"async\" class=\"background-image\" src=\"https:\/\/sebhau.edu.ly\/wp-content\/uploads\/2025\/09\/network.png\" width=\"348\" height=\"345\" alt=\"\"><\/div><\/header><\/div><a   data-direction=\"down\" class=\"dima-button  dima-btn-rounded fill dima-btn-small float-center\"  href=\"https:\/\/sebhau.edu.ly\/sample\/welcome\/sigin\/network\"  target=\"_blank\" rel=\"noopener\"  >Demande d'installation ou de maintenance de r\u00e9seau<\/a>[\/vc_column_inner][vc_column_inner delay=\u00a0\u00bb\u00a0\u00bb delay_duration=\u00a0\u00bb\u00a0\u00bb delay_offset=\u00a0\u00bb\u00a0\u00bb translate_x=\u00a0\u00bb0&Prime; dima_z_index=\u00a0\u00bb0&Prime; width=\u00a0\u00bb1\/3&Prime;]<div  class=\"dima-iconbox no-box text-center features-box\" ><header  class=\"icon-box-header\" ><div class=\"image-cropper thumb  medium  \" ><img loading=\"lazy\" decoding=\"async\" class=\"background-image\" src=\"https:\/\/sebhau.edu.ly\/wp-content\/uploads\/2025\/09\/employ.png\" width=\"360\" height=\"375\" alt=\"\"><\/div><\/header><\/div><a   data-direction=\"down\" class=\"dima-button  dima-btn-rounded fill dima-btn-small float-center\"  href=\"https:\/\/sebhau.edu.ly\/sample\/welcome\/empl_services\"  target=\"_blank\" rel=\"noopener\"  >Services aux employ\u00e9s<\/a>[\/vc_column_inner][\/vc_row_inner][\/vc_column][\/vc_row]<\/p>\n<\/section>","protected":false},"excerpt":{"rendered":"<p>[vc_row bg_type=\u00a0\u00bb\u00a0\u00bb dima_canvas_style=\u00a0\u00bb\u00a0\u00bb translate_x=\u00a0\u00bb0&Prime; dima_z_index=\u00a0\u00bb0&Prime; delay=\u00a0\u00bb\u00a0\u00bb delay_duration=\u00a0\u00bb\u00a0\u00bb delay_offset=\u00a0\u00bb\u00a0\u00bb][vc_column min_height=\u00a0\u00bb\u00a0\u00bb bg_type=\u00a0\u00bb\u00a0\u00bb dima_canvas_style=\u00a0\u00bb\u00a0\u00bb translate_x=\u00a0\u00bb0&Prime; dima_z_index=\u00a0\u00bb0&Prime; delay=\u00a0\u00bb\u00a0\u00bb delay_duration=\u00a0\u00bb\u00a0\u00bb delay_offset=\u00a0\u00bb\u00a0\u00bb width=\u00a0\u00bb1\/1&Prime;][vc_raw_html]JTVCcmV2X3NsaWRlciUyMGFsaWFzJTNEJTIyc2xpZGVyLTElMjIlNUQlNUIlMkZyZXZfc2xpZGVyJTVE[\/vc_raw_html][\/vc_column][\/vc_row][vc_row bg_type=\u00a0\u00bb\u00a0\u00bb dima_canvas_style=\u00a0\u00bb\u00a0\u00bb translate_x=\u00a0\u00bb0&Prime; dima_z_index=\u00a0\u00bb0&Prime; delay=\u00a0\u00bb\u00a0\u00bb delay_duration=\u00a0\u00bb\u00a0\u00bb delay_offset=\u00a0\u00bb\u00a0\u00bb id=\u00a0\u00bb\u00a0\u00bb class=\u00a0\u00bb\u00a0\u00bb css=\u00a0\u00bb.vc_custom_1756718310426{background-color: #f7f7f7 !important;}\u00a0\u00bb border_color=\u00a0\u00bb\u00a0\u00bb][vc_column min_height=\u00a0\u00bb\u00a0\u00bb bg_type=\u00a0\u00bb\u00a0\u00bb dima_canvas_style=\u00a0\u00bb\u00a0\u00bb translate_x=\u00a0\u00bb0&Prime; dima_z_index=\u00a0\u00bb0&Prime; delay=\u00a0\u00bb\u00a0\u00bb delay_duration=\u00a0\u00bb\u00a0\u00bb delay_offset=\u00a0\u00bb\u00a0\u00bb width=\u00a0\u00bb1\/1&Prime;][vc_row_inner bg_type=\u00a0\u00bb\u00a0\u00bb dima_canvas_style=\u00a0\u00bb\u00a0\u00bb translate_x=\u00a0\u00bb0&Prime; dima_z_index=\u00a0\u00bb0&Prime;][vc_column_inner delay=\u00a0\u00bb\u00a0\u00bb delay_duration=\u00a0\u00bb\u00a0\u00bb delay_offset=\u00a0\u00bb\u00a0\u00bb translate_x=\u00a0\u00bb0&Prime; dima_z_index=\u00a0\u00bb0&Prime; width=\u00a0\u00bb2\/3&Prime;][\/vc_column_inner][vc_column_inner delay=\u00a0\u00bb\u00a0\u00bb delay_duration=\u00a0\u00bb\u00a0\u00bb delay_offset=\u00a0\u00bb\u00a0\u00bb translate_x=\u00a0\u00bb0&Prime; dima_z_index=\u00a0\u00bb0&Prime; width=\u00a0\u00bb1\/3&Prime;][\/vc_column_inner][\/vc_row_inner][\/vc_column][\/vc_row][vc_row [&hellip;]<\/p>\n","protected":false},"author":1,"featured_media":0,"parent":0,"menu_order":0,"comment_status":"closed","ping_status":"closed","template":"","meta":{"_uf_show_specific_survey":0,"_uf_disable_surveys":false,"footnotes":""},"class_list":["post-51945","page","type-page","status-publish","hentry"],"aioseo_notices":[],"amp_enabled":true,"_links":{"self":[{"href":"https:\/\/sebhau.edu.ly\/fr\/wp-json\/wp\/v2\/pages\/51945","targetHints":{"allow":["GET"]}}],"collection":[{"href":"https:\/\/sebhau.edu.ly\/fr\/wp-json\/wp\/v2\/pages"}],"about":[{"href":"https:\/\/sebhau.edu.ly\/fr\/wp-json\/wp\/v2\/types\/page"}],"author":[{"embeddable":true,"href":"https:\/\/sebhau.edu.ly\/fr\/wp-json\/wp\/v2\/users\/1"}],"replies":[{"embeddable":true,"href":"https:\/\/sebhau.edu.ly\/fr\/wp-json\/wp\/v2\/comments?post=51945"}],"version-history":[{"count":7,"href":"https:\/\/sebhau.edu.ly\/fr\/wp-json\/wp\/v2\/pages\/51945\/revisions"}],"predecessor-version":[{"id":56401,"href":"https:\/\/sebhau.edu.ly\/fr\/wp-json\/wp\/v2\/pages\/51945\/revisions\/56401"}],"wp:attachment":[{"href":"https:\/\/sebhau.edu.ly\/fr\/wp-json\/wp\/v2\/media?parent=51945"}],"curies":[{"name":"wp","href":"https:\/\/api.w.org\/{rel}","templated":true}]}}