{"id":3214,"date":"2019-08-24T14:47:52","date_gmt":"2019-08-24T12:47:52","guid":{"rendered":"https:\/\/sebhau.edu.ly\/ico\/about-the-office\/"},"modified":"2024-05-14T17:21:44","modified_gmt":"2024-05-14T15:21:44","slug":"about-the-office","status":"publish","type":"page","link":"https:\/\/sebhau.edu.ly\/ico\/fr\/about-the-office\/","title":{"rendered":"\u00c0 propos du bureau"},"content":{"rendered":"<h4 style=\"text-align: center;\">\u00c0 propos du bureau<\/h4>\n<p style=\"text-align: center;\">Le Bureau de la Coop\u00e9ration Internationale et Culturelle de l&rsquo;Universit\u00e9 de Sebha vise \u00e0 d\u00e9velopper des relations acad\u00e9miques et culturelles avec des universit\u00e9s et des centres de recherche de premier plan, \u00e0 travers des canaux officiels tels que des accords, des protocoles d&rsquo;accord et des partenariats. Ces initiatives visent \u00e0 promouvoir le d\u00e9veloppement, la cr\u00e9ativit\u00e9, l&rsquo;innovation, l&rsquo;excellence scientifique, la recherche et la formation au sein de l&rsquo;universit\u00e9.<\/p>\n","protected":false},"excerpt":{"rendered":"<p>\u00c0 propos du bureau Le Bureau de la Coop\u00e9ration Internationale et Culturelle de l&rsquo;Universit\u00e9 de Sebha vise \u00e0 d\u00e9velopper des relations acad\u00e9miques et culturelles avec des universit\u00e9s et des centres de recherche de premier plan, \u00e0 travers des canaux officiels tels que des accords, des protocoles d&rsquo;accord et des partenariats. Ces initiatives visent \u00e0 promouvoir [&hellip;]<\/p>\n","protected":false},"author":1,"featured_media":0,"parent":0,"menu_order":0,"comment_status":"closed","ping_status":"closed","template":"","meta":{"_acf_changed":false,"_bbp_topic_count":0,"_bbp_reply_count":0,"_bbp_total_topic_count":0,"_bbp_total_reply_count":0,"_bbp_voice_count":0,"_bbp_anonymous_reply_count":0,"_bbp_topic_count_hidden":0,"_bbp_reply_count_hidden":0,"_bbp_forum_subforum_count":0,"_monsterinsights_skip_tracking":false,"_monsterinsights_sitenote_active":false,"_monsterinsights_sitenote_note":"","_monsterinsights_sitenote_category":0,"footnotes":""},"yst_prominent_words":[],"class_list":["post-3214","page","type-page","status-publish","hentry"],"acf":[],"_links":{"self":[{"href":"https:\/\/sebhau.edu.ly\/ico\/fr\/wp-json\/wp\/v2\/pages\/3214","targetHints":{"allow":["GET"]}}],"collection":[{"href":"https:\/\/sebhau.edu.ly\/ico\/fr\/wp-json\/wp\/v2\/pages"}],"about":[{"href":"https:\/\/sebhau.edu.ly\/ico\/fr\/wp-json\/wp\/v2\/types\/page"}],"author":[{"embeddable":true,"href":"https:\/\/sebhau.edu.ly\/ico\/fr\/wp-json\/wp\/v2\/users\/1"}],"replies":[{"embeddable":true,"href":"https:\/\/sebhau.edu.ly\/ico\/fr\/wp-json\/wp\/v2\/comments?post=3214"}],"version-history":[{"count":3,"href":"https:\/\/sebhau.edu.ly\/ico\/fr\/wp-json\/wp\/v2\/pages\/3214\/revisions"}],"predecessor-version":[{"id":3940,"href":"https:\/\/sebhau.edu.ly\/ico\/fr\/wp-json\/wp\/v2\/pages\/3214\/revisions\/3940"}],"wp:attachment":[{"href":"https:\/\/sebhau.edu.ly\/ico\/fr\/wp-json\/wp\/v2\/media?parent=3214"}],"wp:term":[{"taxonomy":"yst_prominent_words","embeddable":true,"href":"https:\/\/sebhau.edu.ly\/ico\/fr\/wp-json\/wp\/v2\/yst_prominent_words?post=3214"}],"curies":[{"name":"wp","href":"https:\/\/api.w.org\/{rel}","templated":true}]}}