{"id":3222,"date":"2019-08-24T14:54:11","date_gmt":"2019-08-24T12:54:11","guid":{"rendered":"https:\/\/sebhau.edu.ly\/ico\/office-manager-phrase\/"},"modified":"2024-05-14T17:19:09","modified_gmt":"2024-05-14T15:19:09","slug":"office-manager-phrase","status":"publish","type":"page","link":"https:\/\/sebhau.edu.ly\/ico\/fr\/office-manager-phrase\/","title":{"rendered":"Mot du directeur du bureau"},"content":{"rendered":"<section class=\"wpb-content-wrapper\"><p>[vc_row bg_type=\u00a0\u00bb\u00a0\u00bb dima_canvas_style=\u00a0\u00bb\u00a0\u00bb translate_x=\u00a0\u00bb0&Prime; dima_z_index=\u00a0\u00bb0&Prime; delay=\u00a0\u00bb\u00a0\u00bb delay_duration=\u00a0\u00bb\u00a0\u00bb delay_offset=\u00a0\u00bb\u00a0\u00bb top_and_bottom_padding=\u00a0\u00bb\u00a0\u00bb left_and_right_padding=\u00a0\u00bb\u00a0\u00bb][vc_column min_height=\u00a0\u00bb\u00a0\u00bb bg_type=\u00a0\u00bb\u00a0\u00bb dima_canvas_style=\u00a0\u00bb\u00a0\u00bb translate_x=\u00a0\u00bb0&Prime; dima_z_index=\u00a0\u00bb0&Prime; delay=\u00a0\u00bb\u00a0\u00bb delay_duration=\u00a0\u00bb\u00a0\u00bb delay_offset=\u00a0\u00bb\u00a0\u00bb top_and_bottom_padding=\u00a0\u00bb\u00a0\u00bb left_and_right_padding=\u00a0\u00bb\u00a0\u00bb width=\u00a0\u00bb1\/1&Prime;]<h3 style=\"text-align: center;\">Mot du directeur du bureau<\/h3>\n<p>Bonjour et bienvenue \u00e0 notre bureau de coop\u00e9ration culturelle et internationale.<\/p>\n<p>Les relations culturelles et la coop\u00e9ration internationale dans les universit\u00e9s ne sont plus simplement une option, mais sont devenues essentielles pour suivre et accompagner le d\u00e9veloppement rapide des institutions \u00e9ducatives similaires, notamment dans le domaine de la recherche scientifique et des programmes d&rsquo;\u00e9tudes sup\u00e9rieures. Cela am\u00e9liore la qualit\u00e9 de ces programmes et contribue ainsi \u00e0 permettre \u00e0 l&rsquo;universit\u00e9 d&rsquo;am\u00e9liorer son classement dans tout classement international bas\u00e9 sur des crit\u00e8res objectifs.<\/p>\n<p>Cordialement.<\/p>\n<h3 style=\"text-align: center;\">Abdelmoneim Saleh Abu Al-Niran<\/h3>\n<h3 style=\"text-align: center;\">Directeur du Bureau de la Coop\u00e9ration Culturelle et Internationale<\/h3>\n[\/vc_column][\/vc_row][vc_row bg_type=\u00a0\u00bb\u00a0\u00bb dima_canvas_style=\u00a0\u00bb\u00a0\u00bb translate_x=\u00a0\u00bb0&Prime; dima_z_index=\u00a0\u00bb0&Prime; delay=\u00a0\u00bb\u00a0\u00bb delay_duration=\u00a0\u00bb\u00a0\u00bb delay_offset=\u00a0\u00bb\u00a0\u00bb top_and_bottom_padding=\u00a0\u00bb\u00a0\u00bb left_and_right_padding=\u00a0\u00bb\u00a0\u00bb][vc_column min_height=\u00a0\u00bb\u00a0\u00bb bg_type=\u00a0\u00bb\u00a0\u00bb dima_canvas_style=\u00a0\u00bb\u00a0\u00bb translate_x=\u00a0\u00bb0&Prime; dima_z_index=\u00a0\u00bb0&Prime; delay=\u00a0\u00bb\u00a0\u00bb delay_duration=\u00a0\u00bb\u00a0\u00bb delay_offset=\u00a0\u00bb\u00a0\u00bb top_and_bottom_padding=\u00a0\u00bb\u00a0\u00bb left_and_right_padding=\u00a0\u00bb\u00a0\u00bb width=\u00a0\u00bb1\/1&Prime;]\n<div class=\"wpcf7 no-js\" id=\"wpcf7-f6-o1\" lang=\"ar\" dir=\"rtl\">\n<div class=\"screen-reader-response\"><p role=\"status\" aria-live=\"polite\" aria-atomic=\"true\"><\/p> <ul><\/ul><\/div>\n<form action=\"\/ico\/fr\/wp-json\/wp\/v2\/pages\/3222#wpcf7-f6-o1\" method=\"post\" class=\"wpcf7-form init\" aria-label=\"\u0646\u0645\u0648\u0630\u062c \u0627\u0644\u0627\u062a\u0635\u0627\u0644\" novalidate=\"novalidate\" data-status=\"init\">\n<div style=\"display: none;\">\n<input type=\"hidden\" name=\"_wpcf7\" value=\"6\" \/>\n<input type=\"hidden\" name=\"_wpcf7_version\" value=\"5.9.5\" \/>\n<input type=\"hidden\" name=\"_wpcf7_locale\" value=\"ar\" \/>\n<input type=\"hidden\" name=\"_wpcf7_unit_tag\" value=\"wpcf7-f6-o1\" \/>\n<input type=\"hidden\" name=\"_wpcf7_container_post\" value=\"0\" \/>\n<input type=\"hidden\" name=\"_wpcf7_posted_data_hash\" value=\"\" \/>\n<\/div>\n<div class=\"ok-row\">\n\t<div class=\"ok-md-4 ok-xsd-12   \">\n\t\t<p>\u0627\u0644\u0625\u0633\u0645 (required)\n\t\t<\/p>\n\t\t<p><span class=\"wpcf7-form-control-wrap\" data-name=\"your-name\"><input size=\"40\" class=\"wpcf7-form-control wpcf7-text wpcf7-validates-as-required\" aria-required=\"true\" aria-invalid=\"false\" value=\"\" type=\"text\" name=\"your-name\" \/><\/span>\n\t\t<\/p>\n\t<\/div>\n\t<div class=\"ok-md-4 ok-xsd-12   \">\n\t\t<p>\u0627\u0644\u0628\u0631\u064a\u062f \u0627\u0644\u0627\u0644\u0643\u062a\u0631\u0648\u0646\u064a (required)\n\t\t<\/p>\n\t\t<p><span class=\"wpcf7-form-control-wrap\" data-name=\"your-email\"><input size=\"40\" class=\"wpcf7-form-control wpcf7-email wpcf7-validates-as-required wpcf7-text wpcf7-validates-as-email\" aria-required=\"true\" aria-invalid=\"false\" value=\"\" type=\"email\" name=\"your-email\" \/><\/span>\n\t\t<\/p>\n\t<\/div>\n\t<div class=\"ok-md-4 ok-xsd-12   \">\n\t\t<p>\u0627\u0644\u0645\u0648\u0636\u0648\u0639\n\t\t<\/p>\n\t\t<p><span class=\"wpcf7-form-control-wrap\" data-name=\"your-subject\"><input size=\"40\" class=\"wpcf7-form-control wpcf7-text\" aria-invalid=\"false\" value=\"\" type=\"text\" name=\"your-subject\" \/><\/span>\n\t\t<\/p>\n\t<\/div>\n<\/div>\n<p>\u0627\u0644\u0646\u0635\n<\/p>\n<p><span class=\"wpcf7-form-control-wrap\" data-name=\"your-message\"><textarea cols=\"40\" rows=\"10\" class=\"wpcf7-form-control wpcf7-textarea\" aria-invalid=\"false\" name=\"your-message\"><\/textarea><\/span>\n<\/p>\n<p class=\"text-center\"><input class=\"wpcf7-form-control wpcf7-submit has-spinner dima-button di_green dima-btn-pill fill\" type=\"submit\" value=\"\u0623\u0631\u0633\u0644\" \/><\/p\n<\/p><p style=\"display: none !important;\" class=\"akismet-fields-container\" data-prefix=\"_wpcf7_ak_\"><label>&#916;<textarea name=\"_wpcf7_ak_hp_textarea\" cols=\"45\" rows=\"8\" maxlength=\"100\"><\/textarea><\/label><input type=\"hidden\" id=\"ak_js_1\" name=\"_wpcf7_ak_js\" value=\"30\"\/><script>document.getElementById( \"ak_js_1\" ).setAttribute( \"value\", ( new Date() ).getTime() );<\/script><\/p><div class=\"wpcf7-response-output\" aria-hidden=\"true\"><\/div>\n<\/form>\n<\/div>\n[\/vc_column][\/vc_row][vc_row bg_type=\u00a0\u00bb\u00a0\u00bb dima_canvas_style=\u00a0\u00bb\u00a0\u00bb translate_x=\u00a0\u00bb0&Prime; dima_z_index=\u00a0\u00bb0&Prime; delay=\u00a0\u00bb\u00a0\u00bb delay_duration=\u00a0\u00bb\u00a0\u00bb delay_offset=\u00a0\u00bb\u00a0\u00bb top_and_bottom_padding=\u00a0\u00bb\u00a0\u00bb left_and_right_padding=\u00a0\u00bb\u00a0\u00bb][vc_column min_height=\u00a0\u00bb\u00a0\u00bb bg_type=\u00a0\u00bb\u00a0\u00bb dima_canvas_style=\u00a0\u00bb\u00a0\u00bb translate_x=\u00a0\u00bb0&Prime; dima_z_index=\u00a0\u00bb0&Prime; delay=\u00a0\u00bb\u00a0\u00bb delay_duration=\u00a0\u00bb\u00a0\u00bb delay_offset=\u00a0\u00bb\u00a0\u00bb top_and_bottom_padding=\u00a0\u00bb\u00a0\u00bb left_and_right_padding=\u00a0\u00bb\u00a0\u00bb width=\u00a0\u00bb1\/1&Prime;]<div  class=\"social-media text-center\" ><div class=\"social-media dima-social-post social-medium\"><ul class=\"inline clearfix\"><li><a href=\"#share\" data-toggle=\"tooltip\" data-trigger=\"hover\" data-placement=\"bottom\"  title=\"Share on Facebook\" onclick=\"window.open('http:\/\/www.facebook.com\/sharer.php?u=https%3A%2F%2Fsebhau.edu.ly%2Fico%2Ffr%2Foffice-manager-phrase%2F&amp;t=Mot+du+directeur+du+bureau', 'popupFacebook', 'width=650, height=270, resizable=0, toolbar=0, menubar=0, status=0, location=0, scrollbars=0'); return false;\"><i class=\"fa-brands fa-facebook-f\"><\/i><\/a><\/li><li><a href=\"#share\" data-toggle=\"tooltip\" data-trigger=\"hover\" data-placement=\"bottom\"  title=\"Share on X (Twitter)\" onclick=\"window.open('https:\/\/twitter.com\/intent\/tweet?text=Mot+du+directeur+du+bureau&amp;url=https%3A%2F%2Fsebhau.edu.ly%2Fico%2Ffr%2Foffice-manager-phrase%2F', 'popupTwitter', 'width=500, height=370, resizable=0, toolbar=0, menubar=0, status=0, location=0, scrollbars=0'); return false;\"><i class=\"fa-brands fa-x-twitter\"><\/i><\/a><\/li><li><a href=\"#share\" data-toggle=\"tooltip\" data-trigger=\"hover\" data-placement=\"bottom\"  title=\"Share on LinkedIn\" onclick=\"window.open('http:\/\/www.linkedin.com\/shareArticle?mini=true&amp;url=https%3A%2F%2Fsebhau.edu.ly%2Fico%2Ffr%2Foffice-manager-phrase%2F&amp;title=Mot+du+directeur+du+bureau&amp;summary=%5Bvc_row+bg_type%3D%C2%A0%C2%BB%C2%A0%C2%BB+dima_canvas_style%3D%C2%A0%C2%BB%C2%A0%C2%BB+translate_x%3D%C2%A0%C2%BB0%26Prime%3B+dima_z_index%3D%C2%A0%C2%BB0%26Prime%3B+delay%3D%C2%A0%C2%BB%C2%A0%C2%BB+delay_duration%3D%C2%A0%C2%BB%C2%A0%C2%BB+delay_offset%3D%C2%A0%C2%BB%C2%A0%C2%BB+top_and_bottom_padding%3D%C2%A0%C2%BB%C2%A0%C2%BB+left_and_right_padding%3D%C2%A0%C2%BB%C2%A0%C2%BB%5D%5Bvc_column+min_height%3D%C2%A0%C2%BB%C2%A0%C2%BB+bg_type%3D%C2%A0%C2%BB%C2%A0%C2%BB+dima_canvas_style%3D%C2%A0%C2%BB%C2%A0%C2%BB+translate_x%3D%C2%A0%C2%BB0%26Prime%3B+dima_z_index%3D%C2%A0%C2%BB0%26Prime%3B+delay%3D%C2%A0%C2%BB%C2%A0%C2%BB+delay_duration%3D%C2%A0%C2%BB%C2%A0%C2%BB+delay_offset%3D%C2%A0%C2%BB%C2%A0%C2%BB+top_and_bottom_padding%3D%C2%A0%C2%BB%C2%A0%C2%BB+left_and_right_padding%3D%C2%A0%C2%BB%C2%A0%C2%BB+width%3D%C2%A0%C2%BB1%2F1%26Prime%3B%5D%5B%2Fvc_column%5D%5B%2Fvc_row%5D%5Bvc_row+bg_type%3D%C2%A0%C2%BB%C2%A0%C2%BB+dima_canvas_style%3D%C2%A0%C2%BB%C2%A0%C2%BB+translate_x%3D%C2%A0%C2%BB0%26Prime%3B+dima_z_index%3D%C2%A0%C2%BB0%26Prime%3B+delay%3D%C2%A0%C2%BB%C2%A0%C2%BB+delay_duration%3D%C2%A0%C2%BB%C2%A0%C2%BB+delay_offset%3D%C2%A0%C2%BB%C2%A0%C2%BB+top_and_bottom_padding%3D%C2%A0%C2%BB%C2%A0%C2%BB+left_and_right_padding%3D%C2%A0%C2%BB%C2%A0%C2%BB%5D%5Bvc_column+min_height%3D%C2%A0%C2%BB%C2%A0%C2%BB+bg_type%3D%C2%A0%C2%BB%C2%A0%C2%BB+dima_canvas_style%3D%C2%A0%C2%BB%C2%A0%C2%BB+translate_x%3D%C2%A0%C2%BB0%26Prime%3B+dima_z_index%3D%C2%A0%C2%BB0%26Prime%3B+delay%3D%C2%A0%C2%BB%C2%A0%C2%BB+delay_duration%3D%C2%A0%C2%BB%C2%A0%C2%BB+delay_offset%3D%C2%A0%C2%BB%C2%A0%C2%BB+top_and_bottom_padding%3D%C2%A0%C2%BB%C2%A0%C2%BB+left_and_right_padding%3D%C2%A0%C2%BB%C2%A0%C2%BB+width%3D%C2%A0%C2%BB1%2F1%26Prime%3B%5D%5B%2Fvc_column%5D%5B%2Fvc_row%5D%5Bvc_row+bg_type%3D%C2%A0%C2%BB%C2%A0%C2%BB+dima_canvas_style%3D%C2%A0%C2%BB%C2%A0%C2%BB+translate_x%3D%C2%A0%C2%BB0%26Prime%3B+dima_z_index%3D%C2%A0%C2%BB0%26Prime%3B+delay%3D%C2%A0%C2%BB%C2%A0%C2%BB+delay_duration%3D%C2%A0%C2%BB%C2%A0%C2%BB+delay_offset%3D%C2%A0%C2%BB%C2%A0%C2%BB+top_and_bottom_padding%3D%C2%A0%C2%BB%C2%A0%C2%BB+left_and_right_padding%3D%C2%A0%C2%BB%C2%A0%C2%BB%5D%5Bvc_column+min_height%3D%C2%A0%C2%BB%C2%A0%C2%BB+bg_type%3D%C2%A0%C2%BB%C2%A0%C2%BB+dima_canvas_style%3D%C2%A0%C2%BB%C2%A0%C2%BB+translate_x%3D%C2%A0%C2%BB0%26Prime%3B+dima_z_index%3D%C2%A0%C2%BB0%26Prime%3B+%5B%26hellip%3B%5D&amp;source=Bureau+de+la+coop%C3%A9ration+internationale+%7C+Universit%C3%A9+de+Sebha', 'popupLinkedIn', 'width=610, height=480, resizable=0, toolbar=0, menubar=0, status=0, location=0, scrollbars=0'); return false;\"><i class=\"fa-brands fa-linkedin\"><\/i><\/a><\/li><li><a href=\"mailto:?subject=Mot du directeur du bureau&amp;body=Hey, thought you might enjoy this! Check it out when you have a chance: https:\/\/sebhau.edu.ly\/ico\/fr\/office-manager-phrase\/\" data-toggle=\"tooltip\" data-trigger=\"hover\" data-placement=\"bottom\"  class=\"email\" title=\"Share via Email\"><span><i class=\"far fa-envelope\"><\/i><\/span><\/a><\/ul><\/div><\/div>[\/vc_column][\/vc_row]<\/p>\n<\/section>","protected":false},"excerpt":{"rendered":"<p>[vc_row bg_type=\u00a0\u00bb\u00a0\u00bb dima_canvas_style=\u00a0\u00bb\u00a0\u00bb translate_x=\u00a0\u00bb0&Prime; dima_z_index=\u00a0\u00bb0&Prime; delay=\u00a0\u00bb\u00a0\u00bb delay_duration=\u00a0\u00bb\u00a0\u00bb delay_offset=\u00a0\u00bb\u00a0\u00bb top_and_bottom_padding=\u00a0\u00bb\u00a0\u00bb left_and_right_padding=\u00a0\u00bb\u00a0\u00bb][vc_column min_height=\u00a0\u00bb\u00a0\u00bb bg_type=\u00a0\u00bb\u00a0\u00bb dima_canvas_style=\u00a0\u00bb\u00a0\u00bb translate_x=\u00a0\u00bb0&Prime; dima_z_index=\u00a0\u00bb0&Prime; delay=\u00a0\u00bb\u00a0\u00bb delay_duration=\u00a0\u00bb\u00a0\u00bb delay_offset=\u00a0\u00bb\u00a0\u00bb top_and_bottom_padding=\u00a0\u00bb\u00a0\u00bb left_and_right_padding=\u00a0\u00bb\u00a0\u00bb width=\u00a0\u00bb1\/1&Prime;][\/vc_column][\/vc_row][vc_row bg_type=\u00a0\u00bb\u00a0\u00bb dima_canvas_style=\u00a0\u00bb\u00a0\u00bb translate_x=\u00a0\u00bb0&Prime; dima_z_index=\u00a0\u00bb0&Prime; delay=\u00a0\u00bb\u00a0\u00bb delay_duration=\u00a0\u00bb\u00a0\u00bb delay_offset=\u00a0\u00bb\u00a0\u00bb top_and_bottom_padding=\u00a0\u00bb\u00a0\u00bb left_and_right_padding=\u00a0\u00bb\u00a0\u00bb][vc_column min_height=\u00a0\u00bb\u00a0\u00bb bg_type=\u00a0\u00bb\u00a0\u00bb dima_canvas_style=\u00a0\u00bb\u00a0\u00bb translate_x=\u00a0\u00bb0&Prime; dima_z_index=\u00a0\u00bb0&Prime; delay=\u00a0\u00bb\u00a0\u00bb delay_duration=\u00a0\u00bb\u00a0\u00bb delay_offset=\u00a0\u00bb\u00a0\u00bb top_and_bottom_padding=\u00a0\u00bb\u00a0\u00bb left_and_right_padding=\u00a0\u00bb\u00a0\u00bb width=\u00a0\u00bb1\/1&Prime;][\/vc_column][\/vc_row][vc_row bg_type=\u00a0\u00bb\u00a0\u00bb dima_canvas_style=\u00a0\u00bb\u00a0\u00bb translate_x=\u00a0\u00bb0&Prime; dima_z_index=\u00a0\u00bb0&Prime; delay=\u00a0\u00bb\u00a0\u00bb delay_duration=\u00a0\u00bb\u00a0\u00bb delay_offset=\u00a0\u00bb\u00a0\u00bb top_and_bottom_padding=\u00a0\u00bb\u00a0\u00bb left_and_right_padding=\u00a0\u00bb\u00a0\u00bb][vc_column min_height=\u00a0\u00bb\u00a0\u00bb bg_type=\u00a0\u00bb\u00a0\u00bb dima_canvas_style=\u00a0\u00bb\u00a0\u00bb translate_x=\u00a0\u00bb0&Prime; dima_z_index=\u00a0\u00bb0&Prime; [&hellip;]<\/p>\n","protected":false},"author":1,"featured_media":0,"parent":0,"menu_order":0,"comment_status":"closed","ping_status":"closed","template":"","meta":{"_acf_changed":false,"_bbp_topic_count":0,"_bbp_reply_count":0,"_bbp_total_topic_count":0,"_bbp_total_reply_count":0,"_bbp_voice_count":0,"_bbp_anonymous_reply_count":0,"_bbp_topic_count_hidden":0,"_bbp_reply_count_hidden":0,"_bbp_forum_subforum_count":0,"_monsterinsights_skip_tracking":false,"_monsterinsights_sitenote_active":false,"_monsterinsights_sitenote_note":"","_monsterinsights_sitenote_category":0,"footnotes":""},"yst_prominent_words":[],"class_list":["post-3222","page","type-page","status-publish","hentry"],"acf":[],"_links":{"self":[{"href":"https:\/\/sebhau.edu.ly\/ico\/fr\/wp-json\/wp\/v2\/pages\/3222","targetHints":{"allow":["GET"]}}],"collection":[{"href":"https:\/\/sebhau.edu.ly\/ico\/fr\/wp-json\/wp\/v2\/pages"}],"about":[{"href":"https:\/\/sebhau.edu.ly\/ico\/fr\/wp-json\/wp\/v2\/types\/page"}],"author":[{"embeddable":true,"href":"https:\/\/sebhau.edu.ly\/ico\/fr\/wp-json\/wp\/v2\/users\/1"}],"replies":[{"embeddable":true,"href":"https:\/\/sebhau.edu.ly\/ico\/fr\/wp-json\/wp\/v2\/comments?post=3222"}],"version-history":[{"count":3,"href":"https:\/\/sebhau.edu.ly\/ico\/fr\/wp-json\/wp\/v2\/pages\/3222\/revisions"}],"predecessor-version":[{"id":3937,"href":"https:\/\/sebhau.edu.ly\/ico\/fr\/wp-json\/wp\/v2\/pages\/3222\/revisions\/3937"}],"wp:attachment":[{"href":"https:\/\/sebhau.edu.ly\/ico\/fr\/wp-json\/wp\/v2\/media?parent=3222"}],"wp:term":[{"taxonomy":"yst_prominent_words","embeddable":true,"href":"https:\/\/sebhau.edu.ly\/ico\/fr\/wp-json\/wp\/v2\/yst_prominent_words?post=3222"}],"curies":[{"name":"wp","href":"https:\/\/api.w.org\/{rel}","templated":true}]}}