{"id":3234,"date":"2020-01-29T12:34:59","date_gmt":"2020-01-29T10:34:59","guid":{"rendered":"https:\/\/sebhau.edu.ly\/ico\/specializationstasks\/"},"modified":"2024-05-14T16:52:48","modified_gmt":"2024-05-14T14:52:48","slug":"specializationstasks","status":"publish","type":"page","link":"https:\/\/sebhau.edu.ly\/ico\/fr\/specializationstasks\/","title":{"rendered":"Les comp\u00e9tences et les t\u00e2ches"},"content":{"rendered":"<div class=\"col-xs-11 top\">\n<h3 style=\"text-align: center;\">Sp\u00e9cialit\u00e9s du bureau<\/h3>\n<ol>\n<li>Participer \u00e0 la pr\u00e9paration des accords culturels conclus par l&rsquo;universit\u00e9 avec d&rsquo;autres universit\u00e9s ou institutions scientifiques correspondante.<\/li>\n<li>Suivre l&rsquo;ex\u00e9cution des accords culturels et prendre les mesures n\u00e9cessaires \u00e0 cet effet, ainsi que pr\u00e9senter des rapports sur leurs r\u00e9sultats r\u00e9guli\u00e8rement.<\/li>\n<li>Pr\u00e9parer et organiser des conf\u00e9rences ou des s\u00e9minaires scientifiques organis\u00e9s par l&rsquo;universit\u00e9 ou auxquels elle participe, ou auxquels ses membres participent.<\/li>\n<li>Pr\u00e9parer des rapports de suivi p\u00e9riodiques et annuels sur les activit\u00e9s du bureau.<\/li>\n<li>Collecter des informations et des donn\u00e9es sur les organismes et les associations auxquels l&rsquo;universit\u00e9 participe, ainsi que sur ses membres.<\/li>\n<\/ol>\n<h3 style=\"text-align: center;\">T\u00e2ches du bureau<\/h3>\n<ol>\n<li>Pr\u00e9parer des protocoles d&rsquo;accord et des accords conclus par l&rsquo;universit\u00e9 avec ses homologues \u00e9trangers.<\/li>\n<li>Participer \u00e0 la gestion des programmes ex\u00e9cutifs des accords et des protocoles d&rsquo;accord sign\u00e9s entre l&rsquo;universit\u00e9 et ses homologues locaux et \u00e9trangers.<\/li>\n<li>Proposer des programmes et des moyens qui soutiennent la position r\u00e9gionale et internationale de l&rsquo;universit\u00e9.<\/li>\n<li>Pr\u00e9parer et coordonner les d\u00e9l\u00e9gations repr\u00e9sentant l&rsquo;universit\u00e9 lors de conf\u00e9rences internationales officielles avec des organes comp\u00e9tents r\u00e9gionaux et internationaux.<\/li>\n<li>Pr\u00e9parer les arrangements n\u00e9cessaires pour recevoir et accueillir les d\u00e9l\u00e9gations conform\u00e9ment aux diff\u00e9rents programmes de coop\u00e9ration.<\/li>\n<li>Coordonner et suivre toutes les proc\u00e9dures relatives aux affaires des \u00e9tudiants \u00e9trangers b\u00e9n\u00e9ficiant de bourses, de chaires ou de comptes sp\u00e9ciaux.<\/li>\n<li>G\u00e9rer et suivre les programmes des \u00e9tudiants \u00e9trangers envoy\u00e9s \u00e0 l&rsquo;\u00e9tranger dans le cadre d&rsquo;accords bilat\u00e9raux de l&rsquo;universit\u00e9 ou propos\u00e9s par le biais de programmes internationaux comp\u00e9titifs.<\/li>\n<li>Suivre les proc\u00e9dures li\u00e9es \u00e0 la v\u00e9rification de l&rsquo;authenticit\u00e9 des dipl\u00f4mes d\u00e9livr\u00e9s aux \u00e9tudiants \u00e9trangers ou d\u00e9livr\u00e9s par l&rsquo;universit\u00e9.<\/li>\n<li>Communiquer avec les organisations internationales et r\u00e9gionales concern\u00e9es par l&rsquo;universit\u00e9.<\/li>\n<li>Superviser les participations externes de l&rsquo;universit\u00e9 li\u00e9es \u00e0 diverses activit\u00e9s culturelles et scientifiques.<\/li>\n<\/ol>\n<\/div>\n","protected":false},"excerpt":{"rendered":"<p>Sp\u00e9cialit\u00e9s du bureau Participer \u00e0 la pr\u00e9paration des accords culturels conclus par l&rsquo;universit\u00e9 avec d&rsquo;autres universit\u00e9s ou institutions scientifiques correspondante. Suivre l&rsquo;ex\u00e9cution des accords culturels et prendre les mesures n\u00e9cessaires \u00e0 cet effet, ainsi que pr\u00e9senter des rapports sur leurs r\u00e9sultats r\u00e9guli\u00e8rement. Pr\u00e9parer et organiser des conf\u00e9rences ou des s\u00e9minaires scientifiques organis\u00e9s par l&rsquo;universit\u00e9 ou [&hellip;]<\/p>\n","protected":false},"author":1,"featured_media":0,"parent":0,"menu_order":0,"comment_status":"closed","ping_status":"closed","template":"","meta":{"_acf_changed":false,"_bbp_topic_count":0,"_bbp_reply_count":0,"_bbp_total_topic_count":0,"_bbp_total_reply_count":0,"_bbp_voice_count":0,"_bbp_anonymous_reply_count":0,"_bbp_topic_count_hidden":0,"_bbp_reply_count_hidden":0,"_bbp_forum_subforum_count":0,"_monsterinsights_skip_tracking":false,"_monsterinsights_sitenote_active":false,"_monsterinsights_sitenote_note":"","_monsterinsights_sitenote_category":0,"footnotes":""},"yst_prominent_words":[],"class_list":["post-3234","page","type-page","status-publish","hentry"],"acf":[],"_links":{"self":[{"href":"https:\/\/sebhau.edu.ly\/ico\/fr\/wp-json\/wp\/v2\/pages\/3234","targetHints":{"allow":["GET"]}}],"collection":[{"href":"https:\/\/sebhau.edu.ly\/ico\/fr\/wp-json\/wp\/v2\/pages"}],"about":[{"href":"https:\/\/sebhau.edu.ly\/ico\/fr\/wp-json\/wp\/v2\/types\/page"}],"author":[{"embeddable":true,"href":"https:\/\/sebhau.edu.ly\/ico\/fr\/wp-json\/wp\/v2\/users\/1"}],"replies":[{"embeddable":true,"href":"https:\/\/sebhau.edu.ly\/ico\/fr\/wp-json\/wp\/v2\/comments?post=3234"}],"version-history":[{"count":5,"href":"https:\/\/sebhau.edu.ly\/ico\/fr\/wp-json\/wp\/v2\/pages\/3234\/revisions"}],"predecessor-version":[{"id":3881,"href":"https:\/\/sebhau.edu.ly\/ico\/fr\/wp-json\/wp\/v2\/pages\/3234\/revisions\/3881"}],"wp:attachment":[{"href":"https:\/\/sebhau.edu.ly\/ico\/fr\/wp-json\/wp\/v2\/media?parent=3234"}],"wp:term":[{"taxonomy":"yst_prominent_words","embeddable":true,"href":"https:\/\/sebhau.edu.ly\/ico\/fr\/wp-json\/wp\/v2\/yst_prominent_words?post=3234"}],"curies":[{"name":"wp","href":"https:\/\/api.w.org\/{rel}","templated":true}]}}