{"id":3905,"date":"2023-05-07T17:13:52","date_gmt":"2023-05-07T15:13:52","guid":{"rendered":"https:\/\/sebhau.edu.ly\/ico\/gratowin-casino\/"},"modified":"2024-05-14T17:08:05","modified_gmt":"2024-05-14T15:08:05","slug":"gratowin-casino","status":"publish","type":"page","link":"https:\/\/sebhau.edu.ly\/ico\/fr\/gratowin-casino\/","title":{"rendered":"Gratowin Casino Recensione Italie"},"content":{"rendered":"<h1>Avis de Gratowin Casino<\/h1>\n<p>Veuillez noter que le montant d&rsquo;argent d\u00e9pens\u00e9 et le montant d&rsquo;argent sur votre site Web pourront d\u00e9terminer la taille de votre compte. Notre qu\u00eate surdou\u00e9e vous offre des r\u00e9compenses bonus. Un bonus du benvenuto estremamente sostanziale sar\u00e0 dato avoi se scribi subito. Faites cela, je joue qui a plus de menus impr\u00e9gn\u00e9s au casino Saranno informations sur une s\u00e9rie d&rsquo;offres ult\u00e9rieures int\u00e9ressantes. Cette socialisation avancera dans le jeu en ligne \u00e0 l&rsquo;avenir et se stabilisera au niveau standard pour l&rsquo;ann\u00e9e 2023. Tenet d&rsquo;Occhio <a href=\"https:\/\/casinononaams.it\/gratowin-casino\/\">Gratowin Casino avis<\/a> du moment qui sera sans doute double pour vous faire d\u00e9couvrir un nouveau sac \u00e0 main qui vous passionne.<\/p>\n<p>Oggi, ogni le casino de l&rsquo;affermazione qui est \u00ab\u00a0unique et transparent\u00a0\u00bb. Ce que c&rsquo;est en r\u00e9alit\u00e9 le cas de Gratowin ! Et avec \u00ab ce que vous pouvez acheter \u00bb d&rsquo;un parc de jeux, vous pouvez \u00e9lever votre site mobile jusqu&rsquo;\u00e0 un niveau compl\u00e8tement nouveau. Cette qu\u00eate est seule. La fonction gratuite est celle de tout appareil, si vous \u00eates \u00e0 la recherche d&rsquo;un casino sur iPad, jouez rapidement sur un t\u00e9l\u00e9phone Android ou devant un ordinateur, offrant une plateforme intelligente et conviviale.<\/p>\n<p><img decoding=\"async\" style=\"max-width: 100%; height: auto;\" src=\"https:\/\/cdn.pixabay.com\/photo\/2017\/04\/20\/18\/33\/roulette-2246562_960_720.jpg\" \/><\/p>\n<h2>Prime<\/h2>\n<p>Venez ici si vous avez une nouvelle place de jeu, GratoWin offre de nombreux nouveaux bonus du casino disponibles. J&rsquo;ai trouv\u00e9 sans doute quelqu&rsquo;un qui correspond \u00e0 votre style de jeu avec des incitations disponibles, comme des cadeaux gratuits, des parts de d\u00e9p\u00f4t et autres. D\u00e9couvrez les promotions et l&rsquo;offre qui est propos\u00e9e lorsque le prix reste sur la m\u00eame page qu&rsquo;un nouveau.<\/p>\n<p>Ils pr\u00e9sentent certains bonus et promotions qui peuvent \u00eatre enrichis au minimum en effectuant un d\u00e9p\u00f4t initial. De plus, pour avancer le bonus, je pourrai \u00e9conomiser de l&rsquo;argent et recevoir la r\u00e9compense. Cette cons\u00e9quence, initialement le richiedere un bonus, leggi attentamente i termini et les restrizioni del bonus.<\/p>\n<h3>Publier et proposer<\/h3>\n<p>GratoWin offre tous les prix et toutes les opportunit\u00e9s. Il est possible de l&rsquo;utiliser \u00e0 tout moment sans aucun casino en ligne pour de bon \u00e0 un moment de diversion. Il est tr\u00e8s important de pr\u00e9senter l&rsquo;offre pour que GratoWin se limite au repos et aux limites. Cependant, il est imp\u00e9ratif de pr\u00eater attention aux conditions du bonus avant d&rsquo;accepter tout ce qui est offert. Il est \u00e9galement possible \u00e0 l&rsquo;abbiano de supprimer le bruit du fond et celui-ci sera supprim\u00e9 dans un premier temps du fond et \u00e0 titre personnel.<\/p>\n<h3>Cadeau gratuit pour Gratowin<\/h3>\n<p>\u00cates-vous \u00e0 l&rsquo;aise, pouvez-vous trouver des tours gratuits Gratowin ? Donc, je mettrai la m\u00eame somme d\u2019argent pour que la masse re\u00e7oive un bonus ou un montant similaire. Cela doit inclure un composant r\u00e9gulier, une promo, un bonus ou un bonus. Contr\u00f4lez la vue panoramique dans la partie sup\u00e9rieure de cette page pour obtenir l&rsquo;ensemble complet des promotions et des bonus en cours avec mon tour. Coup franc pour permettre de tirer imm\u00e9diatement la route d&rsquo;une machine \u00e0 sous vid\u00e9o, mais il est important que ces restrictions viennent aux exigences de la prise en consid\u00e9ration. Contr\u00f4lez la campagne pour voir quel jeu vous collez \u00e0 ce jeu en g\u00e9n\u00e9ral en utilisant un emplacement d\u00e9termin\u00e9.<\/p>\n<h2>Offre pour plus d&rsquo;argent<\/h2>\n<p>C&rsquo;est bon. Si vous souhaitez d\u00e9m\u00e9nager dans un endroit stable, le plus important est la g\u00e9oco. Sarai in grado di prendere parte ad alcuni dei giochi plus recenti and alle loro diversi traditionali. En prenant la d\u00e9cision que vous souhaitez prendre, prenez-en soin, filtrez la classe rapidement et rapidement.<\/p>\n<p>La machine \u00e0 sous du casino et les trois jeux vont entrer dans une nouvelle \u00e8re, et Gratowin est l\u00e0 pour guider la transformation et \u00eatre le premier \u00e0 cr\u00e9er de nouveaux jeux et des exp\u00e9riences. La technologie la plus fine qui a \u00e9t\u00e9 r\u00e9alis\u00e9e r\u00e9cemment et qui utilise la derni\u00e8re technologie a \u00e9t\u00e9 install\u00e9e dans la derni\u00e8re technologie.<\/p>\n<p>Assurez-vous d&rsquo;avoir une offre de jeu future\u00a0! Beaucoup, c&rsquo;est une grande partie du monde. Je produis principalement des jeux via Microgaming, NetEnt, Play&rsquo;n GO et NextGen Gaming, y compris dans la s\u00e9lection de jeux de casino.<\/p>\n<p>\u00c0 Gratowin, c&rsquo;est une s\u00e9lection de jeux \u00e0 consid\u00e9rer. Maintenant, c&rsquo;est Gaming Innovation Group, la v\u00e9rit\u00e9 est qu&rsquo;elle ne peut pas se d\u00e9velopper comme un autre. Je suis principalement un d\u00e9veloppeur de jeux comme Microgaming, NetEnt, Play&rsquo;n GO et NextGen Gaming, que j&rsquo;ai introduit dans le casino. Vous pouvez profiter d&rsquo;une vaste s\u00e9lection de machines \u00e0 sous en ligne, comme Starburst, Gonzo&rsquo;s Quest et Mega Fortune. Les autres machines \u00e0 sous populaires incluent Twin Spin, Warlords et 7Sins. Si vous avez de l\u2019argent sur votre casino en direct, rendez-le simplement plus pratique. Jouez \u00e0 des jeux de blackjack comme le blackjack multi-mano et le blackjack professionnel. Diverses it\u00e9rations de roulette sont destin\u00e9es aux jeux de table am\u00e9lior\u00e9s. Celui-ci a acc\u00e8s au poker.<\/p>\n<h2>Paiement<\/h2>\n<p>GratoWin offre une gamme d&rsquo;options de paiement affidabili pour le d\u00e9p\u00f4t et la rapidit\u00e9 et la s\u00e9curit\u00e9 lors des op\u00e9rations bancaires. J&rsquo;ai acc\u00e8s \u00e0 une alternative via [Maestri, Visa, Casino Skrill, MasterCard et Neteller pour le transf\u00e9rer].<br \/>\nAfin d&rsquo;effectuer un d\u00e9p\u00f4t avec GratoWin, cliquez sur votre compte cash et cliquez sur celui que vous souhaitez enregistrer sur votre compte pour acc\u00e9der \u00e0 toutes les pages de la box. Tout d\u2019abord pour les articles import\u00e9s, veuillez choisir le coffre-fort pr\u00e9f\u00e9r\u00e9. Normalement, vous avez envie d&rsquo;avoir quelques secondes pour d\u00e9poser votre apparence sur le compte du jeu.<\/p>\n<p>Su GratoWin, j&rsquo;ai d\u00e9j\u00e0 une autre option similaire qui vous co\u00fbtera le prix le 17 avril 2017 et s\u00e9lectionnerez le forfait pr\u00e9f\u00e9r\u00e9. Ensuite, en ins\u00e9rant l&rsquo;importation du projet souhait\u00e9 et en confirmant la transaction, vous pr\u00e9senterez certaines m\u00e9thodes de projet qui pourraient enrichir plus rapidement la transaction.<\/p>\n<h2>Sicurezza et fiducia<\/h2>\n<p>GratoWin est en circulation depuis 2019 et a une dur\u00e9e de vie non not\u00e9e et ind\u00e9finie. Au milieu de la pi\u00e8ce, le soleil fait du bien et la chaleur dure \u00e0 une temp\u00e9rature tr\u00e8s stable en m\u00eame temps.<\/p>\n<p>Je n&rsquo;ai pas encore essay\u00e9 de trouver GratoWin dans un casino en ligne affidabile. Parce que pour la vaste s\u00e9lection de GratoWin des options de d\u00e9p\u00f4t, une vaste s\u00e9lection de jeux et une solide r\u00e9putation, vous pouvez vous g\u00e9olocaliser avec confiance.<\/p>\n<h3>S\u00e9curit\u00e9<\/h3>\n<p>Le contr\u00f4le pr\u00e9c\u00e9dent dans GratoWin est la s\u00e9curit\u00e9zza et la s\u00e9curit\u00e9zza. Le casino peut accueillir des joueurs de tout le monde poich\u00e9 est autoris\u00e9 et gouvern\u00e9. Pour prot\u00e9ger la s\u00e9curit\u00e9 int\u00e9rieure de vos informations personnelles et financi\u00e8res, le site Web utilise le script SSL.<\/p>\n<h3>Jeu discr\u00e9tionnaire<\/h3>\n<p>Cela est d\u00fb \u00e0 la n\u00e9cessit\u00e9 de r\u00e9pondre aux messages suivants et de cliquer sur le bouton Gagner. Parce que j&rsquo;utilise le contr\u00f4le giocatori et les meilleures performances du gioco, il est hors option de s\u00e9curit\u00e9 du gioco, vous pouvez donc \u00eatre rassur\u00e9 et le d\u00e9poser au moment de la session. Si l&rsquo;appareil est install\u00e9 sur d&rsquo;autres appareils, cela supprimera tous les probl\u00e8mes n\u00e9cessaires de la zone \u00e0 probl\u00e8me.<\/p>\n<p>Une offre de prix pour gagner plus d&rsquo;un casino en ligne. Pour l&rsquo;instant disponible en ligne, GratoWin propose un large \u00e9ventail d&rsquo;options, en passant par les machines \u00e0 sous, le Blackjack, le Baccarat, la Roulette, le Poker et bien d&rsquo;autres options. Un nouveau du casino divertenti, GratoWin \u00e8 fondato nel 2019. GratoWin Mira est une solution stable et fiable pour le r\u00e9seau avec une qualit\u00e9 sup\u00e9rieure et un support client efficace. Pr\u00e9parez le point de d\u00e9part avec le montant d&rsquo;argent que vous souhaitez voir \u00e0 travers la zone peupl\u00e9e. Un nouveau venu entre dans le casino.<\/p>\n<h3>Site web<\/h3>\n<p>Un GratoWin, la cr\u00e9ation d&rsquo;un compte dans un processus similaire. Visitez le site GratoWin et terminez le processus d&rsquo;inscription qui est ins\u00e9r\u00e9 et les donn\u00e9es n\u00e9cessaires. Une fois que le compte est actif, effectuez un d\u00e9p\u00f4t minimum et s\u00e9lectionnez la vaste s\u00e9lection de jeux.<\/p>\n<p><img decoding=\"async\" style=\"max-width: 100%; height: auto;\" src=\"https:\/\/cdn.pixabay.com\/photo\/2014\/12\/14\/19\/37\/map-568197_960_720.jpg\" \/><\/p>\n<h2>Conseils et m\u00e9thodes<\/h2>\n<p>Metti semper de parte el soldi prima di participer a des jeux avec veri veri GratoWin. Si vous avez besoin de plus d&rsquo;informations, veuillez envoyer un message. En fin de compte, mais non moins important, vous devez perdre la pers\u00e9cution.<\/p>\n<p>Avant de prendre soin des d\u00e9veloppeurs de jeux, d\u00e9cidez de la qualit\u00e9 des jeux pour la place du jeu. Choisissez toujours des jeux pour un entrepreneur affidabile avec de nombreuses \u00e9valuations des utilisateurs et une solide r\u00e9putation dans le monde. Une place pour le jeu d&rsquo;azzardo en ligne s&rsquo;offre \u00e0 vous parmi une large s\u00e9lection de jeux, y compris l&#8217;emplacement du jeu qui pr\u00e9f\u00e8re le plus r\u00e9cent. Il est possible d\u2019avoir une fantastique opportunit\u00e9 de jouer au poker, au blackjack, \u00e0 la roulette, au baccara et aux machines \u00e0 sous.<\/p>\n","protected":false},"excerpt":{"rendered":"<p>Avis de Gratowin Casino Veuillez noter que le montant d&rsquo;argent d\u00e9pens\u00e9 et le montant d&rsquo;argent sur votre site Web pourront d\u00e9terminer la taille de votre compte. Notre qu\u00eate surdou\u00e9e vous offre des r\u00e9compenses bonus. Un bonus du benvenuto estremamente sostanziale sar\u00e0 dato avoi se scribi subito. Faites cela, je joue qui a plus de menus [&hellip;]<\/p>\n","protected":false},"author":1,"featured_media":0,"parent":0,"menu_order":0,"comment_status":"closed","ping_status":"closed","template":"","meta":{"_acf_changed":false,"_bbp_topic_count":0,"_bbp_reply_count":0,"_bbp_total_topic_count":0,"_bbp_total_reply_count":0,"_bbp_voice_count":0,"_bbp_anonymous_reply_count":0,"_bbp_topic_count_hidden":0,"_bbp_reply_count_hidden":0,"_bbp_forum_subforum_count":0,"_monsterinsights_skip_tracking":false,"_monsterinsights_sitenote_active":false,"_monsterinsights_sitenote_note":"","_monsterinsights_sitenote_category":0,"footnotes":""},"yst_prominent_words":[],"class_list":["post-3905","page","type-page","status-publish","hentry"],"acf":[],"_links":{"self":[{"href":"https:\/\/sebhau.edu.ly\/ico\/fr\/wp-json\/wp\/v2\/pages\/3905","targetHints":{"allow":["GET"]}}],"collection":[{"href":"https:\/\/sebhau.edu.ly\/ico\/fr\/wp-json\/wp\/v2\/pages"}],"about":[{"href":"https:\/\/sebhau.edu.ly\/ico\/fr\/wp-json\/wp\/v2\/types\/page"}],"author":[{"embeddable":true,"href":"https:\/\/sebhau.edu.ly\/ico\/fr\/wp-json\/wp\/v2\/users\/1"}],"replies":[{"embeddable":true,"href":"https:\/\/sebhau.edu.ly\/ico\/fr\/wp-json\/wp\/v2\/comments?post=3905"}],"version-history":[{"count":2,"href":"https:\/\/sebhau.edu.ly\/ico\/fr\/wp-json\/wp\/v2\/pages\/3905\/revisions"}],"predecessor-version":[{"id":3930,"href":"https:\/\/sebhau.edu.ly\/ico\/fr\/wp-json\/wp\/v2\/pages\/3905\/revisions\/3930"}],"wp:attachment":[{"href":"https:\/\/sebhau.edu.ly\/ico\/fr\/wp-json\/wp\/v2\/media?parent=3905"}],"wp:term":[{"taxonomy":"yst_prominent_words","embeddable":true,"href":"https:\/\/sebhau.edu.ly\/ico\/fr\/wp-json\/wp\/v2\/yst_prominent_words?post=3905"}],"curies":[{"name":"wp","href":"https:\/\/api.w.org\/{rel}","templated":true}]}}