{"id":3906,"date":"2023-05-07T17:11:27","date_gmt":"2023-05-07T15:11:27","guid":{"rendered":"https:\/\/sebhau.edu.ly\/ico\/gaming-club-casino-review\/"},"modified":"2024-05-14T17:08:14","modified_gmt":"2024-05-14T15:08:14","slug":"gaming-club-casino-review","status":"publish","type":"page","link":"https:\/\/sebhau.edu.ly\/ico\/fr\/gaming-club-casino-review\/","title":{"rendered":"Revue du casino Gaming Club Nouvelle-Z\u00e9lande"},"content":{"rendered":"<h1>Casino Club De Jeu Avis<\/h1>\n<p>C&rsquo;est peut-\u00eatre difficile \u00e0 imaginer, mais le Gaming Club Casino a \u00e9t\u00e9 fond\u00e9 en 1994, juste au moment o\u00f9 l&rsquo;industrie du jeu en ligne commen\u00e7ait tout juste. En r\u00e9alit\u00e9, selon cette <a href=\"https:\/\/exycasinos.co.nz\/real-money-casinos\/gaming-club-casino\/\">revue du casino Gaming Club<\/a> , il fait partie des premiers casinos en ligne qui aient jamais exist\u00e9.<\/p>\n<p>Ce bon casino n\u2019est cependant clairement pas un retour en arri\u00e8re. Cela n&rsquo;aurait pas dur\u00e9 aussi longtemps si c&rsquo;\u00e9tait le cas. Microgaming, qui a \u00e9galement \u00e9t\u00e9 cr\u00e9\u00e9e en 1994 et est actuellement l&rsquo;une des plus grandes soci\u00e9t\u00e9s de logiciels au monde, alimente Gaming Club Casino. Le logiciel du Gaming Club est r\u00e9guli\u00e8rement mis \u00e0 jour avec les d\u00e9veloppements les plus r\u00e9cents de la technologie des casinos en ligne. Sa s\u00e9lection de jeux, que vous pr\u00e9f\u00e9riez les machines \u00e0 sous ou les jeux de table, vous impressionnera. Vous serez captiv\u00e9 par votre \u00e9cran pendant des heures gr\u00e2ce aux visuels, animations et effets sonores contemporains.<\/p>\n<p><img decoding=\"async\" style=\"max-width: 100%; height: auto;\" src=\"https:\/\/cdn.pixabay.com\/photo\/2015\/07\/10\/11\/11\/luck-839036_960_720.jpg\" \/><\/p>\n<p>Pour faire simple, le logiciel utilis\u00e9 par Gaming Club est \u00e9quivalent \u00e0 celui de n\u2019importe quel casino en ligne actuel. Cependant, il pr\u00e9sente un net avantage gr\u00e2ce \u00e0 ses ann\u00e9es d\u2019exp\u00e9rience et \u00e0 sa compr\u00e9hension de ce que veulent les joueurs. Digimedia poss\u00e8de et exploite le casino, et l&rsquo;Autorit\u00e9 des loteries et des jeux de Malte lui a accord\u00e9 une licence. De plus, le casino a re\u00e7u l&rsquo;approbation eCogra et est conforme aux normes europ\u00e9ennes de jeu de casino en ligne.<\/p>\n<p>Malheureusement, Gaming Club n\u2019accepte aucun joueur des \u00c9tats-Unis. Cependant, les joueurs d&rsquo;autres nations sont les bienvenus. Vous \u00eates au bon endroit si vous recherchez un casino en ligne s\u00fbr, s\u00e9curis\u00e9 et \u00e9quitable avec une tonne de jeux et des ann\u00e9es d&rsquo;exp\u00e9rience.<\/p>\n<h2>Vari\u00e9t\u00e9 de jeu<\/h2>\n<h3>Logiciel<\/h3>\n<p>Microgaming alimente le club de jeu. M\u00eame si le programme existe depuis un certain temps, les utilisateurs et les critiques continuent de se r\u00e9jouir de son excellence et de sa polyvalence. Auparavant, Microgaming \u00e9tait le seul fournisseur de logiciels ; Maintenant, il y en a beaucoup. Gr\u00e2ce \u00e0 des mises \u00e0 niveau et des am\u00e9liorations continues, Microgaming a pu maintenir sa position comme l&rsquo;un des meilleurs d\u00e9veloppeurs de logiciels. Le logiciel le plus convivial et le plus avanc\u00e9 est fourni par Microgaming \u00e0 certains des plus grands casinos en ligne du monde. M\u00eame les joueurs les plus exigeants trouveront leur bonheur dans les jeux.<\/p>\n<p>Gaming Club Casino est accessible de trois mani\u00e8res diff\u00e9rentes. T\u00e9l\u00e9chargez d&rsquo;abord le programme informatique, qui vous donne acc\u00e8s \u00e0 plus de 600 jeux. Deuxi\u00e8mement, utilisez n&rsquo;importe quel navigateur dot\u00e9 de la plateforme de jeu rapide Flash pour acc\u00e9der \u00e0 plus de 250 jeux. Enfin, acc\u00e9dez \u00e0 plus de 60 jeux sur votre appareil mobile pour l&rsquo;exp\u00e9rience la plus pratique et la plus pratique \u00e0 ce jour. Tous les jeux mobiles peuvent \u00eatre jou\u00e9s avec de l&rsquo;argent r\u00e9el ou gratuitement et sont optimis\u00e9s pour les appareils Android, iOS et Blackberry. Les m\u00eames promotions, bonus et jackpots progressifs sont disponibles pour les joueurs mobiles et pour les joueurs sur ordinateur.<\/p>\n<h3>De nombreux jeux<\/h3>\n<p>La s\u00e9lection de jeux au Gaming Club est excellente. Prendre une d\u00e9cision sera un d\u00e9fi avec tant de possibilit\u00e9s. Cependant, vous ne serez jamais \u00e0 court de jeux \u00e0 jouer, c&rsquo;est certain.<\/p>\n<p>Les amateurs de machines \u00e0 sous auront du mal \u00e0 trouver un casino en ligne proposant une s\u00e9lection de jeux meilleure ou plus grande. Choisissez simplement ceux qui vous conviennent le mieux. Des machines \u00e0 sous classiques \u00e0 3 rouleaux ou \u00e0 fruits et des machines \u00e0 sous vid\u00e9o passionnantes \u00e0 5 rouleaux avec de nombreuses lignes de paiement et des extras contemporains sont disponibles. Certains de vos favoris seront l\u00e0, notamment Tomb Raider, Dark Knight et Hellboy. Chaque mois, Microgaming publie de nouveaux jeux que vous pourrez essayer. Essayez les machines \u00e0 sous en ligne m\u00e9ga-spins si vous avez besoin de plus d&rsquo;un jeu pour vous occuper. Il existe des jeux suppl\u00e9mentaires avec des jackpots progressifs. Gr\u00e2ce au r\u00e9seau de jackpots multi-casino de Microgaming, vous pouvez anticiper des jackpots qui changeront votre vie.<\/p>\n<p>Bien s\u00fbr, il existe d\u2019autres options en dehors des seules machines \u00e0 sous, comme les jeux de table et le vid\u00e9o poker. Il existe plus de 40 variantes diff\u00e9rentes de blackjack, y compris les jeux \u00e0 plusieurs mains et \u00e0 enjeux \u00e9lev\u00e9s. De plus, la roulette europ\u00e9enne a de meilleures cotes et un seul z\u00e9ro, contrairement aux deux z\u00e9ros de la roulette am\u00e9ricaine. Un autre jeu de table populaire s&rsquo;appelle la Roulette Royale.<\/p>\n<p>Les jeux de roulette, de blackjack et de baccara en direct am\u00e9lioreront votre jeu de table. Vous pouvez interagir avec le croupier et les autres joueurs tout en regardant les cartes distribu\u00e9es ou la roue tournante gr\u00e2ce \u00e0 la technologie avanc\u00e9e de streaming vid\u00e9o. Cela garantit une v\u00e9ritable exp\u00e9rience de casino dans le confort de votre maison.<\/p>\n<p>La seule chose dont nous devons nous plaindre est le manque d\u2019informations concernant les variantes de jeux disponibles, notamment le blackjack. Vous devez d\u2019abord conna\u00eetre l\u2019approche et les principes fondamentaux si vous souhaitez am\u00e9liorer vos chances de r\u00e9ussite.<\/p>\n<h2>Fair-play et s\u00e9curit\u00e9<\/h2>\n<p>Une plateforme s\u00fbre et s\u00e9curis\u00e9e avec des jeux \u00e9quitables est quelque chose que Gaming Club prend tr\u00e8s au s\u00e9rieux. Elle poss\u00e8de une licence de l&rsquo;UE et de la Lotteries and Gaming Authority de Malte, deux organisations connues pour leurs r\u00e9glementations strictes. Il est crucial que le g\u00e9n\u00e9rateur de nombres al\u00e9atoires du casino soit fiable et impartial. De plus, eCogra a test\u00e9 et certifi\u00e9 tous les jeux comme \u00e9quitables, et le site Web met \u00e0 jour ses rapports sur une base mensuelle. Un pourcentage de paiement remarquable de 96,79 % a \u00e9t\u00e9 rapport\u00e9 dans une \u00e9tude r\u00e9cente. Au vu des options de jeu, c&rsquo;est vraiment plut\u00f4t apaisant. Ainsi, quel que soit le jeu auquel vous choisissez de jouer, les chances sont de votre c\u00f4t\u00e9.<\/p>\n<p>Gaming Club propose des services bancaires simples, s\u00fbrs et pratiques. Remplissez plusieurs options de paiement pour recharger votre compte en EUR, USD ou GBP. Vous pouvez retirer en utilisant la majorit\u00e9 des m\u00e9thodes de d\u00e9p\u00f4t. Le d\u00e9lai normal de traitement des retraits est de 48 heures. Cependant, les VIP re\u00e7oivent leur argent encore plus rapidement. Le fait que vos informations soient s\u00e9curis\u00e9es gr\u00e2ce au cryptage de pointe du casino est le facteur le plus important.<\/p>\n<p>De plus, Playcheck vous permet de consulter ou de v\u00e9rifier votre historique de jeu. La fonction Historique des transactions vous permet de suivre vos transactions. Vous pouvez \u00e9galement fixer un plafond de d\u00e9p\u00f4t.<\/p>\n<h2>R\u00e9compenses et service client<\/h2>\n<h3>Bonus de voeux<\/h3>\n<p>Gaming Club offre un excellent bonus de bienvenue, similaire \u00e0 la majorit\u00e9 des casinos en ligne. Pour \u00eatre vraiment honn\u00eate, 350 $ n\u2019est pas le meilleur, mais ce n\u2019est pas non plus le pire. Cela devrait suffire \u00e0 vous lancer.<\/p>\n<p>L&rsquo;incitation est r\u00e9partie sur deux d\u00e9p\u00f4ts. Vous recevez un bonus de 100 % jusqu&rsquo;\u00e0 200 $ sur votre d\u00e9p\u00f4t initial. Vous recevez un bonus de 150 % sur votre deuxi\u00e8me pari, jusqu&rsquo;\u00e0 150 $. Vous devez d\u00e9poser 300 $ pour recevoir le bonus complet de 350 $. Vous pouvez toujours r\u00e9aliser un investissement inf\u00e9rieur et accepter une incitation moindre si vous le souhaitez. Quoi qu\u2019il en soit, vous devez effectuer les deux d\u00e9p\u00f4ts dans les sept premiers jours apr\u00e8s avoir jou\u00e9 au casino.<\/p>\n<p>\u00c0 50 fois le bonus, les conditions de mise sont \u00e9lev\u00e9es. Cependant, contrairement \u00e0 la plupart des casinos, ce mode de jeu ne s&rsquo;applique qu&rsquo;au bonus et non au d\u00e9p\u00f4t. Vous pouvez conserver vos gains, votre d\u00e9p\u00f4t et votre bonus si vous remplissez les crit\u00e8res.<\/p>\n<p>Les machines \u00e0 sous (y compris les machines \u00e0 sous progressives), les cartes \u00e0 gratter et le keno comptent tous \u00e0 100 % dans les conditions de mise. Le reste apporte peu ou pas de contribution. Pour donner un exemple, le baccara, la roulette, le poker de table et le craps n&rsquo;y contribuent pas du tout, mais le blackjack (en dehors du blackjack de base) et le vid\u00e9o poker le font. Afin d\u2019augmenter votre bankroll pour jouer aux machines \u00e0 sous et augmenter vos chances de gagner gros, il est donc recommand\u00e9 de d\u00e9penser votre bonus de bienvenue.<\/p>\n<p><img decoding=\"async\" style=\"max-width: 100%; height: auto;\" src=\"https:\/\/cdn.pixabay.com\/photo\/2016\/03\/17\/23\/09\/poker-1264076_960_720.jpg\" \/><\/p>\n<h3>Programme de fid\u00e9lit\u00e9<\/h3>\n<p>La majorit\u00e9 des casinos sont conscients que les incitations continues sont ce qui attire les clients. Chaque fois que vous jouez sur Gaming Club, vous obtenez des points de fid\u00e9lit\u00e9 qui pourront ensuite \u00eatre utilis\u00e9s contre du cashback.<\/p>\n<p>Il n&rsquo;y a pas beaucoup de d\u00e9tails sur le site Web concernant ce \u00e0 quoi les participants suppl\u00e9mentaires peuvent s&rsquo;attendre, mais toutes les indications laissent pr\u00e9sager des prix importants. Il existe par exemple des promotions quotidiennes, hebdomadaires et mensuelles. Cela inclut tout, depuis l&rsquo;argent liquide, les tours gratuits et les cr\u00e9dits de casino jusqu&rsquo;aux appareils \u00e9lectroniques, aux voyages raffin\u00e9s et aux croisi\u00e8res 5 \u00e9toiles en guise de r\u00e9compenses de comp\u00e9tition. Vous serez averti par e-mail si vous \u00eates \u00e9ligible aux bonus de match en milieu de semaine et le week-end. Consultez fr\u00e9quemment le site Web car des tournois de blackjack ainsi que des freerolls de machines \u00e0 sous quotidiens sont fr\u00e9quemment organis\u00e9s.<\/p>\n<p>Les membres VIP re\u00e7oivent un h\u00f4te VIP d\u00e9di\u00e9, plus de tours gratuits, de bonus et de cr\u00e9dits, ainsi que des retraits plus rapides, un acc\u00e8s \u00e0 certaines promotions uniquement et d&rsquo;autres avantages exclusifs.<\/p>\n<h2>R\u00e9sum\u00e9<\/h2>\n<p>En raison de son absence au Royaume-Uni, Gaming Club Casino a chut\u00e9 dans le classement. De plus, il y a certaines choses que le site Web ne pr\u00e9cise pas. M\u00eame si nous pensions que c&rsquo;\u00e9tait un bon casino, ce n&rsquo;\u00e9tait pas le meilleur.<\/p>\n<p>De nombreux joueurs aiment jouer aux nombreux jeux Microgaming. Il existe \u00e9galement deux incitations bienvenues disponibles pour les nouveaux utilisateurs, bien qu&rsquo;elles soient largement limit\u00e9es aux machines \u00e0 sous. Ainsi, Gaming Club pourrait vous convenir si vous souhaitez jouer avec d\u00e9sinvolture tout en ayant des options.<\/p>\n","protected":false},"excerpt":{"rendered":"<p>Casino Club De Jeu Avis C&rsquo;est peut-\u00eatre difficile \u00e0 imaginer, mais le Gaming Club Casino a \u00e9t\u00e9 fond\u00e9 en 1994, juste au moment o\u00f9 l&rsquo;industrie du jeu en ligne commen\u00e7ait tout juste. En r\u00e9alit\u00e9, selon cette revue du casino Gaming Club , il fait partie des premiers casinos en ligne qui aient jamais exist\u00e9. Ce [&hellip;]<\/p>\n","protected":false},"author":1,"featured_media":0,"parent":0,"menu_order":0,"comment_status":"closed","ping_status":"closed","template":"","meta":{"_acf_changed":false,"_bbp_topic_count":0,"_bbp_reply_count":0,"_bbp_total_topic_count":0,"_bbp_total_reply_count":0,"_bbp_voice_count":0,"_bbp_anonymous_reply_count":0,"_bbp_topic_count_hidden":0,"_bbp_reply_count_hidden":0,"_bbp_forum_subforum_count":0,"_monsterinsights_skip_tracking":false,"_monsterinsights_sitenote_active":false,"_monsterinsights_sitenote_note":"","_monsterinsights_sitenote_category":0,"footnotes":""},"yst_prominent_words":[],"class_list":["post-3906","page","type-page","status-publish","hentry"],"acf":[],"_links":{"self":[{"href":"https:\/\/sebhau.edu.ly\/ico\/fr\/wp-json\/wp\/v2\/pages\/3906","targetHints":{"allow":["GET"]}}],"collection":[{"href":"https:\/\/sebhau.edu.ly\/ico\/fr\/wp-json\/wp\/v2\/pages"}],"about":[{"href":"https:\/\/sebhau.edu.ly\/ico\/fr\/wp-json\/wp\/v2\/types\/page"}],"author":[{"embeddable":true,"href":"https:\/\/sebhau.edu.ly\/ico\/fr\/wp-json\/wp\/v2\/users\/1"}],"replies":[{"embeddable":true,"href":"https:\/\/sebhau.edu.ly\/ico\/fr\/wp-json\/wp\/v2\/comments?post=3906"}],"version-history":[{"count":2,"href":"https:\/\/sebhau.edu.ly\/ico\/fr\/wp-json\/wp\/v2\/pages\/3906\/revisions"}],"predecessor-version":[{"id":3931,"href":"https:\/\/sebhau.edu.ly\/ico\/fr\/wp-json\/wp\/v2\/pages\/3906\/revisions\/3931"}],"wp:attachment":[{"href":"https:\/\/sebhau.edu.ly\/ico\/fr\/wp-json\/wp\/v2\/media?parent=3906"}],"wp:term":[{"taxonomy":"yst_prominent_words","embeddable":true,"href":"https:\/\/sebhau.edu.ly\/ico\/fr\/wp-json\/wp\/v2\/yst_prominent_words?post=3906"}],"curies":[{"name":"wp","href":"https:\/\/api.w.org\/{rel}","templated":true}]}}