{"id":3907,"date":"2023-05-07T17:17:16","date_gmt":"2023-05-07T15:17:16","guid":{"rendered":"https:\/\/sebhau.edu.ly\/ico\/captain-marlin-casino-review\/"},"modified":"2024-05-14T17:06:51","modified_gmt":"2024-05-14T15:06:51","slug":"captain-marlin-casino-review","status":"publish","type":"page","link":"https:\/\/sebhau.edu.ly\/ico\/fr\/captain-marlin-casino-review\/","title":{"rendered":"Revue du casino Captain Marlin au Royaume-Uni"},"content":{"rendered":"<h1>Analyse du casino Captain Marlin<\/h1>\n<p>Captain Marlin Casino est un tout nouveau joueur dans l&rsquo;espace eGaming qui a fait ses d\u00e9buts en 2021 et propose des jeux et des promotions que vous devriez certainement consulter. Deux parties qui attirent imm\u00e9diatement l&rsquo;attention sont les batailles et la bo\u00eete \u00e0 prix. En regardant autour de vous, vous d\u00e9couvrirez une vari\u00e9t\u00e9 de comp\u00e9titions auxquelles vous pourrez participer en jouant \u00e0 vos jeux de casino pr\u00e9f\u00e9r\u00e9s &#8211; et gagner de somptueux prix !<\/p>\n<p>Il n\u2019y a pas de longues proc\u00e9dures d\u2019enregistrement ; inscrivez-vous simplement imm\u00e9diatement et commencez \u00e0 jouer aux jeux que vous souhaitez. Vous avez \u00e9galement le temps de regarder autour de vous, mais n&rsquo;oubliez pas d&rsquo;effectuer votre d\u00e9p\u00f4t initial et d&rsquo;activer votre bonus de bienvenue. Il y en a un, et il est vraiment gros. Lisez cette <a href=\"https:\/\/casinonongamstop.com\/real-money-casinos\/captain-marlin-casino\/\">revue du casino Captain Marlin<\/a> pour voir comment un h\u00f4te de jeu souhaite vous donner une formidable longueur d&rsquo;avance.<\/p>\n<p><img decoding=\"async\" src=\"https:\/\/cdn.pixabay.com\/photo\/2018\/06\/22\/17\/54\/casino-3491252_960_720.jpg\" style=\"max-width: 100%; height: auto;\"><\/p>\n<h2>Bonus au Captain Marlin Casino<\/h2>\n<p>Le Capitaine Marlin vous offre un formidable bonus de bienvenue de 475&nbsp;%&nbsp;! Ce bonus peut \u00eatre utilis\u00e9 sur vos trois premiers bonus, chacun ayant des conditions et des multiplicit\u00e9s uniques. De plus, ils ont une condition de mise de 40x, une mise maximale de 2 euros et une p\u00e9riode d&rsquo;activation de 7 jours.<\/p>\n<p>Vous pourrez r\u00e9clamer votre prix apr\u00e8s votre inscription d\u00e8s que vous effectuerez un premier d\u00e9p\u00f4t d&rsquo;au moins 40 euros. Vos b\u00e9n\u00e9fices jusqu&rsquo;\u00e0 1000 euros seront multipli\u00e9s par 200% pour vous. Une fois votre deuxi\u00e8me d\u00e9p\u00f4t effectu\u00e9, qui doit \u00eatre de 100 euros, le suivant devient disponible. Pour les victoires jusqu&rsquo;au m\u00eame niveau que la pr\u00e9c\u00e9dente, vous recevez un bonus de 150 %.<\/p>\n<p>Enfin et surtout, vous devez effectuer le troisi\u00e8me d\u00e9p\u00f4t n\u00e9cessaire de 200 euros pour passer au troisi\u00e8me tour. Il y a un bonus de 125 %. Pour tirer le meilleur parti de cette incitation bienvenue, assurez-vous de consulter toutes les informations et tous les crit\u00e8res. Cela vous aidera \u00e0 prendre un bon d\u00e9part lorsque vous jouerez \u00e0 vos jeux de casino pr\u00e9f\u00e9r\u00e9s.<\/p>\n<h2>Jeux de casino<\/h2>\n<p>La vari\u00e9t\u00e9 de machines \u00e0 sous est large et abondante, ce qui en fait le menu le plus complet de ce casino en ligne. Il existe plusieurs jeux auxquels jouer et diff\u00e9rents types de machines \u00e0 sous que vous pouvez essayer ou appr\u00e9cier. Il existe pr\u00e8s de 50 fournisseurs de jeux de machines \u00e0 sous diff\u00e9rents pr\u00e9sent\u00e9s ici, notamment Spinmatic, EA Gaming, EvoPlay, Betsoft, Booongo, Novomatic et Netent. Il existe environ 500 jeux diff\u00e9rents parmi lesquels choisir en termes de quantit\u00e9. Des jeux proposant des jackpots et des super jackpots sont \u00e9galement inclus, dont certains d\u00e9passent les 300 000 euros !<\/p>\n<p>Les machines \u00e0 sous sur lesquelles nous souhaitons attirer l&rsquo;attention sont Sugar Pop, Viking&rsquo;s Gods Gold, 15 Dragon Pearls : Tenez et gagnez, et 243 fruits de cristal. Bien s\u00fbr, il existe des machines \u00e0 sous bien connues comme Fruit Zen, Book of Ra, Book of Riches Deluxe et bien d&rsquo;autres.<\/p>\n<h3>De nombreux jeux de table de casino alternatifs<\/h3>\n<p>Vous devez jouer sur un casino en ligne proposant une vari\u00e9t\u00e9 de jeux de table. Les h\u00e9bergeurs d&rsquo;aujourd&rsquo;hui n\u00e9gligent cet aspect de leur offre, malgr\u00e9 le fait que de nombreux joueurs pr\u00e9f\u00e8rent encore les jeux de cartes, la roulette et d&rsquo;autres offres de casino traditionnelles. En parlant de roulette, ce site Web propose au moins 10 vari\u00e9t\u00e9s distinctes auxquelles vous pouvez jouer. Certaines des variantes de roulette auxquelles vous \u00eates habitu\u00e9 sont am\u00e9ricaines, fran\u00e7aises et europ\u00e9ennes. Cependant, vous pouvez jouer \u00e0 la Leander Roulette, \u00e0 la 300 Carat Roulette, \u00e0 la Golden Chip Roulette et \u00e0 la VIP Roulette ici.<\/p>\n<p>Il existe d\u2019innombrables vari\u00e9t\u00e9s de blackjack, de baccara et de poker. Il est recommand\u00e9 de tester vous-m\u00eame les jeux de stars du casino car il existe de nombreuses options parmi lesquelles choisir. Nos suggestions incontournables incluent Baccarat Supreme, Blackjack Vegas Strip et Poker 7 Joker Wild K.<\/p>\n<h3>S\u00e9lection exceptionnelle de jeux de table de casino en direct<\/h3>\n<p>Ce casino en ligne propose un fantastique m\u00e9lange de programmes de casino en direct gr\u00e2ce aux jeux fournis par Vivo Gaming, Absolute Live Gaming, Fazi, TV Bet et quelques autres d\u00e9veloppeurs. Vous aimeriez jouer \u00e0 l\u2019un ou l\u2019autre des jeux en raison du degr\u00e9 acceptable de diversit\u00e9 et des formidables croupiers. Vous serez occup\u00e9 avec Wheels of Fortune, Keno, Baccarat, Blackjack, Roulette, Poker et trois jeux Dragon Tiger. Absolute White Roulette, Spin2Wheels, Casino Texas Hold&rsquo;Em, Triple Crown et Mega 7 sont les jeux auxquels nous avons le plus aim\u00e9 jouer. Nous ne pouvons qu&rsquo;esp\u00e9rer que les jeux de casino en direct d&rsquo;Evolution Gaming seront finalement publi\u00e9s sans les limitations de Gamstop.<\/p>\n<h3>Jeux inclus avec les sp\u00e9cialit\u00e9s<\/h3>\n<p>L&rsquo;option \u00ab Autres jeux \u00bb propose une s\u00e9lection d&rsquo;une cinquantaine de mini-jeux. Plusieurs jeux sont disponibles pour remplir vos poches si vous appr\u00e9ciez ces forfaits brefs et divertissants qui peuvent vous rapporter de l&rsquo;argent. Il existe des jeux auxquels vous pouvez jouer dans tous les genres, notamment le scratch, le keno, le bingo et le Plinko. Nos favoris, Let&rsquo;s Shoot, Burning Pearl Bingo, Space Cate et Signs of Fortune, figuraient tous sur la liste. Profitez de jouer \u00e0 des jeux comme Just a Bingo, Mafia, Neon Jungle Scratch, Four Aces, Secret Cupcakes et bien d&rsquo;autres.<\/p>\n<h2>Bancaire: Options de retraits et de d\u00e9p\u00f4ts<\/h2>\n<p>Vous disposez d&rsquo;un nombre limit\u00e9 d&rsquo;alternatives de paiement en fonction de vos pr\u00e9f\u00e9rences et de votre zone. En ce qui concerne les portefeuilles \u00e9lectroniques avec Bitcoin, les options incluent Visa, Mastercard, Perfect Money, Skrill et Neteller. Vous pouvez \u00eatre s\u00fbr que Captain Marlin Casino accepte les crypto-monnaies pour cette raison. Le d\u00e9p\u00f4t ou retrait minimum est de 20 euros, ou l&rsquo;\u00e9quivalent dans une autre devise. Selon le type de paiement, le d\u00e9lai de traitement d&rsquo;une transaction peut varier de un \u00e0 cinq jours ouvrables.<\/p>\n<p>Quand on y r\u00e9fl\u00e9chit, cela est avantageux pour tous les joueurs, en particulier pour les experts et ceux qui veulent gagner de gros jackpots. Au Captain Marlin Casino, vous pouvez vous concentrer uniquement sur votre jeu et y exceller.<\/p>\n<p><img decoding=\"async\" src=\"https:\/\/cdn.pixabay.com\/photo\/2014\/12\/14\/19\/36\/cube-568191_960_720.jpg\" style=\"max-width: 100%; height: auto;\"><\/p>\n<h2>Une excellente exp\u00e9rience utilisateur dans l\u2019ensemble<\/h2>\n<p>Les bons h\u00e9bergeurs de jeux sont lou\u00e9s pour bien plus que leurs m\u00e9thodes de paiement et leur s\u00e9lection de jeux. Le degr\u00e9 d&rsquo;assistance compte \u00e9videmment beaucoup et le personnel du capitaine Marlin est exceptionnel. Le casino propose des e-mails et un chat rapide pour le service client. Vous n&rsquo;avez pas \u00e0 vous soucier de pouvoir utiliser d&rsquo;autres appareils pour visiter notre casino en ligne&nbsp;; Vous le pouvez, et vous vivrez \u00e9galement une excellente exp\u00e9rience.<\/p>\n<p>Vous pouvez jouer exactement comme vous le feriez sur un ordinateur de bureau sans avoir besoin de logiciel suppl\u00e9mentaire. Vous pouvez facilement utiliser votre t\u00e9l\u00e9phone pour retirer de l&rsquo;argent et obtenir de l&rsquo;aide. C&rsquo;est tellement plus simple car chaque slot dispose d&rsquo;un mode d\u00e9mo. Vous pouvez vous entra\u00eener \u00e0 jouer avant de jouer avec de l&rsquo;argent r\u00e9el si vous vous sentez chanceux.<\/p>\n<h2>Conclusion<\/h2>\n<p>Captain Marlin Casino devrait \u00eatre votre prochaine escale si vous recherchez un casino en ligne 2021. Une combinaison r\u00e9ussie pour chaque joueur de casino est constitu\u00e9e de plusieurs opportunit\u00e9s de gagner des limites importantes et accommodantes et une grande vari\u00e9t\u00e9 de jeux. Le bonus de bienvenue de 3 000 euros fait incontestablement bonne premi\u00e8re impression.<\/p>\n<p>De plus, le plan de paiement est id\u00e9al pour les joueurs qui souhaitent gagner de grosses sommes d&rsquo;argent et qui n&rsquo;ont aucune difficult\u00e9 \u00e0 les transf\u00e9rer rapidement et en toute s\u00e9curit\u00e9 sur leurs comptes. Dans l\u2019ensemble, ce nouvel h\u00e9bergeur de jeux semble \u00eatre plus que bienvenu, et nous vous invitons \u00e0 tester nos affirmations en visitant vous-m\u00eame le site.<\/p>\n<p>Pour ceux qui cherchent des moyens de se d\u00e9placer dans Gamstop, Captain Marlin Casino est une option fantastique pour un casino en ligne. Si, apr\u00e8s la fin de votre p\u00e9riode d&rsquo;auto-exclusion, vous ne parvenez pas \u00e0 mettre fin \u00e0 Gamstop. Les joueurs des casinos non-Gamstop recommandent particuli\u00e8rement Captain Marlin.<\/p>\n","protected":false},"excerpt":{"rendered":"<p>Analyse du casino Captain Marlin Captain Marlin Casino est un tout nouveau joueur dans l&rsquo;espace eGaming qui a fait ses d\u00e9buts en 2021 et propose des jeux et des promotions que vous devriez certainement consulter. Deux parties qui attirent imm\u00e9diatement l&rsquo;attention sont les batailles et la bo\u00eete \u00e0 prix. En regardant autour de vous, vous [&hellip;]<\/p>\n","protected":false},"author":1,"featured_media":0,"parent":0,"menu_order":0,"comment_status":"closed","ping_status":"closed","template":"","meta":{"_acf_changed":false,"_bbp_topic_count":0,"_bbp_reply_count":0,"_bbp_total_topic_count":0,"_bbp_total_reply_count":0,"_bbp_voice_count":0,"_bbp_anonymous_reply_count":0,"_bbp_topic_count_hidden":0,"_bbp_reply_count_hidden":0,"_bbp_forum_subforum_count":0,"_monsterinsights_skip_tracking":false,"_monsterinsights_sitenote_active":false,"_monsterinsights_sitenote_note":"","_monsterinsights_sitenote_category":0,"footnotes":""},"yst_prominent_words":[],"class_list":["post-3907","page","type-page","status-publish","hentry"],"acf":[],"_links":{"self":[{"href":"https:\/\/sebhau.edu.ly\/ico\/fr\/wp-json\/wp\/v2\/pages\/3907","targetHints":{"allow":["GET"]}}],"collection":[{"href":"https:\/\/sebhau.edu.ly\/ico\/fr\/wp-json\/wp\/v2\/pages"}],"about":[{"href":"https:\/\/sebhau.edu.ly\/ico\/fr\/wp-json\/wp\/v2\/types\/page"}],"author":[{"embeddable":true,"href":"https:\/\/sebhau.edu.ly\/ico\/fr\/wp-json\/wp\/v2\/users\/1"}],"replies":[{"embeddable":true,"href":"https:\/\/sebhau.edu.ly\/ico\/fr\/wp-json\/wp\/v2\/comments?post=3907"}],"version-history":[{"count":1,"href":"https:\/\/sebhau.edu.ly\/ico\/fr\/wp-json\/wp\/v2\/pages\/3907\/revisions"}],"predecessor-version":[{"id":3924,"href":"https:\/\/sebhau.edu.ly\/ico\/fr\/wp-json\/wp\/v2\/pages\/3907\/revisions\/3924"}],"wp:attachment":[{"href":"https:\/\/sebhau.edu.ly\/ico\/fr\/wp-json\/wp\/v2\/media?parent=3907"}],"wp:term":[{"taxonomy":"yst_prominent_words","embeddable":true,"href":"https:\/\/sebhau.edu.ly\/ico\/fr\/wp-json\/wp\/v2\/yst_prominent_words?post=3907"}],"curies":[{"name":"wp","href":"https:\/\/api.w.org\/{rel}","templated":true}]}}