{"id":3908,"date":"2023-05-07T17:15:28","date_gmt":"2023-05-07T15:15:28","guid":{"rendered":"https:\/\/sebhau.edu.ly\/ico\/real-money-casinos\/"},"modified":"2024-05-14T17:06:58","modified_gmt":"2024-05-14T15:06:58","slug":"real-money-casinos","status":"publish","type":"page","link":"https:\/\/sebhau.edu.ly\/ico\/fr\/real-money-casinos\/","title":{"rendered":"Meilleurs casinos en ligne en argent r\u00e9el au Canada"},"content":{"rendered":"<h1>Casinos en argent r\u00e9el pour les Canadiens<\/h1>\n<p>\u00cates-vous \u00e0 la recherche des meilleurs casinos canadiens acceptant l\u2019argent r\u00e9el ? Nous avons compil\u00e9 toutes les informations dont vous aurez besoin pour choisir les casinos canadiens, y compris les meilleurs sites de casino \u00e0 retrait rapide. Il existe de nombreuses plateformes de casinos en ligne en argent r\u00e9el au Canada. Depuis que la l\u00e9gislation autorisant les \u00c9tats \u00e0 mettre en \u0153uvre leurs propres r\u00e8gles de jeu en ligne a \u00e9t\u00e9 approuv\u00e9e en 2014, <a href=\"https:\/\/casinomech.net\/real-money-casinos\/\">les casinos en argent r\u00e9el<\/a> ont explos\u00e9 au Canada.<\/p>\n<p>Il peut \u00eatre difficile de d\u00e9cider quel casino visiter au Canada car il y en a tellement. Heureusement pour vous, notre \u00e9quipe d&rsquo;experts vous a fourni des conseils auxquels vous pouvez faire confiance pour simplifier le jeu.<\/p>\n<p>Les casinos qui seraient accessibles au public devraient souvent s&rsquo;inscrire aupr\u00e8s de l&rsquo;autorit\u00e9 des jeux de hasard de la province locale. La Commission de l&rsquo;alcool et du jeu de l&rsquo;Ontario est une importante entreprise de jeu au Canada. Ses fonctions consistent principalement \u00e0 assurer la fiabilit\u00e9 et la fiabilit\u00e9 des casinos qui servent les int\u00e9r\u00eats des Ontariens. Nous avons d\u00e9ploy\u00e9 beaucoup d&rsquo;efforts pour couvrir tout ce que vous devez savoir sur les sites de casino en ligne canadiens en argent r\u00e9el.<\/p>\n<h2>Comment s\u00e9lectionner un casino en ligne en argent r\u00e9el ?<\/h2>\n<p>Tous les casinos en ligne ne m\u00e9ritent pas votre confiance. Certaines entreprises sont dirig\u00e9es par des escrocs dont le seul objectif est de voler votre argent. Avant de choisir le casino \u00e0 visiter, vous devez faire quelques \u00e9tudes pr\u00e9alables.<\/p>\n<p>La licence du casino peut \u00eatre le facteur le plus crucial \u00e0 prendre en compte au moment de d\u00e9cider o\u00f9 jouer. Pour d\u00e9terminer s\u2019il est s\u00e9curitaire de faire confiance \u00e0 un casino et si vous devez d\u00e9poser de l\u2019argent sur les sites Web, vous avez simplement besoin de licences de commissions reconnues.<\/p>\n<p>Deux licences populaires \u00e0 surveiller sont un certificat d&rsquo;enregistrement de la Commission des alcools et des jeux de l&rsquo;Ontario et un de la Commission des jeux de Kahnawake.<\/p>\n<p><img decoding=\"async\" src=\"https:\/\/cdn.pixabay.com\/photo\/2020\/04\/05\/08\/31\/axes-5005086_960_720.jpg\" style=\"max-width: 100%; height: auto;\"><\/p>\n<p>Les meilleures soci\u00e9t\u00e9s de casino en ligne canadiennes en argent r\u00e9el offrent les d\u00e9lais de retrait les plus rapides. La m\u00e9thode de traitement des paiements que vous choisissez d\u00e9termine en grande partie le temps n\u00e9cessaire pour retirer votre argent. \u00c9vitez les \u00e9tablissements de jeux de hasard qui acceptent un large \u00e9ventail de portefeuilles \u00e9lectroniques, de crypto-monnaies et d&rsquo;autres options de paiement pour les retraits.<\/p>\n<p>Le meilleur d\u00e9lai pour traiter les paiements se situe entre un et deux jours ouvrables. Cependant, les d\u00e9lais de traitement de trois jours dans les casinos sont assez courants. M\u00eame s\u2019ils restent dans des param\u00e8tres acceptables, les casinos avec des d\u00e9lais de traitement de trois jours doivent \u00eatre \u00e9vit\u00e9s.<\/p>\n<p>Selon le mode de paiement que vous avez choisi, vous devrez peut-\u00eatre payer des frais de transaction. Les meilleures m\u00e9thodes de paiement \u00e0 faible co\u00fbt pour les Canadiens sont sans aucun doute iDebit, InstaDebit et Interac.<\/p>\n<p>Votre casino en ligne en argent r\u00e9el canadien id\u00e9al autoriserait une vari\u00e9t\u00e9 de m\u00e9thodes et de restrictions de retrait. En g\u00e9n\u00e9ral, des restrictions de retrait mensuelles sont impos\u00e9es. La majorit\u00e9 des casinos estiment que le leur s&rsquo;\u00e9l\u00e8ve \u00e0 environ 10 000 $.<\/p>\n<h2>Meilleurs casinos pour de l&rsquo;argent r\u00e9el<\/h2>\n<h3>Tour de casino<\/h3>\n<p>Spin Casino a \u00e9t\u00e9 cr\u00e9\u00e9 en 2001 et d\u00e9tient des licences de la Malta Gaming Authority ainsi que de la Kahnawake Gaming Commission. Il fait partie de l&rsquo;un des cinq consortiums de casinos d\u00e9tenus et g\u00e9r\u00e9s par Palace Group. Les 600 jeux de sa biblioth\u00e8que sont tous aliment\u00e9s uniquement par Microgaming. Evolution cr\u00e9e les jeux avec croupier en direct. Il existe plusieurs options de retrait disponibles sur The Spin Casino, notamment VISA, Neteller, Skrill, NeoSurf, eCheck, et bien plus encore.<\/p>\n<h3>Ville de jackpot<\/h3>\n<p>Un autre casino g\u00e9r\u00e9 par Palace Group est Jackpot City. Le bonus de bienvenue de 1&nbsp;600&nbsp;$CAN sur JackpotCity est un gros tirage au sort pour les joueurs. \u00c0 70x, l\u2019exigence de location est trop \u00e9lev\u00e9e. Gr\u00e2ce \u00e0 la vitesse de paiement de 24 heures, vos gains seront trait\u00e9s pour paiement dans le jour ouvrable suivant votre commande.<\/p>\n<h3>ZodiacBet<\/h3>\n<p>Le Zodiac Casino, fond\u00e9 en 2001, est d\u00e9tenu et exploit\u00e9 par Fresh Horizons Ltd. La Malta Gaming Authority et la United Kingdom Gambling Commission ont toutes deux accord\u00e9 une licence \u00e0 Zodiac. Toutes les demandes d&rsquo;indemnisation sont adress\u00e9es \u00e0 Zodiac dans un d\u00e9lai de 48 heures. Zodiac propose des virements bancaires, des cartes de cr\u00e9dit\/d\u00e9bit et des portefeuilles \u00e9lectroniques comme m\u00e9thodes de paiement. Les portefeuilles \u00e9lectroniques, qui ne prennent que 24 \u00e0 72 heures, sont de loin les plus rapides.<\/p>\n<h3>Billy Roi<\/h3>\n<p>Avec une licence de l&rsquo;Autorit\u00e9 de r\u00e9gulation des jeux \u00e9lectroniques de Cura\u00e7ao, King Billy a \u00e9t\u00e9 cr\u00e9\u00e9 en 2017. Le casino a conclu des accords de partenariat avec divers fournisseurs de jeux, notamment Big Time Gaming, Amatic Industries et d&rsquo;autres. Le temps n\u00e9cessaire pour effectuer votre paiement d\u00e9pendra du montant que vous souhaitez retirer. \u00c9tant donn\u00e9 que King Billy accepte les crypto-monnaies, vous pouvez effectuer vos paiements plus rapidement que dans les autres casinos de notre liste.<\/p>\n<h3>L\u00e9on Vegas<\/h3>\n<p>LeoVegas, qui propose 950 jeux et un taux de redistribution moyen de 96 %, est sans aucun doute l&rsquo;un des meilleurs casinos en ligne en argent r\u00e9el que le Canada puisse offrir. LeoVegas est en possession d&rsquo;une licence de la United Kingdom Gambling Commission. Parmi les entreprises partenaires de LeoVegas figurent Microgaming, IGT, Cryptologic, Play&rsquo;n GO et NetEnt.<\/p>\n<h2>Options bancaires<\/h2>\n<p>Pour placer efficacement des paris en argent r\u00e9el, vous aurez besoin d\u2019un moyen d\u2019ajouter des fonds \u00e0 votre portefeuille de jeu et de retirer vos b\u00e9n\u00e9fices. Heureusement, vous pouvez g\u00e9n\u00e9ralement utiliser diverses m\u00e9thodes de paiement dans les casinos en ligne pour effectuer vos transactions. L&rsquo;utilisation de ces m\u00e9thodes de paiement est sans risque et s\u00fbre. Ils sont con\u00e7us avec diverses pr\u00e9cautions de cybers\u00e9curit\u00e9, notamment l&rsquo;anonymisation, la tokenisation, le cryptage, etc., pour s\u00e9curiser les informations sensibles des clients.<\/p>\n<p>De mani\u00e8re g\u00e9n\u00e9rale, choisir un casino proposant une gamme d\u2019options de paiement est une bonne id\u00e9e. Avant de s\u00e9lectionner l\u2019option qui r\u00e9pond le mieux \u00e0 vos besoins, vous pouvez comparer et \u00e9valuer les prix de retrait et les d\u00e9lais de transaction. Les acheteurs en ligne du Canada peuvent payer avec iDebit, InstaDebit et Interac.<\/p>\n<p>En termes de frais de transaction et de d\u00e9lais de retrait, ils offrent g\u00e9n\u00e9ralement aux joueurs canadiens le meilleur rapport qualit\u00e9-prix. Les cartes de cr\u00e9dit\/d\u00e9bit, les virements \u00e9lectroniques, les coupons, les portefeuilles \u00e9lectroniques et les crypto-monnaies sont d&rsquo;autres options de paiement courantes.<\/p>\n<p><img decoding=\"async\" src=\"https:\/\/cdn.pixabay.com\/photo\/2015\/07\/10\/11\/11\/luck-839036_960_720.jpg\" style=\"max-width: 100%; height: auto;\"><\/p>\n<h2>Conclusion<\/h2>\n<p>Avec autant de casinos disponibles en ligne, il est important de savoir comment distinguer les casinos l\u00e9gitimes des casinos louches. Qu&rsquo;un casino canadien ait ou non une licence est le principal facteur \u00e0 prendre en compte dans votre compte avant d&rsquo;y jouer en argent r\u00e9el. Deux commissions de jeu canadiennes renomm\u00e9es \u00e0 surveiller sont la Commission des jeux de Kahnawake et la Commission des alcools et des jeux de l&rsquo;Ontario. Lors de la s\u00e9lection d&rsquo;un casino, vous devez \u00e9galement tenir compte de l&rsquo;ampleur de ses offres de bonus, de son optimisation pour les mobiles, de la gamme de jeux qu&rsquo;il propose et de l&rsquo;organisme de r\u00e9glementation qui lui a accord\u00e9 une licence.<\/p>\n<p>En plus des bonus de bienvenue, les joueurs des casinos canadiens en argent r\u00e9el peuvent \u00e9galement recevoir des remises en argent, des bonus de recharge et des prix de fid\u00e9lit\u00e9. En pla\u00e7ant plus de paris et en accumulant plus de points de casino, vous pouvez gravir les \u00e9chelons VIP du casino. Les gains incluent des gestionnaires de comptes personnels, des cycles de paiement plus rapides, des limites de transaction plus \u00e9lev\u00e9es et d&rsquo;autres avantages. Il est conseill\u00e9 de revoir les termes et conditions avant de r\u00e9clamer un bonus de casino. Vous pouvez \u00e9viter d\u2019\u00eatre oblig\u00e9 par des conditions de bonus cens\u00e9es vous tromper de cette mani\u00e8re.<\/p>\n","protected":false},"excerpt":{"rendered":"<p>Casinos en argent r\u00e9el pour les Canadiens \u00cates-vous \u00e0 la recherche des meilleurs casinos canadiens acceptant l\u2019argent r\u00e9el ? Nous avons compil\u00e9 toutes les informations dont vous aurez besoin pour choisir les casinos canadiens, y compris les meilleurs sites de casino \u00e0 retrait rapide. Il existe de nombreuses plateformes de casinos en ligne en argent [&hellip;]<\/p>\n","protected":false},"author":1,"featured_media":0,"parent":0,"menu_order":0,"comment_status":"closed","ping_status":"closed","template":"","meta":{"_acf_changed":false,"_bbp_topic_count":0,"_bbp_reply_count":0,"_bbp_total_topic_count":0,"_bbp_total_reply_count":0,"_bbp_voice_count":0,"_bbp_anonymous_reply_count":0,"_bbp_topic_count_hidden":0,"_bbp_reply_count_hidden":0,"_bbp_forum_subforum_count":0,"_monsterinsights_skip_tracking":false,"_monsterinsights_sitenote_active":false,"_monsterinsights_sitenote_note":"","_monsterinsights_sitenote_category":0,"footnotes":""},"yst_prominent_words":[],"class_list":["post-3908","page","type-page","status-publish","hentry"],"acf":[],"_links":{"self":[{"href":"https:\/\/sebhau.edu.ly\/ico\/fr\/wp-json\/wp\/v2\/pages\/3908","targetHints":{"allow":["GET"]}}],"collection":[{"href":"https:\/\/sebhau.edu.ly\/ico\/fr\/wp-json\/wp\/v2\/pages"}],"about":[{"href":"https:\/\/sebhau.edu.ly\/ico\/fr\/wp-json\/wp\/v2\/types\/page"}],"author":[{"embeddable":true,"href":"https:\/\/sebhau.edu.ly\/ico\/fr\/wp-json\/wp\/v2\/users\/1"}],"replies":[{"embeddable":true,"href":"https:\/\/sebhau.edu.ly\/ico\/fr\/wp-json\/wp\/v2\/comments?post=3908"}],"version-history":[{"count":1,"href":"https:\/\/sebhau.edu.ly\/ico\/fr\/wp-json\/wp\/v2\/pages\/3908\/revisions"}],"predecessor-version":[{"id":3927,"href":"https:\/\/sebhau.edu.ly\/ico\/fr\/wp-json\/wp\/v2\/pages\/3908\/revisions\/3927"}],"wp:attachment":[{"href":"https:\/\/sebhau.edu.ly\/ico\/fr\/wp-json\/wp\/v2\/media?parent=3908"}],"wp:term":[{"taxonomy":"yst_prominent_words","embeddable":true,"href":"https:\/\/sebhau.edu.ly\/ico\/fr\/wp-json\/wp\/v2\/yst_prominent_words?post=3908"}],"curies":[{"name":"wp","href":"https:\/\/api.w.org\/{rel}","templated":true}]}}