{"id":3914,"date":"2023-05-07T17:06:15","date_gmt":"2023-05-07T15:06:15","guid":{"rendered":"https:\/\/sebhau.edu.ly\/ico\/revue-de-stay-casino-australie\/"},"modified":"2024-05-14T17:07:17","modified_gmt":"2024-05-14T15:07:17","slug":"revue-de-stay-casino-australie","status":"publish","type":"page","link":"https:\/\/sebhau.edu.ly\/ico\/fr\/revue-de-stay-casino-australie\/","title":{"rendered":"Revue de Stay Casino Australie"},"content":{"rendered":"<h1>Examen de Stay Casino<\/h1>\n<p>L&rsquo;un des sites de jeux les plus passionnants, Stay Casino propose aux joueurs de fantastiques jeux de casino en ligne. Le casino pr\u00e9sente de nombreux avantages et est distinct et simple. Vous apprendrez des d\u00e9tails qui vous permettront de d\u00e9cider si le Stay Casino vaut la peine en lisant notre \u00e9valuation approfondie de celui-ci. Il y aura \u00e9galement une \u00e9valuation et des suggestions \u00e9quitables du casino \u00e0 la fin de cette <a href=\"https:\/\/fancasinos.com\/real-money-casinos\/stay-casino\/\">revue de Stay Casino<\/a> . Assurez-vous donc de lire attentivement cet article du d\u00e9but \u00e0 la fin.<\/p>\n<h2>Interface<\/h2>\n<p>Le site Web du casino a une apparence distincte et une ex\u00e9cution parfaite. Le motif est jaune, sur fond noir. De plus, il pr\u00e9sente des accents violets et des couleurs vert citron, qui distinguent l&rsquo;interface du casino. En plus de la superbe palette de couleurs, Stay Casino propose une disposition attrayante des composants. En cons\u00e9quence, le site Web du casino comprendra probablement une zone publicitaire en haut et une liste de menus verticale sur le c\u00f4t\u00e9 gauche.<\/p>\n<p>Les joueurs peuvent \u00e9galement s\u2019attendre \u00e0 une int\u00e9gration parfaite des jeux dans les autres parties de l\u2019environnement de jeu. Enfin et surtout, Stay Casino fournit des contr\u00f4les r\u00e9actifs qui simplifient l&rsquo;administration et la navigation du compte. Le casino a une apparence unique en raison de tous ces aspects.<\/p>\n<h2>Jeux de hasard<\/h2>\n<p>La s\u00e9lection de jeux d&rsquo;un casino d\u00e9termine son degr\u00e9 d&rsquo;engagement. Cette partie est essentielle \u00e0 cette revue StayCasino pour cette raison. Les joueurs doivent savoir que StayCasino propose une s\u00e9lection remarquable de jeux organis\u00e9s de mani\u00e8re \u00e0 faciliter la recherche de jeux. Utilisez le bouton de recherche dans la barre de menu du casino si vous ne parvenez pas \u00e0 trouver le jeu auquel vous souhaitez jouer. Les machines \u00e0 sous font d\u00e9sormais partie des jeux auxquels il faut se r\u00e9jouir. Vous pouvez filtrer la vaste collection de machines \u00e0 sous vid\u00e9o du casino par nom, popularit\u00e9 ou nouveaut\u00e9. Elvis Frog \u00e0 Vegas, Johnny Cash, Gold Vein et Immortal Fruits sont quelques-unes des machines \u00e0 sous bien connues que vous pourriez vous attendre \u00e0 voir. Vous pouvez \u00e9galement vous attendre aux machines \u00e0 sous vid\u00e9o Aztec Magic et Deep Sea.<\/p>\n<p>Gardez \u00e0 l\u2019esprit que les machines \u00e0 sous ont des th\u00e8mes fantastiques et des r\u00e9cits captivants. De plus, ils proposent des versions de d\u00e9monstration auxquelles vous pouvez jouer sans cr\u00e9er de compte et des graphismes de haute qualit\u00e9. En plus des machines \u00e0 sous vid\u00e9o amusantes, Stay Casino propose \u00e9galement des jeux de cartes \u00e0 gratter, de loterie et de keno. Un certain nombre de jeux de bingo sont \u00e9galement disponibles, notamment 88 Bingo 88, Just A Bingo et Bingo Soccer. Les jeux de bingo proposent des essais gratuits, tout comme les machines \u00e0 sous. En cons\u00e9quence, jusqu&rsquo;\u00e0 ce que vous soyez pr\u00eat \u00e0 parier avec de l&rsquo;argent r\u00e9el, vous pouvez tester rapidement les jeux sans utiliser une seule partie de votre bankroll.<\/p>\n<p><img decoding=\"async\" style=\"max-width: 100%; height: auto;\" src=\"https:\/\/cdn.pixabay.com\/photo\/2015\/10\/23\/15\/21\/game-bank-1003137_960_720.jpg\" \/><\/p>\n<p>Enfin, Stay Casino propose une grande vari\u00e9t\u00e9 de jeux de table, notamment des variantes du blackjack, du poker et de la roulette. De plus, les joueurs doivent se pr\u00e9parer \u00e0 quelques variantes du baccara, telles que le Baccarat Mini et le Baccarat Pro. Les jeux de table ont des qualit\u00e9s uniques et sont tout aussi engageants. C\u2019est le genre de jeux qui conviennent aux joueurs exp\u00e9riment\u00e9s qui connaissent les r\u00e8gles du jeu. Utilisez la version d\u00e9mo pour avoir une id\u00e9e du gameplay si vous n&rsquo;\u00eates pas familier avec les jeux. La somme de tous ces jeux explique l&rsquo;excellente note de Stay Casino.<\/p>\n<p>Plus de 50 \u00e9diteurs de logiciels fournissent au casino les jeux qu&rsquo;il propose. Les acteurs du domaine des jeux en ligne devraient donc s&rsquo;attendre \u00e0 des jeux provenant d&rsquo;\u00e9diteurs de logiciels r\u00e9put\u00e9s. Chaque \u00e9diteur de logiciels a \u00e9t\u00e9 examin\u00e9 pour garantir que ses jeux sont de bon calibre. De plus, certains ont des ann\u00e9es d\u2019exp\u00e9rience, garantissant que chaque jeu qu\u2019ils cr\u00e9ent est engageant et immersif pour les joueurs.<\/p>\n<h3>Casino en direct<\/h3>\n<p>L&rsquo;op\u00e9rateur propose \u00e0 ses clients des articles de casino en direct en plus des jeux traditionnels Stay Casino. Il ne s\u2019agit pas seulement d\u2019am\u00e9liorer le score du classement Stay Casino, mais \u00e9galement de garantir que les clients profitent de merveilleuses exp\u00e9riences en ligne. Les joueurs doivent anticiper les jeux en direct comme Lightning Roulette, 32Cards et Andar Bahar Live en gardant cela \u00e0 l&rsquo;esprit. Gardez \u00e0 l\u2019esprit que les casinos en direct incluent des services de chat en direct et de vrais croupiers. De plus, les jeux disposent de fonctionnalit\u00e9s multijoueurs qui permettent \u00e0 plusieurs joueurs de participer \u00e0 une session de casino en direct. L\u2019absence d\u2019option de jeu gratuit dans les casinos en direct est le seul inconv\u00e9nient. Par cons\u00e9quent, pour jouer \u00e0 n\u2019importe quel jeu de casino en direct, vous devez utiliser de l\u2019argent r\u00e9el.<\/p>\n<h2>Bonus de v\u0153ux<\/h2>\n<p>Les joueurs de Stay Casino peuvent profiter d&rsquo;un bonus de bienvenue all\u00e9chant qui comprend jusqu&rsquo;\u00e0 800 \u20ac en esp\u00e8ces et 350 tours bonus. Cependant, le bonus ne sera pas cr\u00e9dit\u00e9 en une seule fois ; Au contraire, il s\u2019\u00e9talera sur vos cinq premiers d\u00e9p\u00f4ts. Mais d\u2019abord, sachez que vous devez remplir votre compte avec au moins 20 \u20ac sans utiliser de code promo Stay Casino afin d\u2019obtenir l\u2019un des bonus de lancement. De plus, avant l&rsquo;expiration du bonus de bienvenue et des tours gratuits, vous devez remplir une condition de mise x40 pour les deux bonus. L&rsquo;op\u00e9rateur vous donnera acc\u00e8s \u00e0 la sixi\u00e8me incitation au d\u00e9p\u00f4t, qui est bien plus importante que les pr\u00e9c\u00e9dentes, si vous r\u00e9ussissez \u00e0 acqu\u00e9rir et \u00e0 d\u00e9penser les cinq premiers d\u00e9p\u00f4ts.<\/p>\n<h2>Club VIP<\/h2>\n<p>Le casino propose \u00e0 ses utilisateurs un programme VIP, comme toute autre plateforme de jeu populaire. Puisque seulement 20 points sont requis, rejoindre le programme VIP est simple. Cr\u00e9ez donc un compte. Vous devez ensuite accumuler suffisamment de points pour passer du niveau 0 au niveau platine. L&rsquo;op\u00e9rateur vous ouvrira davantage de cadeaux au fur et \u00e0 mesure de votre progression. Cependant, assurez-vous de bien comprendre les termes et conditions du bonus avant de r\u00e9clamer un prix. L&rsquo;un des rares sujets abord\u00e9s dans cette revue de Stay Casino qui continue d&rsquo;influencer le classement du casino est le programme VIP.<\/p>\n<p><img decoding=\"async\" style=\"max-width: 100%; height: auto;\" src=\"https:\/\/cdn.pixabay.com\/photo\/2014\/12\/16\/21\/07\/poker-570705_960_720.jpg\" \/><\/p>\n<h2>Casino cellulaire<\/h2>\n<p>Malheureusement, Stay Casino ne propose pas d&rsquo;application mobile pour les appareils iOS ou Android. Mais vous pouvez jouer \u00e0 des jeux en d\u00e9placement gr\u00e2ce \u00e0 son fantastique site Web mobile. Les syst\u00e8mes d&rsquo;exploitation les plus r\u00e9cents sur les t\u00e9l\u00e9phones sont pris en charge par le site Web. Le t\u00e9l\u00e9phone a \u00e9galement besoin d&rsquo;un navigateur moderne capable de g\u00e9rer le langage HTML5. Les machines \u00e0 sous, les jeux de table et les jeux de casino en direct ne sont que quelques-uns des jeux auxquels vous pouvez jouer sur votre t\u00e9l\u00e9phone. De plus, vous pouvez jouer aux cartes \u00e0 gratter et au bingo. Vous n&rsquo;aurez pas \u00e0 rester au m\u00eame endroit gr\u00e2ce au programme mobile Stay Casino.<\/p>\n<h2>Conclusion<\/h2>\n<p>La note de StayCasino est de 8,9. Le casino est immersif avec de nombreuses fonctionnalit\u00e9s et d&rsquo;excellents jeux m\u00eame s&rsquo;il n&rsquo;y a pas d&rsquo;applications mobiles. De plus, il offre des moyens de paiement s\u00fbrs, ainsi que des moyens d&rsquo;entrer en contact avec des repr\u00e9sentants de Stay Casino. En conclusion, c\u2019est le casino id\u00e9al pour les joueurs d\u00e9butants et exp\u00e9riment\u00e9s qui appr\u00e9cient l\u2019utilit\u00e9 et la simplicit\u00e9.<\/p>\n","protected":false},"excerpt":{"rendered":"<p>Examen de Stay Casino L&rsquo;un des sites de jeux les plus passionnants, Stay Casino propose aux joueurs de fantastiques jeux de casino en ligne. Le casino pr\u00e9sente de nombreux avantages et est distinct et simple. Vous apprendrez des d\u00e9tails qui vous permettront de d\u00e9cider si le Stay Casino vaut la peine en lisant notre \u00e9valuation [&hellip;]<\/p>\n","protected":false},"author":1,"featured_media":0,"parent":0,"menu_order":0,"comment_status":"closed","ping_status":"closed","template":"","meta":{"_acf_changed":false,"_bbp_topic_count":0,"_bbp_reply_count":0,"_bbp_total_topic_count":0,"_bbp_total_reply_count":0,"_bbp_voice_count":0,"_bbp_anonymous_reply_count":0,"_bbp_topic_count_hidden":0,"_bbp_reply_count_hidden":0,"_bbp_forum_subforum_count":0,"_monsterinsights_skip_tracking":false,"_monsterinsights_sitenote_active":false,"_monsterinsights_sitenote_note":"","_monsterinsights_sitenote_category":0,"footnotes":""},"yst_prominent_words":[],"class_list":["post-3914","page","type-page","status-publish","hentry"],"acf":[],"_links":{"self":[{"href":"https:\/\/sebhau.edu.ly\/ico\/fr\/wp-json\/wp\/v2\/pages\/3914","targetHints":{"allow":["GET"]}}],"collection":[{"href":"https:\/\/sebhau.edu.ly\/ico\/fr\/wp-json\/wp\/v2\/pages"}],"about":[{"href":"https:\/\/sebhau.edu.ly\/ico\/fr\/wp-json\/wp\/v2\/types\/page"}],"author":[{"embeddable":true,"href":"https:\/\/sebhau.edu.ly\/ico\/fr\/wp-json\/wp\/v2\/users\/1"}],"replies":[{"embeddable":true,"href":"https:\/\/sebhau.edu.ly\/ico\/fr\/wp-json\/wp\/v2\/comments?post=3914"}],"version-history":[{"count":2,"href":"https:\/\/sebhau.edu.ly\/ico\/fr\/wp-json\/wp\/v2\/pages\/3914\/revisions"}],"predecessor-version":[{"id":3922,"href":"https:\/\/sebhau.edu.ly\/ico\/fr\/wp-json\/wp\/v2\/pages\/3914\/revisions\/3922"}],"wp:attachment":[{"href":"https:\/\/sebhau.edu.ly\/ico\/fr\/wp-json\/wp\/v2\/media?parent=3914"}],"wp:term":[{"taxonomy":"yst_prominent_words","embeddable":true,"href":"https:\/\/sebhau.edu.ly\/ico\/fr\/wp-json\/wp\/v2\/yst_prominent_words?post=3914"}],"curies":[{"name":"wp","href":"https:\/\/api.w.org\/{rel}","templated":true}]}}