{"id":2399,"date":"2023-05-07T17:13:52","date_gmt":"2023-05-07T15:13:52","guid":{"rendered":"https:\/\/sebhau.edu.ly\/ico\/?page_id=2399"},"modified":"2024-05-14T17:07:27","modified_gmt":"2024-05-14T15:07:27","slug":"gratowin-casino","status":"publish","type":"page","link":"https:\/\/sebhau.edu.ly\/ico\/gratowin-casino\/","title":{"rendered":"Gratowin Casino Recensione Italia"},"content":{"rendered":"<h1>Recensione di Gratowin Casino<\/h1>\n<p>Perch\u00e9 si dovrebbe spendere tempo e denaro su questo sito web potrebbe essere determinato per una variet\u00e0 di fattori. Una di queste giustificazioni \u00e8 il bonus Gratowin. Un bonus di benvenuto estremamente sostanziale sar\u00e0 dato a voi se ti iscrivi subito. Dopo di che, i giocatori che sono pi\u00f9 o meno impegnati al casin\u00f2 saranno informati di una serie di ulteriori offerte interessanti. Questa societ\u00e0 avanza davvero il gioco online in futuro e stabilisce lo standard per l&#8217;anno 2023. Tenete d&#8217;occhio <a href=\"https:\/\/casinononaams.it\/gratowin-casino\/\">Gratowin casino recensione<\/a> dal momento che sar\u00e0 senza dubbio imparare un sacco di nuove cose affascinanti.<\/p>\n<p>Oggi, ogni casin\u00f2 fa l&#8217;affermazione che \u00e8 &#8220;onesto e trasparente.&#8221;Ma questo \u00e8 in realt\u00e0 il caso di Gratowin! Andando al di l\u00e0 di &#8220;quello che ci si pu\u00f2 aspettare&#8221; da un parco giochi, Solo eleva il suo sito mobile ad un livello completamente nuovo. E questo \u00e8 solo l&#8217;inizio. Gratowin funziona bene su ogni dispositivo, se siete alla ricerca di un nuovo casin\u00f2 iPad, gioco veloce su un telefono Android, o sedersi davanti al computer di notte, fornendo un intelligente, piattaforma user-friendly.<\/p>\n<p><img decoding=\"async\" style=\"max-width: 100%; height: auto;\" src=\"https:\/\/cdn.pixabay.com\/photo\/2017\/04\/20\/18\/33\/roulette-2246562_960_720.jpg\" \/><\/p>\n<h2>Bonus<\/h2>\n<p>Come ci si aspetterebbe da una nuova piattaforma di gioco, GratoWin offre alcuni dei migliori nuovi bonus da casin\u00f2 disponibili. Troverai senza dubbio qualcosa che corrisponda al tuo stile di gioco tra gli incentivi disponibili, come giri gratuiti, partite di deposito e altri. Scopri le promozioni e le offerte uniche di GratoWin se stai cercando qualcosa di un po &#8216; pi\u00f9 insolito.<\/p>\n<p>Tieni presente che alcuni bonus e promozioni potrebbero richiedere un deposito minimo per attivarli prima di raccoglierli. Inoltre, per prelevare le vincite bonus, i giocatori potrebbero dover soddisfare i requisiti di scommessa. Di conseguenza, prima di richiedere un bonus, leggi attentamente i termini e le restrizioni del bonus.<\/p>\n<h3>Pubblicit\u00e0 &amp; Offerte<\/h3>\n<p>GratoWin offre allettanti sconti e offerte. Questo rende possibile per i nuovi giocatori nei casin\u00f2 online per godere di un tempo di divertimento. \u00c8 importante tenere presente che le offerte GratoWin sono soggette a restrizioni e limitazioni. Pertanto, \u00e8 imperativo rivedere attentamente le condizioni del bonus prima di accettare qualsiasi offerta. Ci\u00f2 \u00e8 dovuto alla possibilit\u00e0 che abbiano determinate restrizioni di scommessa che devono essere soddisfatte prima di ritirare una ricompensa personale.<\/p>\n<h3>Giri gratis per Gratowin<\/h3>\n<p>Se \u00e8 cos\u00ec, dove posso trovare Gratowin Free Spins? S\u00ec, dipende in qualche modo da quando ricevi il massimo se accetti un bonus o qualcosa di simile. Questi blocchi possono essere una componente di un&#8217;offerta casuale, una promozione, una competizione o un bonus di benvenuto. Controlla la panoramica nella parte superiore di questa pagina per ottenere l&#8217;elenco completo delle promozioni e dei bonus in corso con i giri. Free-kick ti permette di girare immediatamente le ruote su una video slot machine, nonostante il fatto che ci siano restrizioni come i requisiti di scommessa da prendere in considerazione. Controllare la campagna per vedere quale gioco \u00e8 collegato a come questi giri sono in genere utilizzati su un determinato slot.<\/p>\n<h2>Offerte per giochi a Gratowin<\/h2>\n<p>L&#8217;eccitazione inizia qui. Si pu\u00f2 scegliere tra un assortimento stimabile di ben noti, grandi fornitori di gioco. Sarai in grado di prendere parte ad alcuni dei giochi pi\u00f9 recenti e alle loro varianti tradizionali. Per rendere la tua decisione ancora pi\u00f9 semplice, puoi cercare, filtrare e classificare rapidamente i giochi.<\/p>\n<p>Slot da casin\u00f2 e altri giochi stanno entrando in una nuova era, e Gratowin \u00e8 l\u00ec per guidare la trasformazione ed essere il primo a fornire nuovi giochi ed esperienze. Al fine di scommettere sui giochi pi\u00f9 recenti e utilizzare le pi\u00f9 recenti tecnologie, iniziare a giocare sul nostro sito.<\/p>\n<p>Sicurezza futura di un&#8217;offerta di gioco! A Gratowin, ci sar\u00e0 una vasta selezione di giochi. I principali produttori di giochi tra cui Microgaming, NetEnt, Play&#8217;n GO e NextGen Gaming sono inclusi nella selezione di giochi del casin\u00f2.<\/p>\n<p>A Gratowin, c&#8217;\u00e8 una selezione di giochi considerevole. Tuttavia, dato che questo \u00e8 Gaming Innovation Group, la verit\u00e0 \u00e8 che non puoi ragionevolmente aspettarti nient&#8217;altro. I principali sviluppatori di giochi come Microgaming, NetEnt, Play&#8217;n GO e NextGen Gaming vengono quindi introdotti dal casin\u00f2. Puoi quindi approfittare di una vasta selezione di slot online, come Starburst, Gonzo&#8217;s Quest e Mega Fortune. Altre slot popolari includono Twin Spin, Warlords e 7Sins. Se ti piace giocare ai giochi da casin\u00f2 dal vivo, Just Casino rende facile farlo. Gioca a giochi di blackjack come il blackjack multi-mano e blackjack professionale. Diverse iterazioni di roulette sono tra i giochi da tavolo aggiuntivi. Ci sono anche giochi di poker accessibili.<\/p>\n<h2>Pagamento<\/h2>\n<p>GratoWin offre una gamma di opzioni di pagamento affidabili per depositi e prelievi veloci e sicuri quando si tratta di operazioni bancarie. I giocatori hanno accesso a alternative tra cui [Maestri, Visa, Casin\u00f2 Skrill, MasterCard e Neteller per condurre transazioni.<br \/>\nPer effettuare un deposito su GratoWin, accedi al tuo account del casin\u00f2 e fai clic sul pulsante accanto al saldo del tuo account per accedere alla pagina della cassa. Prima di inserire l&#8217;importo, seleziona il metodo di pagamento del deposito preferito. Normalmente ci vogliono alcuni secondi per i depositi di apparire sul conto di gioco.<\/p>\n<p>Su GratoWin, i prelievi sono anche semplici perch\u00e9 tutto ci\u00f2 che devi fare \u00e8 aprire la sezione cassa e selezionare il metodo di pagamento preferito. Quindi, inserisci l&#8217;importo del prelievo desiderato e conferma la transazione, tenendo presente che alcuni metodi di prelievo potrebbero richiedere pi\u00f9 tempo per completare le transazioni.<\/p>\n<h2>Sicurezza e fiducia<\/h2>\n<p>GratoWin \u00e8 in circolazione dal 2019 e ha un rating alto e indefinito. In altre parole, la loro felicit\u00e0 e sicurezza durante il gioco sono state stabilite nel tempo.<\/p>\n<p>Non abbiamo alcuna esitazione nel raccomandare GratoWin come un casin\u00f2 online affidabile. Perch\u00e9 per la vasta selezione di GratoWin di opzioni di deposito, vasta selezione di giochi, e solida reputazione, si pu\u00f2 giocare l\u00ec con fiducia.<\/p>\n<h3>Sicurezza<\/h3>\n<p>Le priorit\u00e0 chiave di GratoWin sono la sicurezza e la sicurezza. Il casin\u00f2 pu\u00f2 accogliere giocatori da tutto il mondo poich\u00e9 \u00e8 autorizzato e governato. Per salvaguardare ulteriormente la sicurezza delle tue informazioni personali e finanziarie, il sito Web utilizza la crittografia SSL.<\/p>\n<h3>Gioco discrezionale<\/h3>\n<p>Inoltre incoraggiare il gioco d&#8217;azzardo responsabile tra i suoi mecenati \u00e8 GratoWin. Per aiutare i giocatori a controllare e godersi l&#8217;esperienza di gioco, il sito offre opzioni di gioco sicure, tra cui restrizioni sui depositi e time-out delle sessioni. Se un giocatore desidera ottenere l&#8217;assistenza di esperti, GratoWin offre connessioni istantanee alle organizzazioni di gioco d&#8217;azzardo problematico.<\/p>\n<p>A proposito di GratoWin offre i migliori giochi di casin\u00f2 online. Per quanto riguarda il gioco d&#8217;azzardo online, GratoWin offre una vasta gamma di opzioni, tra cui slot, Blackjack, Baccarat, Roulette, Poker e molti altri. Un nuovo fornitore di giochi da casin\u00f2 divertenti, GratoWin \u00e8 stato fondato nel 2019. GratoWin mira a stabilire una solida reputazione fornendo beni di qualit\u00e0 superiore e un efficiente supporto clienti. Prevediamo che presto aiuter\u00e0 GratoWin rango tra le pi\u00f9 popolari Nuove imprese di casin\u00f2 del settore.<\/p>\n<h3>Sito web<\/h3>\n<p>A GratoWin, la creazione di un account \u00e8 un processo abbastanza semplice. Visita il sito GratoWin e completa il processo di registrazione inserendo i dati necessari. Una volta che l&#8217;account \u00e8 attivo, effettuare un deposito minimo e sfogliare la vasta selezione di giochi.<\/p>\n<p><img decoding=\"async\" style=\"max-width: 100%; height: auto;\" src=\"https:\/\/cdn.pixabay.com\/photo\/2014\/12\/14\/19\/37\/map-568197_960_720.jpg\" \/><\/p>\n<h2>Consigli e metodi<\/h2>\n<p>Metti sempre da parte i soldi prima di partecipare ai giochi con soldi veri di GratoWin. Si dovrebbe essere in grado di perdere questo molto senza sentirsi a disagio. Ultimo ma non meno importante, astenersi dal perseguire perdite.<\/p>\n<p>Prima di ricercare gli sviluppatori del gioco, decidere quali giochi ti piace giocare. Seleziona sempre giochi da uno sviluppatore affidabile con ottime valutazioni degli utenti e una solida reputazione nel settore. Un sito di gioco d&#8217;azzardo online affidabile dovrebbe avere una vasta selezione di giochi, inclusi sia i tuoi giochi preferiti che quelli pi\u00f9 recenti. Per alcune fantastiche possibilit\u00e0, dai un&#8217;occhiata a poker, blackjack, roulette, baccarat e slot.<\/p>\n","protected":false},"excerpt":{"rendered":"<p>Recensione di Gratowin Casino Perch\u00e9 si dovrebbe spendere tempo e denaro su questo sito web potrebbe essere determinato per una variet\u00e0 di fattori. Una di queste giustificazioni \u00e8 il bonus Gratowin. Un bonus di benvenuto estremamente sostanziale sar\u00e0 dato a voi se ti iscrivi subito. Dopo di che, i giocatori che sono pi\u00f9 o meno [&hellip;]<\/p>\n","protected":false},"author":1,"featured_media":0,"parent":0,"menu_order":0,"comment_status":"closed","ping_status":"closed","template":"","meta":{"_acf_changed":false,"_bbp_topic_count":0,"_bbp_reply_count":0,"_bbp_total_topic_count":0,"_bbp_total_reply_count":0,"_bbp_voice_count":0,"_bbp_anonymous_reply_count":0,"_bbp_topic_count_hidden":0,"_bbp_reply_count_hidden":0,"_bbp_forum_subforum_count":0,"_monsterinsights_skip_tracking":false,"_monsterinsights_sitenote_active":false,"_monsterinsights_sitenote_note":"","_monsterinsights_sitenote_category":0,"footnotes":""},"yst_prominent_words":[],"class_list":["post-2399","page","type-page","status-publish","hentry"],"acf":[],"_links":{"self":[{"href":"https:\/\/sebhau.edu.ly\/ico\/wp-json\/wp\/v2\/pages\/2399","targetHints":{"allow":["GET"]}}],"collection":[{"href":"https:\/\/sebhau.edu.ly\/ico\/wp-json\/wp\/v2\/pages"}],"about":[{"href":"https:\/\/sebhau.edu.ly\/ico\/wp-json\/wp\/v2\/types\/page"}],"author":[{"embeddable":true,"href":"https:\/\/sebhau.edu.ly\/ico\/wp-json\/wp\/v2\/users\/1"}],"replies":[{"embeddable":true,"href":"https:\/\/sebhau.edu.ly\/ico\/wp-json\/wp\/v2\/comments?post=2399"}],"version-history":[{"count":2,"href":"https:\/\/sebhau.edu.ly\/ico\/wp-json\/wp\/v2\/pages\/2399\/revisions"}],"predecessor-version":[{"id":3929,"href":"https:\/\/sebhau.edu.ly\/ico\/wp-json\/wp\/v2\/pages\/2399\/revisions\/3929"}],"wp:attachment":[{"href":"https:\/\/sebhau.edu.ly\/ico\/wp-json\/wp\/v2\/media?parent=2399"}],"wp:term":[{"taxonomy":"yst_prominent_words","embeddable":true,"href":"https:\/\/sebhau.edu.ly\/ico\/wp-json\/wp\/v2\/yst_prominent_words?post=2399"}],"curies":[{"name":"wp","href":"https:\/\/api.w.org\/{rel}","templated":true}]}}