{"id":702,"date":"2022-09-29T12:06:45","date_gmt":"2022-09-29T09:06:45","guid":{"rendered":"https:\/\/sebhau.edu.ly\/lc\/manager\/"},"modified":"2025-08-08T13:26:14","modified_gmt":"2025-08-08T10:26:14","slug":"message-du-directeur-du-centre","status":"publish","type":"page","link":"https:\/\/sebhau.edu.ly\/lc\/fr\/message-du-directeur-du-centre\/","title":{"rendered":"Message du Directeur du Centre"},"content":{"rendered":"<p>[vc_row bg_type=\u00a0\u00bbbg_image\u00a0\u00bb back_attachment=\u00a0\u00bbinherit\u00a0\u00bb dima_canvas_style=\u00a0\u00bb\u00a0\u00bb translate_x=\u00a0\u00bb0&Prime; dima_z_index=\u00a0\u00bb0&Prime; delay=\u00a0\u00bb\u00a0\u00bb delay_duration=\u00a0\u00bb\u00a0\u00bb delay_offset=\u00a0\u00bb\u00a0\u00bb top_and_bottom_padding=\u00a0\u00bb\u00a0\u00bb left_and_right_padding=\u00a0\u00bb\u00a0\u00bb id=\u00a0\u00bb\u00a0\u00bb class=\u00a0\u00bb\u00a0\u00bb di_bg_image=\u00a0\u00bb220&Prime; border_color=\u00a0\u00bb\u00a0\u00bb][vc_column min_height=\u00a0\u00bb\u00a0\u00bb bg_type=\u00a0\u00bb\u00a0\u00bb dima_canvas_style=\u00a0\u00bb\u00a0\u00bb translate_x=\u00a0\u00bb0&Prime; dima_z_index=\u00a0\u00bb0&Prime; delay=\u00a0\u00bb\u00a0\u00bb delay_duration=\u00a0\u00bb\u00a0\u00bb delay_offset=\u00a0\u00bb\u00a0\u00bb top_and_bottom_padding=\u00a0\u00bb0px\u00a0\u00bb left_and_right_padding=\u00a0\u00bb\u00a0\u00bb width=\u00a0\u00bb5\/6&Prime; id=\u00a0\u00bb\u00a0\u00bb class=\u00a0\u00bb\u00a0\u00bb style=\u00a0\u00bb\u00a0\u00bb]<p data-start=\"69\" data-end=\"114\">Au nom d\u2019Allah, le Cl\u00e9ment, le Mis\u00e9ricordieux<\/p>\n<p data-start=\"116\" data-end=\"199\">Que la paix et les b\u00e9n\u00e9dictions soient sur le plus noble des proph\u00e8tes et messagers<\/p>\n<p data-start=\"201\" data-end=\"519\">Nous sommes heureux de vous accueillir sur cette page, suite au renouveau du Centre des langues avec ses nouveaux programmes acad\u00e9miques et scientifiques, fruit d\u2019un travail acharn\u00e9 de l\u2019\u00e9quipe jeune et dynamique du centre et de l\u2019universit\u00e9, qui n\u2019a m\u00e9nag\u00e9 aucun effort pour amener le centre \u00e0 ce niveau d\u2019excellence.<\/p>\n<p data-start=\"521\" data-end=\"569\"><strong data-start=\"521\" data-end=\"569\">Pr\u00e9sentation du centre et services offerts :<\/strong><\/p>\n<p data-start=\"571\" data-end=\"1028\">Le Centre des langues de l\u2019Universit\u00e9 de Sebha a \u00e9t\u00e9 cr\u00e9\u00e9 selon la d\u00e9cision n\u00b023 de 2008 de l\u2019ancienne Commission populaire g\u00e9n\u00e9rale pour l\u2019\u00e9ducation et la recherche scientifique. Il rel\u00e8ve directement du conseil de l\u2019universit\u00e9. Le centre offre des services aux \u00e9tudiants visant \u00e0 d\u00e9velopper leurs comp\u00e9tences et aptitudes dans diff\u00e9rentes langues vivantes, facilitant ainsi la communication culturelle et l\u2019\u00e9change de connaissances avec le reste du monde.<\/p>\n<p data-start=\"1030\" data-end=\"1569\">Nous mettons un accent particulier sur la formation et la qualification des \u00e9tudiants en cycles sup\u00e9rieurs issus des diff\u00e9rentes facult\u00e9s, via des cours intensifs visant \u00e0 acqu\u00e9rir de nouvelles comp\u00e9tences et \u00e0 renforcer leurs capacit\u00e9s linguistiques, en accord avec les objectifs du centre et de l\u2019universit\u00e9. Une de nos priorit\u00e9s est la mise en \u0153uvre de la politique universitaire pour la promotion de notre langue maternelle, la langue du Coran, l\u2019arabe, par l\u2019organisation de cours destin\u00e9s tant aux locuteurs natifs qu\u2019aux non-natifs.<\/p>\n<p data-start=\"1571\" data-end=\"1742\">Le centre jouit d\u2019une excellente r\u00e9putation dans l\u2019enseignement des langues vivantes, gr\u00e2ce au haut niveau scientifique et acad\u00e9mique des membres de son corps professoral.<\/p>\n<p data-start=\"1744\" data-end=\"1994\">Parmi les services importants offerts, le centre propose \u00e9galement un bureau de traduction, d\u2019arabisation et de conseils, charg\u00e9 de la traduction, correction et v\u00e9rification des correspondances officielles de l\u2019universit\u00e9 avec les instances externes.<\/p>\n<p data-start=\"1996\" data-end=\"2148\">Nous sommes toujours pr\u00eats \u00e0 fournir toute aide dans le domaine de l\u2019enseignement des langues, que ce soit pour des objectifs acad\u00e9miques ou personnels.<\/p>\n<p data-start=\"2150\" data-end=\"2210\">Notre devise : \u00ab Soyez les bienvenus, vous \u00eates chez vous. \u00bb<\/p>\n<p data-start=\"2212\" data-end=\"2325\">Nous souhaitons \u00e0 tous beaucoup de succ\u00e8s et de progr\u00e8s dans le d\u00e9veloppement de leurs comp\u00e9tences linguistiques.<\/p>\n<p data-start=\"2327\" data-end=\"2399\">Que la paix, la mis\u00e9ricorde et les b\u00e9n\u00e9dictions d\u2019Allah soient sur vous.<\/p>\n[\/vc_column][vc_column min_height=\u00a0\u00bb\u00a0\u00bb content_position=\u00a0\u00bbcenter\u00a0\u00bb bg_type=\u00a0\u00bb\u00a0\u00bb dima_canvas_style=\u00a0\u00bb\u00a0\u00bb translate_x=\u00a0\u00bb0&Prime; dima_z_index=\u00a0\u00bb0&Prime; delay=\u00a0\u00bb\u00a0\u00bb delay_duration=\u00a0\u00bb\u00a0\u00bb delay_offset=\u00a0\u00bb\u00a0\u00bb top_and_bottom_padding=\u00a0\u00bb\u00a0\u00bb left_and_right_padding=\u00a0\u00bb\u00a0\u00bb width=\u00a0\u00bb1\/6&Prime; id=\u00a0\u00bb\u00a0\u00bb class=\u00a0\u00bb\u00a0\u00bb style=\u00a0\u00bb\u00a0\u00bb]<div  class=\"dima-clear\" style=\"padding-bottom:30px\"><\/div><div class=\"column-item overflow-hidden text-center columns-1 circle\"><div class=\"gray-opacity\"><a data-lightbox=image  class=\"dima-img  text-center\"  href=\"https:\/\/sebhau.edu.ly\/lc\/wp-content\/uploads\/2022\/09\/\u0635\u0648\u0631\u0629-\u0645\u062f\u064a\u0631-\u0627\u0644\u0645\u0631\u0643\u0632.jpeg\"   ><img loading=\"lazy\" decoding=\"async\" src=\"https:\/\/sebhau.edu.ly\/lc\/wp-content\/uploads\/2022\/09\/\u0635\u0648\u0631\u0629-\u0645\u062f\u064a\u0631-\u0627\u0644\u0645\u0631\u0643\u0632.jpeg\" alt=\"\u0645\u062f\u064a\u0631 \u0645\u0631\u0643\u0632 \u0627\u0644\u0644\u063a\u0627\u062a ..\u062f. \u0645\u062d\u0645\u062f \u0639\u0628\u062f \u0627\u0644\u0644\u0647 \u0627\u0648\u062d\u064a\u062f\u0629 \u0646\u062c\u0645\" width=\"508\" height=\"593\"><\/a><\/div><\/div><p style=\"text-align: center;\" data-start=\"0\" data-end=\"33\">Dr. Mohamed Abdallah Owaheda Najm<\/p>\n<p style=\"text-align: center;\" data-start=\"35\" data-end=\"54\" data-is-last-node=\"\" data-is-only-node=\"\">Directeur du Centre<\/p>\n[vc_row_inner bg_type=\u00a0\u00bb\u00a0\u00bb dima_canvas_style=\u00a0\u00bb\u00a0\u00bb translate_x=\u00a0\u00bb0&Prime; dima_z_index=\u00a0\u00bb0&Prime; top_and_bottom_padding=\u00a0\u00bb\u00a0\u00bb left_and_right_padding=\u00a0\u00bb\u00a0\u00bb][vc_column_inner delay=\u00a0\u00bb\u00a0\u00bb delay_duration=\u00a0\u00bb\u00a0\u00bb delay_offset=\u00a0\u00bb\u00a0\u00bb translate_x=\u00a0\u00bb0&Prime; dima_z_index=\u00a0\u00bb0&Prime; width=\u00a0\u00bb1\/1&Prime;]<a href='https:\/\/sebhau.edu.ly\/lcc\/wp-content\/uploads\/2022\/10\/CV1.pdf' target=\"_blank\" rel=\"noopener\"><div  class=\"dima-iconbox no-box text-center features-box\" ><header  class=\"icon-box-header\" ><span style=\"color:#8e2000;\" class=\"svg_icon  box-circle icon-box-small  icon-box-hover\" ><i class=\"fas fa-address-card\"><\/i><\/span><\/header><div  class=\"features-content\" ><h5 class=\"features-title\" ><\/h5>CV<\/div><\/div><\/a>[\/vc_column_inner][\/vc_row_inner][\/vc_column][\/vc_row]<\/p>\n","protected":false},"excerpt":{"rendered":"<p>[vc_row bg_type=\u00a0\u00bbbg_image\u00a0\u00bb back_attachment=\u00a0\u00bbinherit\u00a0\u00bb dima_canvas_style=\u00a0\u00bb\u00a0\u00bb translate_x=\u00a0\u00bb0&Prime; dima_z_index=\u00a0\u00bb0&Prime; delay=\u00a0\u00bb\u00a0\u00bb delay_duration=\u00a0\u00bb\u00a0\u00bb delay_offset=\u00a0\u00bb\u00a0\u00bb top_and_bottom_padding=\u00a0\u00bb\u00a0\u00bb left_and_right_padding=\u00a0\u00bb\u00a0\u00bb id=\u00a0\u00bb\u00a0\u00bb class=\u00a0\u00bb\u00a0\u00bb di_bg_image=\u00a0\u00bb220&Prime; border_color=\u00a0\u00bb\u00a0\u00bb][vc_column min_height=\u00a0\u00bb\u00a0\u00bb bg_type=\u00a0\u00bb\u00a0\u00bb dima_canvas_style=\u00a0\u00bb\u00a0\u00bb translate_x=\u00a0\u00bb0&Prime; dima_z_index=\u00a0\u00bb0&Prime; delay=\u00a0\u00bb\u00a0\u00bb delay_duration=\u00a0\u00bb\u00a0\u00bb delay_offset=\u00a0\u00bb\u00a0\u00bb top_and_bottom_padding=\u00a0\u00bb0px\u00a0\u00bb left_and_right_padding=\u00a0\u00bb\u00a0\u00bb width=\u00a0\u00bb5\/6&Prime; id=\u00a0\u00bb\u00a0\u00bb class=\u00a0\u00bb\u00a0\u00bb style=\u00a0\u00bb\u00a0\u00bb][\/vc_column][vc_column min_height=\u00a0\u00bb\u00a0\u00bb content_position=\u00a0\u00bbcenter\u00a0\u00bb bg_type=\u00a0\u00bb\u00a0\u00bb dima_canvas_style=\u00a0\u00bb\u00a0\u00bb translate_x=\u00a0\u00bb0&Prime; dima_z_index=\u00a0\u00bb0&Prime; delay=\u00a0\u00bb\u00a0\u00bb delay_duration=\u00a0\u00bb\u00a0\u00bb delay_offset=\u00a0\u00bb\u00a0\u00bb top_and_bottom_padding=\u00a0\u00bb\u00a0\u00bb left_and_right_padding=\u00a0\u00bb\u00a0\u00bb width=\u00a0\u00bb1\/6&Prime; id=\u00a0\u00bb\u00a0\u00bb class=\u00a0\u00bb\u00a0\u00bb style=\u00a0\u00bb\u00a0\u00bb][vc_row_inner bg_type=\u00a0\u00bb\u00a0\u00bb dima_canvas_style=\u00a0\u00bb\u00a0\u00bb translate_x=\u00a0\u00bb0&Prime; dima_z_index=\u00a0\u00bb0&Prime; top_and_bottom_padding=\u00a0\u00bb\u00a0\u00bb left_and_right_padding=\u00a0\u00bb\u00a0\u00bb][vc_column_inner delay=\u00a0\u00bb\u00a0\u00bb delay_duration=\u00a0\u00bb\u00a0\u00bb delay_offset=\u00a0\u00bb\u00a0\u00bb translate_x=\u00a0\u00bb0&Prime; dima_z_index=\u00a0\u00bb0&Prime; [&hellip;]<\/p>\n","protected":false},"author":1,"featured_media":0,"parent":0,"menu_order":0,"comment_status":"closed","ping_status":"closed","template":"","meta":{"_bbp_topic_count":0,"_bbp_reply_count":0,"_bbp_total_topic_count":0,"_bbp_total_reply_count":0,"_bbp_voice_count":0,"_bbp_anonymous_reply_count":0,"_bbp_topic_count_hidden":0,"_bbp_reply_count_hidden":0,"_bbp_forum_subforum_count":0,"om_disable_all_campaigns":false,"_monsterinsights_skip_tracking":false,"_monsterinsights_sitenote_active":false,"_monsterinsights_sitenote_note":"","_monsterinsights_sitenote_category":0,"footnotes":""},"class_list":["post-702","page","type-page","status-publish","hentry"],"aioseo_notices":[],"amp_enabled":true,"_links":{"self":[{"href":"https:\/\/sebhau.edu.ly\/lc\/fr\/wp-json\/wp\/v2\/pages\/702","targetHints":{"allow":["GET"]}}],"collection":[{"href":"https:\/\/sebhau.edu.ly\/lc\/fr\/wp-json\/wp\/v2\/pages"}],"about":[{"href":"https:\/\/sebhau.edu.ly\/lc\/fr\/wp-json\/wp\/v2\/types\/page"}],"author":[{"embeddable":true,"href":"https:\/\/sebhau.edu.ly\/lc\/fr\/wp-json\/wp\/v2\/users\/1"}],"replies":[{"embeddable":true,"href":"https:\/\/sebhau.edu.ly\/lc\/fr\/wp-json\/wp\/v2\/comments?post=702"}],"version-history":[{"count":4,"href":"https:\/\/sebhau.edu.ly\/lc\/fr\/wp-json\/wp\/v2\/pages\/702\/revisions"}],"predecessor-version":[{"id":873,"href":"https:\/\/sebhau.edu.ly\/lc\/fr\/wp-json\/wp\/v2\/pages\/702\/revisions\/873"}],"wp:attachment":[{"href":"https:\/\/sebhau.edu.ly\/lc\/fr\/wp-json\/wp\/v2\/media?parent=702"}],"curies":[{"name":"wp","href":"https:\/\/api.w.org\/{rel}","templated":true}]}}