{"id":704,"date":"2022-09-29T11:24:45","date_gmt":"2022-09-29T08:24:45","guid":{"rendered":"https:\/\/sebhau.edu.ly\/lc\/about\/"},"modified":"2025-08-08T13:30:33","modified_gmt":"2025-08-08T10:30:33","slug":"presentation-du-centre-des-langues","status":"publish","type":"page","link":"https:\/\/sebhau.edu.ly\/lc\/fr\/presentation-du-centre-des-langues\/","title":{"rendered":"Pr\u00e9sentation du Centre des Langues"},"content":{"rendered":"<p>[vc_row bg_type=\u00a0\u00bbbg_image\u00a0\u00bb back_attachment=\u00a0\u00bbinherit\u00a0\u00bb dima_canvas_style=\u00a0\u00bb\u00a0\u00bb translate_x=\u00a0\u00bb0&Prime; dima_z_index=\u00a0\u00bb0&Prime; delay=\u00a0\u00bb\u00a0\u00bb delay_duration=\u00a0\u00bb\u00a0\u00bb delay_offset=\u00a0\u00bb\u00a0\u00bb id=\u00a0\u00bb\u00a0\u00bb class=\u00a0\u00bb\u00a0\u00bb di_bg_image=\u00a0\u00bb220&Prime; border_color=\u00a0\u00bb\u00a0\u00bb][vc_column min_height=\u00a0\u00bb\u00a0\u00bb bg_type=\u00a0\u00bb\u00a0\u00bb dima_canvas_style=\u00a0\u00bb\u00a0\u00bb translate_x=\u00a0\u00bb0&Prime; dima_z_index=\u00a0\u00bb0&Prime; delay=\u00a0\u00bb\u00a0\u00bb delay_duration=\u00a0\u00bb\u00a0\u00bb delay_offset=\u00a0\u00bb\u00a0\u00bb width=\u00a0\u00bb1\/1&Prime;]<p>Le centre a \u00e9t\u00e9 fond\u00e9 en 2006 conform\u00e9ment \u00e0 la d\u00e9cision n\u00b0 23 du Minist\u00e8re de l\u2019Enseignement Sup\u00e9rieur, et est devenu un des centres de l\u2019universit\u00e9. Sa cr\u00e9ation r\u00e9sultait de l\u2019accord conclu entre le British Council et le Comit\u00e9 Populaire G\u00e9n\u00e9ral de l\u2019Enseignement Sup\u00e9rieur et de la Recherche Scientifique (anciennement). Le centre a attir\u00e9 d\u00e8s ses d\u00e9buts un nombre consid\u00e9rable d\u2019\u00e9tudiants de l\u2019Universit\u00e9 de Sebha dans quelques classes. Avec l\u2019augmentation du nombre d\u2019\u00e9tudiants et des classes, un nouveau b\u00e2timent a \u00e9t\u00e9 d\u00e9di\u00e9 au centre (actuel) pour accueillir les grandes foules, et des programmes ont \u00e9t\u00e9 lanc\u00e9s pour former les membres du corps enseignant, les \u00e9tudiants de troisi\u00e8me cycle et les assistants d\u2019enseignement.<\/p>\n<p>Dans une autre \u00e9tape, son activit\u00e9 s\u2019est \u00e9tendue pour inclure l\u2019enseignement aux employ\u00e9s des institutions publiques et priv\u00e9es ainsi qu\u2019aux personnes souhaitant apprendre l\u2019anglais \u00e0 leurs frais.<\/p>\n<p>Le centre r\u00e9unit des experts nationaux et \u00e9trangers exp\u00e9riment\u00e9s du British Council, aid\u00e9s par des enseignants nationaux sp\u00e9cialis\u00e9s, chacun selon sa sp\u00e9cialit\u00e9, depuis son ouverture jusqu\u2019au d\u00e9but des \u00e9v\u00e9nements de la r\u00e9volution.<\/p>\n<div  class=\"dima-divider topaz-line\" ><i  class=\"fas fa-star\"><\/i><\/div><h3  class=\"dima-custom-heading\" >Mission du centre<\/h3><ul  class=\"list-style stars\" ><li   >La mission du centre est d\u2019enseigner les langues vivantes aux membres de la soci\u00e9t\u00e9 afin de leur faciliter les interactions avec les locuteurs de ces langues, \u00e0 l\u2019int\u00e9rieur comme \u00e0 l\u2019ext\u00e9rieur du pays, en d\u00e9veloppant les comp\u00e9tences fondamentales de l\u2019enseignement des langues, \u00e0 savoir l\u2019\u00e9coute, la parole, la lecture, puis l\u2019\u00e9criture.<\/li><li   >Superviser les s\u00e9minaires et conf\u00e9rences, en contribuant \u00e0 la traduction vers et depuis l\u2019arabe, que ce soit simultan\u00e9e ou \u00e9crite.<\/li><li   >Adopter l\u2019id\u00e9e d\u2019imprimer et de corriger les recherches, m\u00e9moires de master et th\u00e8ses de doctorat ainsi que les attestations de dipl\u00f4me afin de permettre \u00e0 l\u2019\u00e9tudiant ou \u00e0 l\u2019entit\u00e9 concern\u00e9e d\u2019\u00e9viter les fautes d\u2019orthographe ou les erreurs li\u00e9es \u00e0 la traduction.<\/li><\/ul><h3  class=\"dima-custom-heading\" >Infrastructures du centre<\/h3><ul  class=\"list-style stars\" ><li   >Un amphith\u00e9\u00e2tre \u00e9quip\u00e9 de tous les moyens techniques modernes avec une capacit\u00e9 de 400 places r\u00e9parties entre l\u2019amphith\u00e9\u00e2tre principal et la galerie.<\/li><li   >Le centre dispose de 9 salles \u00e9quip\u00e9es de moyens audiovisuels, avec une capacit\u00e9 d\u2019accueil de 20 \u00e0 30 \u00e9tudiants par salle.<\/li><li   >Une biblioth\u00e8que \u00e9quip\u00e9e de moyens audiovisuels ainsi qu\u2019un grand nombre de manuels, de programmes et de dictionnaires modernes.<\/li><li   >Le centre offre des services de connexion via le r\u00e9seau informatique international (Internet) pendant toutes les heures de cours.<\/li><\/ul><div  class=\"dima-divider topaz-line\" ><i  class=\"fas fa-star\"><\/i><\/div><h3  class=\"dima-custom-heading\" >Les enseignants du centre<\/h3><p>Le centre compte des enseignants nationaux hautement qualifi\u00e9s (niveau master), ainsi qu\u2019un certain nombre d\u2019assistants titulaires d\u2019une licence en anglais avec mention, dont la plupart ont \u00e9t\u00e9 form\u00e9s par le British Council.<\/p>\n<div  class=\"dima-divider topaz-line\" ><i  class=\"fas fa-star\"><\/i><\/div><h3  class=\"dima-custom-heading\" >Programmes d\u2019\u00e9tudes<\/h3><p>Des programmes d\u2019\u00e9tudes accr\u00e9dit\u00e9s par des universit\u00e9s internationales prestigieuses telles qu\u2019Oxford sont enseign\u00e9s.<\/p>\n<ul  class=\"list-style check\" ><li   >Cambridge Empower<\/li><li   >English File<\/li><li   >New English File<\/li><li   >New Headway<\/li><li   >Face 2 Face<\/li><\/ul><div  class=\"dima-divider topaz-line\" ><i  class=\"fas fa-star\"><\/i><\/div><h3  class=\"dima-custom-heading\" >Cours et niveaux<\/h3><p>Le centre enseigne l\u2019anglais sur quatre niveaux : d\u00e9butant, interm\u00e9diaire, interm\u00e9diaire sup\u00e9rieur et avanc\u00e9. Chaque \u00e9tudiant passe un test de positionnement ; selon les r\u00e9sultats, il est class\u00e9. Apr\u00e8s avoir termin\u00e9 le cours, l\u2019\u00e9tudiant obtient un certificat A2.<\/p>\n<div  class=\"dima-divider topaz-line\" ><i  class=\"fas fa-star\"><\/i><\/div><h3  class=\"dima-custom-heading\" >Inscription, admission et renouvellement de l\u2019inscription<\/h3><p>L\u2019inscription et le renouvellement s\u2019effectuent selon les directives du Minist\u00e8re de l\u2019Enseignement Sup\u00e9rieur et de la Recherche Scientifique. Les r\u00e8gles applicables aux facult\u00e9s en mati\u00e8re de d\u00e9but et de fin de semestre s\u2019appliquent \u00e9galement au centre.<\/p>\n<p>Les cibles des cours d\u2019anglais et autres langues sont : &#8211;<\/p>\n<ul  class=\"list-style check\" ><li   >Les assistants des facult\u00e9s affili\u00e9es \u00e0 l\u2019Universit\u00e9 de Sebha<\/li><li   >\u00c9tudiants de troisi\u00e8me cycle (master ou doctorat), qu\u2019ils soient envoy\u00e9s en interne ou en externe.<\/li><li   >Les membres du corps professoral de l\u2019universit\u00e9.<\/li><li   >Les employ\u00e9s de l\u2019universit\u00e9.<\/li><li   >Les \u00e9tudiants autofinanc\u00e9s.<\/li><li   >Les entit\u00e9s publiques.<\/li><li   >Les entit\u00e9s priv\u00e9es.<\/li><li   >Les entreprises \u00e9trang\u00e8res.<\/li><\/ul><div  class=\"dima-divider topaz-line\" ><i  class=\"fas fa-star\"><\/i><\/div><h3  class=\"dima-custom-heading\" >Cours priv\u00e9s<\/h3><p>Concernant les cours priv\u00e9s, qui proposent des formations en anglais pour les entit\u00e9s publiques, les entreprises, etc., elles sont dispens\u00e9es selon le programme demand\u00e9 par l\u2019organisme contractant. Les cours vont du niveau d\u00e9butant \u00e0 avanc\u00e9, selon le r\u00e9sultat du test de positionnement effectu\u00e9 apr\u00e8s l\u2019inscription.<\/p>\n<p>Le centre propose \u00e9galement des cours pr\u00e9paratoires au IELTS.<\/p>\n<div  class=\"dima-divider topaz-line\" ><i  class=\"fas fa-star\"><\/i><\/div><h3  class=\"dima-custom-heading\" >Les enseignants<\/h3><p>Le centre est enseign\u00e9 par un groupe d\u2019excellents professeurs hommes et femmes titulaires d\u2019un master, form\u00e9s par des enseignants natifs anglais du Royaume-Uni, ainsi que par plusieurs assistants et pr\u00e9parateurs de master dans le m\u00eame domaine.<\/p>\n<div  class=\"dima-divider topaz-line\" ><i  class=\"fas fa-star\"><\/i><\/div><h3  class=\"dima-custom-heading\" >Vision future du centre<\/h3><p>La direction du centre aspire \u00e0 faire du Centre de Langues de l\u2019Universit\u00e9 de Sebha un centre d\u2019excellence en termes de performance et de qualit\u00e9 linguistique de ses dipl\u00f4m\u00e9s, et un phare scientifique mondial. \u00c0 court terme, il pourra organiser les examens IELTS, TOEFL et autres examens internationaux dans cet \u00e9tablissement scientifique, d\u00e9passant ainsi son r\u00f4le traditionnel pour devenir un centre d\u2019excellence.<\/p>\n<p>Les examens actuellement organis\u00e9s par le centre et accr\u00e9dit\u00e9s par le British Council sont le KIT et le BIT.<\/p>\n<p>Enfin, le centre est d\u00e9sormais capable de conclure des accords et contrats avec les entit\u00e9s publiques et priv\u00e9es, en plus de sa mission principale qui est la pr\u00e9paration des \u00e9tudiants de troisi\u00e8me cycle pour d\u00e9buter leurs \u00e9tudes. Le centre a aussi le droit de superviser les entit\u00e9s priv\u00e9es qui enseignent l\u2019anglais, d\u2019\u00e9tablir des rapports sur leurs performances, leurs autorisations \u00e0 op\u00e9rer dans ce domaine \u00e9ducatif, et de collaborer avec les entit\u00e9s qu\u2019il juge aptes \u00e0 coop\u00e9rer en s\u2019assurant de la qualit\u00e9 et la formation de leur personnel enseignant.<\/p>\n<p>Pour plus de d\u00e9tails, veuillez contacter le num\u00e9ro 0925142460.<\/p>\n[\/vc_column][\/vc_row]<\/p>\n","protected":false},"excerpt":{"rendered":"<p>[vc_row bg_type=\u00a0\u00bbbg_image\u00a0\u00bb back_attachment=\u00a0\u00bbinherit\u00a0\u00bb dima_canvas_style=\u00a0\u00bb\u00a0\u00bb translate_x=\u00a0\u00bb0&Prime; dima_z_index=\u00a0\u00bb0&Prime; delay=\u00a0\u00bb\u00a0\u00bb delay_duration=\u00a0\u00bb\u00a0\u00bb delay_offset=\u00a0\u00bb\u00a0\u00bb id=\u00a0\u00bb\u00a0\u00bb class=\u00a0\u00bb\u00a0\u00bb di_bg_image=\u00a0\u00bb220&Prime; border_color=\u00a0\u00bb\u00a0\u00bb][vc_column min_height=\u00a0\u00bb\u00a0\u00bb bg_type=\u00a0\u00bb\u00a0\u00bb dima_canvas_style=\u00a0\u00bb\u00a0\u00bb translate_x=\u00a0\u00bb0&Prime; dima_z_index=\u00a0\u00bb0&Prime; delay=\u00a0\u00bb\u00a0\u00bb delay_duration=\u00a0\u00bb\u00a0\u00bb delay_offset=\u00a0\u00bb\u00a0\u00bb width=\u00a0\u00bb1\/1&Prime;][\/vc_column][\/vc_row]<\/p>\n","protected":false},"author":1,"featured_media":0,"parent":0,"menu_order":0,"comment_status":"closed","ping_status":"closed","template":"","meta":{"_bbp_topic_count":0,"_bbp_reply_count":0,"_bbp_total_topic_count":0,"_bbp_total_reply_count":0,"_bbp_voice_count":0,"_bbp_anonymous_reply_count":0,"_bbp_topic_count_hidden":0,"_bbp_reply_count_hidden":0,"_bbp_forum_subforum_count":0,"om_disable_all_campaigns":false,"_monsterinsights_skip_tracking":false,"_monsterinsights_sitenote_active":false,"_monsterinsights_sitenote_note":"","_monsterinsights_sitenote_category":0,"footnotes":""},"class_list":["post-704","page","type-page","status-publish","hentry"],"aioseo_notices":[],"amp_enabled":true,"_links":{"self":[{"href":"https:\/\/sebhau.edu.ly\/lc\/fr\/wp-json\/wp\/v2\/pages\/704","targetHints":{"allow":["GET"]}}],"collection":[{"href":"https:\/\/sebhau.edu.ly\/lc\/fr\/wp-json\/wp\/v2\/pages"}],"about":[{"href":"https:\/\/sebhau.edu.ly\/lc\/fr\/wp-json\/wp\/v2\/types\/page"}],"author":[{"embeddable":true,"href":"https:\/\/sebhau.edu.ly\/lc\/fr\/wp-json\/wp\/v2\/users\/1"}],"replies":[{"embeddable":true,"href":"https:\/\/sebhau.edu.ly\/lc\/fr\/wp-json\/wp\/v2\/comments?post=704"}],"version-history":[{"count":4,"href":"https:\/\/sebhau.edu.ly\/lc\/fr\/wp-json\/wp\/v2\/pages\/704\/revisions"}],"predecessor-version":[{"id":875,"href":"https:\/\/sebhau.edu.ly\/lc\/fr\/wp-json\/wp\/v2\/pages\/704\/revisions\/875"}],"wp:attachment":[{"href":"https:\/\/sebhau.edu.ly\/lc\/fr\/wp-json\/wp\/v2\/media?parent=704"}],"curies":[{"name":"wp","href":"https:\/\/api.w.org\/{rel}","templated":true}]}}