{"id":706,"date":"2022-09-29T10:44:23","date_gmt":"2022-09-29T07:44:23","guid":{"rendered":"https:\/\/sebhau.edu.ly\/lc\/vision\/"},"modified":"2025-08-08T12:40:22","modified_gmt":"2025-08-08T09:40:22","slug":"vision-mission-et-objectifs","status":"publish","type":"page","link":"https:\/\/sebhau.edu.ly\/lc\/fr\/vision-mission-et-objectifs\/","title":{"rendered":"Vision, mission et objectifs"},"content":{"rendered":"<p>[vc_row bg_type=\u00a0\u00bbbg_image\u00a0\u00bb back_repeat=\u00a0\u00bbinherit\u00a0\u00bb back_attachment=\u00a0\u00bbinherit\u00a0\u00bb dima_canvas_style=\u00a0\u00bb\u00a0\u00bb translate_x=\u00a0\u00bb0&Prime; dima_z_index=\u00a0\u00bb0&Prime; delay=\u00a0\u00bb\u00a0\u00bb delay_duration=\u00a0\u00bb\u00a0\u00bb delay_offset=\u00a0\u00bb\u00a0\u00bb id=\u00a0\u00bb\u00a0\u00bb class=\u00a0\u00bb\u00a0\u00bb di_bg_image=\u00a0\u00bb220&Prime; border_color=\u00a0\u00bb\u00a0\u00bb][vc_column min_height=\u00a0\u00bb\u00a0\u00bb bg_type=\u00a0\u00bb\u00a0\u00bb dima_canvas_style=\u00a0\u00bb\u00a0\u00bb translate_x=\u00a0\u00bb0&Prime; dima_z_index=\u00a0\u00bb0&Prime; delay=\u00a0\u00bb\u00a0\u00bb delay_duration=\u00a0\u00bb\u00a0\u00bb delay_offset=\u00a0\u00bb\u00a0\u00bb width=\u00a0\u00bb1\/1&Prime;]<h3  class=\"dima-custom-heading\" ><strong>Vision du centre<\/strong><\/h3><p>L\u2019excellence dans l\u2019enseignement des langues et le service \u00e0 la communaut\u00e9.<\/p>\n<h3  class=\"dima-custom-heading\" ><strong>Mission du centre<\/strong><\/h3><ul  class=\"list-style check\" ><li   >Offrir l\u2019opportunit\u00e9 \u00e0 toute personne souhaitant apprendre les langues enseign\u00e9es au centre.<\/li><li   >Proposer des programmes \u00e9ducatifs vari\u00e9s adapt\u00e9s \u00e0 diff\u00e9rents objectifs, niveaux et besoins dans l\u2019apprentissage des langues.<\/li><li   >Contribuer \u00e0 l\u2019\u00e9l\u00e9vation culturelle de la soci\u00e9t\u00e9 par la diffusion des connaissances linguistiques.<\/li><\/ul><h3  class=\"dima-custom-heading\" ><strong>Objectifs du centre<\/strong><\/h3><ul  class=\"list-style check\" ><li   >Promouvoir la langue arabe ainsi que d\u2019autres langues vivantes.<\/li><li   >Organiser des formations linguistiques \u00e0 diff\u00e9rents niveaux.<\/li><li   >Mettre en \u0153uvre la politique \u00e9ducative de l\u2019universit\u00e9 dans le domaine de l\u2019enseignement des langues.<\/li><li   >R\u00e9pondre aux besoins des \u00e9tudiants via une m\u00e9thodologie acad\u00e9mique bas\u00e9e sur les derni\u00e8res th\u00e9ories et approches p\u00e9dagogiques.<\/li><li   >Former les \u00e9tudiants de troisi\u00e8me cycle et les enseignants envoy\u00e9s \u00e0 l\u2019\u00e9tranger pour leurs \u00e9tudes.<\/li><li   >D\u00e9velopper des liens culturels et scientifiques pour faciliter le transfert des connaissances au niveau national et international.<\/li><li   >R\u00e9aliser des travaux de traduction, d\u2019adaptation linguistique et fournir des conseils sp\u00e9cialis\u00e9s dans le domaine linguistique.<\/li><\/ul>[\/vc_column][\/vc_row]<\/p>\n","protected":false},"excerpt":{"rendered":"<p>[vc_row bg_type=\u00a0\u00bbbg_image\u00a0\u00bb back_repeat=\u00a0\u00bbinherit\u00a0\u00bb back_attachment=\u00a0\u00bbinherit\u00a0\u00bb dima_canvas_style=\u00a0\u00bb\u00a0\u00bb translate_x=\u00a0\u00bb0&Prime; dima_z_index=\u00a0\u00bb0&Prime; delay=\u00a0\u00bb\u00a0\u00bb delay_duration=\u00a0\u00bb\u00a0\u00bb delay_offset=\u00a0\u00bb\u00a0\u00bb id=\u00a0\u00bb\u00a0\u00bb class=\u00a0\u00bb\u00a0\u00bb di_bg_image=\u00a0\u00bb220&Prime; border_color=\u00a0\u00bb\u00a0\u00bb][vc_column min_height=\u00a0\u00bb\u00a0\u00bb bg_type=\u00a0\u00bb\u00a0\u00bb dima_canvas_style=\u00a0\u00bb\u00a0\u00bb translate_x=\u00a0\u00bb0&Prime; dima_z_index=\u00a0\u00bb0&Prime; delay=\u00a0\u00bb\u00a0\u00bb delay_duration=\u00a0\u00bb\u00a0\u00bb delay_offset=\u00a0\u00bb\u00a0\u00bb width=\u00a0\u00bb1\/1&Prime;][\/vc_column][\/vc_row]<\/p>\n","protected":false},"author":1,"featured_media":0,"parent":0,"menu_order":0,"comment_status":"closed","ping_status":"closed","template":"","meta":{"_bbp_topic_count":0,"_bbp_reply_count":0,"_bbp_total_topic_count":0,"_bbp_total_reply_count":0,"_bbp_voice_count":0,"_bbp_anonymous_reply_count":0,"_bbp_topic_count_hidden":0,"_bbp_reply_count_hidden":0,"_bbp_forum_subforum_count":0,"om_disable_all_campaigns":false,"_monsterinsights_skip_tracking":false,"_monsterinsights_sitenote_active":false,"_monsterinsights_sitenote_note":"","_monsterinsights_sitenote_category":0,"footnotes":""},"class_list":["post-706","page","type-page","status-publish","hentry"],"aioseo_notices":[],"amp_enabled":true,"_links":{"self":[{"href":"https:\/\/sebhau.edu.ly\/lc\/fr\/wp-json\/wp\/v2\/pages\/706","targetHints":{"allow":["GET"]}}],"collection":[{"href":"https:\/\/sebhau.edu.ly\/lc\/fr\/wp-json\/wp\/v2\/pages"}],"about":[{"href":"https:\/\/sebhau.edu.ly\/lc\/fr\/wp-json\/wp\/v2\/types\/page"}],"author":[{"embeddable":true,"href":"https:\/\/sebhau.edu.ly\/lc\/fr\/wp-json\/wp\/v2\/users\/1"}],"replies":[{"embeddable":true,"href":"https:\/\/sebhau.edu.ly\/lc\/fr\/wp-json\/wp\/v2\/comments?post=706"}],"version-history":[{"count":3,"href":"https:\/\/sebhau.edu.ly\/lc\/fr\/wp-json\/wp\/v2\/pages\/706\/revisions"}],"predecessor-version":[{"id":847,"href":"https:\/\/sebhau.edu.ly\/lc\/fr\/wp-json\/wp\/v2\/pages\/706\/revisions\/847"}],"wp:attachment":[{"href":"https:\/\/sebhau.edu.ly\/lc\/fr\/wp-json\/wp\/v2\/media?parent=706"}],"curies":[{"name":"wp","href":"https:\/\/api.w.org\/{rel}","templated":true}]}}