{"id":708,"date":"2022-09-29T10:32:43","date_gmt":"2022-09-29T07:32:43","guid":{"rendered":"https:\/\/sebhau.edu.ly\/lc\/home\/"},"modified":"2026-02-02T10:52:48","modified_gmt":"2026-02-02T07:52:48","slug":"home","status":"publish","type":"page","link":"https:\/\/sebhau.edu.ly\/lc\/fr\/","title":{"rendered":"Accueil"},"content":{"rendered":"<p>[vc_row bg_type=\u00a0\u00bb\u00a0\u00bb dima_canvas_style=\u00a0\u00bb\u00a0\u00bb translate_x=\u00a0\u00bb0&Prime; dima_z_index=\u00a0\u00bb0&Prime; delay=\u00a0\u00bb\u00a0\u00bb delay_duration=\u00a0\u00bb\u00a0\u00bb delay_offset=\u00a0\u00bb\u00a0\u00bb top_and_bottom_padding=\u00a0\u00bb\u00a0\u00bb left_and_right_padding=\u00a0\u00bb\u00a0\u00bb id=\u00a0\u00bb\u00a0\u00bb class=\u00a0\u00bb\u00a0\u00bb border_color=\u00a0\u00bb\u00a0\u00bb][vc_column min_height=\u00a0\u00bb\u00a0\u00bb content_position=\u00a0\u00bbcenter\u00a0\u00bb bg_type=\u00a0\u00bb\u00a0\u00bb dima_canvas_style=\u00a0\u00bb\u00a0\u00bb translate_x=\u00a0\u00bb0&Prime; dima_z_index=\u00a0\u00bb0&Prime; animation=\u00a0\u00bbbackInRight\u00a0\u00bb delay=\u00a0\u00bb400&Prime; delay_duration=\u00a0\u00bb\u00a0\u00bb delay_offset=\u00a0\u00bb\u00a0\u00bb top_and_bottom_padding=\u00a0\u00bb0px\u00a0\u00bb left_and_right_padding=\u00a0\u00bb\u00a0\u00bb width=\u00a0\u00bb1\/2&Prime; id=\u00a0\u00bb\u00a0\u00bb class=\u00a0\u00bb\u00a0\u00bb style=\u00a0\u00bb\u00a0\u00bb border_color=\u00a0\u00bb\u00a0\u00bb]<h2 style=\"text-align: center; color: blue;\">\u00c0 propos du centre<\/h2>\n<div  class=\"dima-divider topaz-line\" ><i  class=\"fa fa-stop\"><\/i><\/div><p>Le centre a \u00e9t\u00e9 fond\u00e9 en 2006 suite \u00e0 la d\u00e9cision num\u00e9ro 23 du minist\u00e8re de l&rsquo;Enseignement sup\u00e9rieur. Il est devenu l&rsquo;un des centres de l&rsquo;universit\u00e9 et sa cr\u00e9ation fait suite \u00e0 un accord sign\u00e9 entre le British Council et le Comit\u00e9 populaire g\u00e9n\u00e9ral pour l&rsquo;enseignement sup\u00e9rieur et la recherche scientifique (anciennement). Au d\u00e9but, le centre a attir\u00e9 un nombre cons\u00e9quent d\u2019\u00e9tudiants de l\u2019Universit\u00e9 de Sebha dans quelques classes seulement. Apr\u00e8s l\u2019augmentation du nombre d\u2019\u00e9tudiants et des classes, un nouveau b\u00e2timent (actuel) a \u00e9t\u00e9 d\u00e9di\u00e9 au centre pour accueillir ces effectifs, et des programmes de formation ont \u00e9t\u00e9 lanc\u00e9s pour les membres du corps enseignant, les \u00e9tudiants de troisi\u00e8me cycle et les assistants d\u2019enseignement.<\/p>\n[vc_row_inner bg_type=\u00a0\u00bb\u00a0\u00bb dima_canvas_style=\u00a0\u00bb\u00a0\u00bb translate_x=\u00a0\u00bb0&Prime; dima_z_index=\u00a0\u00bb0&Prime; top_and_bottom_padding=\u00a0\u00bb\u00a0\u00bb left_and_right_padding=\u00a0\u00bb\u00a0\u00bb][vc_column_inner delay=\u00a0\u00bb\u00a0\u00bb delay_duration=\u00a0\u00bb\u00a0\u00bb delay_offset=\u00a0\u00bb\u00a0\u00bb translate_x=\u00a0\u00bb0&Prime; dima_z_index=\u00a0\u00bb0&Prime; width=\u00a0\u00bb1\/3&Prime;]<a href='https:\/\/sebhau.edu.ly\/lc\/vision\/' target=\"_blank\" rel=\"noopener\"><div  class=\"dima-iconbox no-box text-center features-box\" ><header  class=\"icon-box-header\" ><span style=\"color:#8e2000;\" class=\"svg_icon  box-circle icon-box-small  icon-box-hover\" ><i class=\"fas fa-eye\"><\/i><\/span><\/header><div  class=\"features-content\" ><h5 class=\"features-title\" ><\/h5>Vision<\/div><\/div><\/a>[\/vc_column_inner][vc_column_inner delay=\u00a0\u00bb\u00a0\u00bb delay_duration=\u00a0\u00bb\u00a0\u00bb delay_offset=\u00a0\u00bb\u00a0\u00bb translate_x=\u00a0\u00bb0&Prime; dima_z_index=\u00a0\u00bb0&Prime; width=\u00a0\u00bb1\/3&Prime;]<a href='https:\/\/sebhau.edu.ly\/lc\/vision\/' target=\"_blank\" rel=\"noopener\"><div  class=\"dima-iconbox no-box text-center features-box\" ><header  class=\"icon-box-header\" ><span style=\"color:#8e2000;\" class=\"svg_icon  box-circle icon-box-small  icon-box-hover\" ><i class=\"fas fa-envelope-open\"><\/i><\/span><\/header><div  class=\"features-content\" ><h5 class=\"features-title\" ><\/h5>Mission<\/div><\/div><\/a>[\/vc_column_inner][vc_column_inner delay=\u00a0\u00bb\u00a0\u00bb delay_duration=\u00a0\u00bb\u00a0\u00bb delay_offset=\u00a0\u00bb\u00a0\u00bb translate_x=\u00a0\u00bb0&Prime; dima_z_index=\u00a0\u00bb0&Prime; width=\u00a0\u00bb1\/3&Prime;]<a href='https:\/\/sebhau.edu.ly\/lc\/vision\/' ><div  class=\"dima-iconbox no-box text-center features-box\" ><header  class=\"icon-box-header\" ><span style=\"color:#8e2000;\" class=\"svg_icon  box-circle icon-box-small  icon-box-hover\" ><i class=\"fas fa-bullseye\"><\/i><\/span><\/header><div  class=\"features-content\" ><h5 class=\"features-title\" ><\/h5>Objectifs<\/div><\/div><\/a>[\/vc_column_inner][\/vc_row_inner][\/vc_column][vc_column min_height=\u00a0\u00bb\u00a0\u00bb content_position=\u00a0\u00bbend\u00a0\u00bb float=\u00a0\u00bbcenter\u00a0\u00bb bg_type=\u00a0\u00bb\u00a0\u00bb dima_canvas_style=\u00a0\u00bb\u00a0\u00bb translate_x=\u00a0\u00bb0&Prime; dima_z_index=\u00a0\u00bb0&Prime; animation=\u00a0\u00bbfadeInLeft\u00a0\u00bb delay=\u00a0\u00bb400&Prime; delay_duration=\u00a0\u00bb\u00a0\u00bb delay_offset=\u00a0\u00bb\u00a0\u00bb top_and_bottom_padding=\u00a0\u00bb\u00a0\u00bb left_and_right_padding=\u00a0\u00bb\u00a0\u00bb width=\u00a0\u00bb1\/2&Prime; id=\u00a0\u00bb\u00a0\u00bb class=\u00a0\u00bb\u00a0\u00bb style=\u00a0\u00bb\u00a0\u00bb border_color=\u00a0\u00bb\u00a0\u00bb]<div  class=\"dima-flexslider\"><div  class=\"flexslider sample-slide small-control flexslider-1true dima-six-thumb\" data-dima-element=\"slider\" data-dima-params=\"{&quot;animation&quot;:&quot;fade&quot;,&quot;slideshowSpeed&quot;:&quot;7000&quot;,&quot;slideSpeed&quot;:&quot;600&quot;,&quot;controlNav&quot;:&quot;true&quot;,&quot;directionNav&quot;:false,&quot;slideshow&quot;:true,&quot;random&quot;:false,&quot;is_rtl&quot;:false}\" ><ul class=\"slides\"><li data-thumb=\"https:\/\/sebhau.edu.ly\/lc\/wp-content\/uploads\/2022\/09\/about5-100x100.jpg\"  class=\"slide-item\" ><div class=\"column-item overflow-hidden text-center rounded\"><img loading=\"lazy\" decoding=\"async\" width=\"960\" height=\"530\"  class=\"dima-img \" src=\"https:\/\/sebhau.edu.ly\/lc\/wp-content\/uploads\/2022\/09\/about5.jpg\"   alt=\"\"><\/div><\/li><li data-thumb=\"https:\/\/sebhau.edu.ly\/lc\/wp-content\/uploads\/2022\/09\/about-2-100x100.jpg\"  class=\"slide-item\" ><div class=\"column-item overflow-hidden text-center rounded\"><img loading=\"lazy\" decoding=\"async\" width=\"960\" height=\"531\"  class=\"dima-img \" src=\"https:\/\/sebhau.edu.ly\/lc\/wp-content\/uploads\/2022\/09\/about-2.jpg\"   alt=\"\"><\/div><\/li><li data-thumb=\"https:\/\/sebhau.edu.ly\/lc\/wp-content\/uploads\/2022\/09\/about-1-100x100.jpg\"  class=\"slide-item\" ><div class=\"column-item overflow-hidden text-center columns-2 rounded\"><a data-lightbox=image  class=\"overlay dima-img  rounded\"  href=\"https:\/\/sebhau.edu.ly\/lc\/wp-content\/uploads\/2022\/09\/about-1.jpg\"   ><img loading=\"lazy\" decoding=\"async\" src=\"https:\/\/sebhau.edu.ly\/lc\/wp-content\/uploads\/2022\/09\/about-1.jpg\" alt=\"\" width=\"927\" height=\"540\"><\/a><\/div><\/li><li data-thumb=\"https:\/\/sebhau.edu.ly\/lc\/wp-content\/uploads\/2022\/09\/about3-100x100.jpg\"  class=\"slide-item\" ><div class=\"column-item overflow-hidden text-center rounded\"><a data-lightbox=image  class=\"overlay dima-img  rounded\"  href=\"https:\/\/sebhau.edu.ly\/lc\/wp-content\/uploads\/2022\/09\/about3.jpg\"   ><img loading=\"lazy\" decoding=\"async\" src=\"https:\/\/sebhau.edu.ly\/lc\/wp-content\/uploads\/2022\/09\/about3.jpg\" alt=\"\" width=\"960\" height=\"530\"><\/a><\/div><\/li><li data-thumb=\"https:\/\/sebhau.edu.ly\/lc\/wp-content\/uploads\/2022\/09\/about-4-100x100.jpg\"  class=\"slide-item\" ><div class=\"column-item overflow-hidden text-center rounded\"><a data-lightbox=image  class=\"overlay dima-img  rounded\"  href=\"https:\/\/sebhau.edu.ly\/lc\/wp-content\/uploads\/2022\/09\/about-4.jpg\"   ><img loading=\"lazy\" decoding=\"async\" src=\"https:\/\/sebhau.edu.ly\/lc\/wp-content\/uploads\/2022\/09\/about-4.jpg\" alt=\"\" width=\"960\" height=\"530\"><\/a><\/div><\/li><\/ul><\/div><\/div>[\/vc_column][\/vc_row][vc_row equal_height=\u00a0\u00bbtrue\u00a0\u00bb bg_type=\u00a0\u00bb\u00a0\u00bb dima_canvas_style=\u00a0\u00bb\u00a0\u00bb translate_x=\u00a0\u00bb0&Prime; dima_z_index=\u00a0\u00bb0&Prime; delay=\u00a0\u00bb\u00a0\u00bb delay_duration=\u00a0\u00bb\u00a0\u00bb delay_offset=\u00a0\u00bb\u00a0\u00bb id=\u00a0\u00bb\u00a0\u00bb class=\u00a0\u00bb\u00a0\u00bb border_color=\u00a0\u00bb\u00a0\u00bb css=\u00a0\u00bb.vc_custom_1664266050938{background-color: #fafafa !important;}\u00a0\u00bb][vc_column min_height=\u00a0\u00bb\u00a0\u00bb bg_type=\u00a0\u00bb\u00a0\u00bb dima_canvas_style=\u00a0\u00bb\u00a0\u00bb translate_x=\u00a0\u00bb0&Prime; dima_z_index=\u00a0\u00bb0&Prime; delay=\u00a0\u00bb\u00a0\u00bb delay_duration=\u00a0\u00bb\u00a0\u00bb delay_offset=\u00a0\u00bb\u00a0\u00bb width=\u00a0\u00bb1\/1&Prime;]<h2 style=\"text-align: center; color: blue;\">Les infrastructures disponibles<\/h2>\n<div  class=\"dima-divider topaz-line\" ><i  class=\"fa fa-stop\"><\/i><\/div>[vc_row_inner bg_type=\u00a0\u00bb\u00a0\u00bb dima_canvas_style=\u00a0\u00bb\u00a0\u00bb translate_x=\u00a0\u00bb0&Prime; dima_z_index=\u00a0\u00bb0&Prime;][vc_column_inner delay=\u00a0\u00bb\u00a0\u00bb delay_duration=\u00a0\u00bb\u00a0\u00bb delay_offset=\u00a0\u00bb\u00a0\u00bb translate_x=\u00a0\u00bb0&Prime; dima_z_index=\u00a0\u00bb0&Prime; width=\u00a0\u00bb1\/4&Prime;][vc_hoverbox image=\u00a0\u00bb526&Prime; primary_title=\u00a0\u00bb\u00a0\u00bb hover_title=\u00a0\u00bbSalles de classe\u00a0\u00bb]Le centre comprend 8 salles de classe.[\/vc_hoverbox][\/vc_column_inner][vc_column_inner delay=\u00a0\u00bb\u00a0\u00bb delay_duration=\u00a0\u00bb\u00a0\u00bb delay_offset=\u00a0\u00bb\u00a0\u00bb translate_x=\u00a0\u00bb0&Prime; dima_z_index=\u00a0\u00bb0&Prime; width=\u00a0\u00bb1\/4&Prime;][vc_hoverbox image=\u00a0\u00bb510&Prime; primary_title=\u00a0\u00bb\u00a0\u00bb hover_title=\u00a0\u00bbAmphith\u00e9\u00e2tre\u00a0\u00bb]Le centre comprend 1 amphith\u00e9\u00e2tre.[\/vc_hoverbox][\/vc_column_inner][vc_column_inner delay=\u00a0\u00bb\u00a0\u00bb delay_duration=\u00a0\u00bb\u00a0\u00bb delay_offset=\u00a0\u00bb\u00a0\u00bb translate_x=\u00a0\u00bb0&Prime; dima_z_index=\u00a0\u00bb0&Prime; width=\u00a0\u00bb1\/4&Prime;][vc_hoverbox image=\u00a0\u00bb528&Prime; primary_title=\u00a0\u00bb\u00a0\u00bb hover_title=\u00a0\u00bbBiblioth\u00e8que\u00a0\u00bb]Le centre comprend 1 biblioth\u00e8que.[\/vc_hoverbox][\/vc_column_inner][vc_column_inner delay=\u00a0\u00bb\u00a0\u00bb delay_duration=\u00a0\u00bb\u00a0\u00bb delay_offset=\u00a0\u00bb\u00a0\u00bb translate_x=\u00a0\u00bb0&Prime; dima_z_index=\u00a0\u00bb0&Prime; width=\u00a0\u00bb1\/4&Prime;]<div  class=\"dima-clear\" style=\"padding-bottom:55px\"><\/div><a   data-direction=\"down\" class=\"dima-button  dima-btn-rounded fill dima-btn-small float-center\"  href=\"https:\/\/sebhau.edu.ly\/lc\/wp-content\/uploads\/2022\/10\/\u0627\u0644\u062a\u0642\u0631\u064a\u0631-\u0627\u0644\u0633\u0646\u0648\u064a-\u0644\u0645\u0631\u0643\u0632-\u0627\u0644\u0644\u063a\u0627\u062a-\u0644\u0644\u0639\u0627\u0645-2021.pdf\"  target=\"_blank\" rel=\"noopener\"  >Rapport Annuel 2021<\/a>[\/vc_column_inner][\/vc_row_inner][\/vc_column][\/vc_row][vc_row bg_type=\u00a0\u00bb\u00a0\u00bb dima_canvas_style=\u00a0\u00bb\u00a0\u00bb translate_x=\u00a0\u00bb0&Prime; dima_z_index=\u00a0\u00bb0&Prime; delay=\u00a0\u00bb\u00a0\u00bb delay_duration=\u00a0\u00bb\u00a0\u00bb delay_offset=\u00a0\u00bb\u00a0\u00bb][vc_column min_height=\u00a0\u00bb\u00a0\u00bb bg_type=\u00a0\u00bb\u00a0\u00bb dima_canvas_style=\u00a0\u00bb\u00a0\u00bb translate_x=\u00a0\u00bb0&Prime; dima_z_index=\u00a0\u00bb0&Prime; delay=\u00a0\u00bb\u00a0\u00bb delay_duration=\u00a0\u00bb\u00a0\u00bb delay_offset=\u00a0\u00bb\u00a0\u00bb width=\u00a0\u00bb1\/1&Prime;]<p>&nbsp;<\/p>\n<h2 style=\"text-align: center; color: blue;\">Langues enseign\u00e9es<\/h2>\n<div  class=\"dima-divider topaz-line\" ><i  class=\"fa fa-stop\"><\/i><\/div>[vc_row_inner bg_type=\u00a0\u00bb\u00a0\u00bb dima_canvas_style=\u00a0\u00bb\u00a0\u00bb translate_x=\u00a0\u00bb0&Prime; dima_z_index=\u00a0\u00bb0&Prime; id=\u00a0\u00bb\u00a0\u00bb class=\u00a0\u00bb\u00a0\u00bb style=\u00a0\u00bb\u00a0\u00bb border_color=\u00a0\u00bb\u00a0\u00bb][vc_column_inner content_position=\u00a0\u00bbcenter\u00a0\u00bb float=\u00a0\u00bbcenter\u00a0\u00bb animation=\u00a0\u00bbswing\u00a0\u00bb delay=\u00a0\u00bb400&Prime; delay_duration=\u00a0\u00bb\u00a0\u00bb delay_offset=\u00a0\u00bb\u00a0\u00bb translate_x=\u00a0\u00bb0&Prime; dima_z_index=\u00a0\u00bb0&Prime; width=\u00a0\u00bb1\/4&Prime; id=\u00a0\u00bb\u00a0\u00bb class=\u00a0\u00bb\u00a0\u00bb style=\u00a0\u00bb\u00a0\u00bb border_color=\u00a0\u00bb\u00a0\u00bb]<a href='https:\/\/sebhau.edu.ly\/lc\/wp-content\/uploads\/2022\/11\/en-trining.pdf' target=\"_blank\" rel=\"noopener\"><div  class=\"dima-iconbox no-box text-center features-box\" ><header  class=\"icon-box-header\" ><div class=\"image-cropper thumb  medium  \" ><img loading=\"lazy\" decoding=\"async\" class=\"background-image\" src=\"https:\/\/sebhau.edu.ly\/lc\/wp-content\/uploads\/2022\/11\/enlogo.png\" width=\"5000\" height=\"5000\" alt=\"Anglais\"><\/div><\/header><div  class=\"features-content\" ><h5 class=\"features-title\" >Anglais<\/h5><\/div><\/div><\/a>[\/vc_column_inner][vc_column_inner content_position=\u00a0\u00bbcenter\u00a0\u00bb float=\u00a0\u00bbend\u00a0\u00bb animation=\u00a0\u00bbswing\u00a0\u00bb delay=\u00a0\u00bb900&Prime; delay_duration=\u00a0\u00bb\u00a0\u00bb delay_offset=\u00a0\u00bb\u00a0\u00bb translate_x=\u00a0\u00bb0&Prime; dima_z_index=\u00a0\u00bb0&Prime; width=\u00a0\u00bb1\/4&Prime; id=\u00a0\u00bb\u00a0\u00bb class=\u00a0\u00bb\u00a0\u00bb style=\u00a0\u00bb\u00a0\u00bb border_color=\u00a0\u00bb\u00a0\u00bb]<a href='https:\/\/sebhau.edu.ly\/lc\/wp-content\/uploads\/2022\/11\/fr-trining.pdf' target=\"_blank\" rel=\"noopener\"><div  class=\"dima-iconbox no-box text-center features-box\" ><header  class=\"icon-box-header\" ><div class=\"image-cropper thumb  medium  \" ><img loading=\"lazy\" decoding=\"async\" class=\"background-image\" src=\"https:\/\/sebhau.edu.ly\/lc\/wp-content\/uploads\/2022\/11\/frlogo.png\" width=\"5000\" height=\"5000\" alt=\"Fran\u00e7ais\"><\/div><\/header><div  class=\"features-content\" ><h5 class=\"features-title\" >Fran\u00e7ais<\/h5><\/div><\/div><\/a>[\/vc_column_inner][vc_column_inner content_position=\u00a0\u00bbcenter\u00a0\u00bb float=\u00a0\u00bbend\u00a0\u00bb animation=\u00a0\u00bbswing\u00a0\u00bb delay=\u00a0\u00bb1400&Prime; delay_duration=\u00a0\u00bb\u00a0\u00bb delay_offset=\u00a0\u00bb\u00a0\u00bb translate_x=\u00a0\u00bb0&Prime; dima_z_index=\u00a0\u00bb0&Prime; width=\u00a0\u00bb1\/4&Prime; id=\u00a0\u00bb\u00a0\u00bb class=\u00a0\u00bb\u00a0\u00bb style=\u00a0\u00bb\u00a0\u00bb border_color=\u00a0\u00bb\u00a0\u00bb]<a href='https:\/\/sebhau.edu.ly\/lc\/wp-content\/uploads\/2022\/11\/gr-trining.pdf' ><div  class=\"dima-iconbox no-box text-center features-box\" ><header  class=\"icon-box-header\" ><div class=\"image-cropper thumb  medium  box-circle \" ><img loading=\"lazy\" decoding=\"async\" class=\"background-image\" src=\"https:\/\/sebhau.edu.ly\/lc\/wp-content\/uploads\/2022\/11\/gerlogo.jpeg\" width=\"1080\" height=\"1080\" alt=\"\"><\/div><\/header><div  class=\"features-content\" ><h5 class=\"features-title\" >Allemand<\/h5><\/div><\/div><\/a>[\/vc_column_inner][vc_column_inner content_position=\u00a0\u00bbcenter\u00a0\u00bb float=\u00a0\u00bbend\u00a0\u00bb animation=\u00a0\u00bbswing\u00a0\u00bb delay=\u00a0\u00bb1900&Prime; delay_duration=\u00a0\u00bb\u00a0\u00bb delay_offset=\u00a0\u00bb\u00a0\u00bb translate_x=\u00a0\u00bb0&Prime; dima_z_index=\u00a0\u00bb0&Prime; width=\u00a0\u00bb1\/4&Prime; id=\u00a0\u00bb\u00a0\u00bb class=\u00a0\u00bb\u00a0\u00bb style=\u00a0\u00bb\u00a0\u00bb border_color=\u00a0\u00bb\u00a0\u00bb]<a href='https:\/\/sebhau.edu.ly\/lc\/wp-content\/uploads\/2022\/11\/ch-trining.pdf' target=\"_blank\" rel=\"noopener\"><div  class=\"dima-iconbox no-box text-center features-box\" ><header  class=\"icon-box-header\" ><div class=\"image-cropper thumb  medium  box-circle \" ><img loading=\"lazy\" decoding=\"async\" class=\"background-image\" src=\"https:\/\/sebhau.edu.ly\/lc\/wp-content\/uploads\/2022\/11\/chlogo.png\" width=\"5000\" height=\"5000\" alt=\"Chinois\"><\/div><\/header><div  class=\"features-content\" ><h5 class=\"features-title\" >Chinois<\/h5><\/div><\/div><\/a>[\/vc_column_inner][\/vc_row_inner][\/vc_column][\/vc_row][vc_row no_padding=\u00a0\u00bbtrue\u00a0\u00bb content_position=\u00a0\u00bbcenter\u00a0\u00bb bg_type=\u00a0\u00bb\u00a0\u00bb dima_canvas_style=\u00a0\u00bb\u00a0\u00bb translate_x=\u00a0\u00bb0&Prime; dima_z_index=\u00a0\u00bb0&Prime; delay=\u00a0\u00bb\u00a0\u00bb delay_duration=\u00a0\u00bb\u00a0\u00bb delay_offset=\u00a0\u00bb\u00a0\u00bb id=\u00a0\u00bb\u00a0\u00bb class=\u00a0\u00bb\u00a0\u00bb border_color=\u00a0\u00bb\u00a0\u00bb css=\u00a0\u00bb.vc_custom_1667298025429{background-color: #000847 !important;}\u00a0\u00bb][vc_column min_height=\u00a0\u00bb\u00a0\u00bb bg_type=\u00a0\u00bb\u00a0\u00bb dima_canvas_style=\u00a0\u00bb\u00a0\u00bb translate_x=\u00a0\u00bb0&Prime; dima_z_index=\u00a0\u00bb0&Prime; delay=\u00a0\u00bb\u00a0\u00bb delay_duration=\u00a0\u00bb\u00a0\u00bb delay_offset=\u00a0\u00bb\u00a0\u00bb width=\u00a0\u00bb1\/1&Prime;]<div  class=\"dima-clear\" style=\"padding-bottom:30px\"><\/div><h2 style=\"text-align: center; color: white;\">Contactez-nous<\/h2>\n<div  class=\"dima-divider topaz-line\" ><i  class=\"fa fa-stop\"><\/i><\/div>[vc_row_inner bg_type=\u00a0\u00bb\u00a0\u00bb dima_canvas_style=\u00a0\u00bb\u00a0\u00bb translate_x=\u00a0\u00bb0&Prime; dima_z_index=\u00a0\u00bb0&Prime;][vc_column_inner animation=\u00a0\u00bbflipInX\u00a0\u00bb delay=\u00a0\u00bb400&Prime; delay_duration=\u00a0\u00bb\u00a0\u00bb delay_offset=\u00a0\u00bb\u00a0\u00bb translate_x=\u00a0\u00bb0&Prime; dima_z_index=\u00a0\u00bb0&Prime; width=\u00a0\u00bb1\/3&Prime; id=\u00a0\u00bb\u00a0\u00bb class=\u00a0\u00bb\u00a0\u00bb style=\u00a0\u00bb\u00a0\u00bb border_color=\u00a0\u00bb\u00a0\u00bb]<div  class=\"dima-iconbox background-hover topaz-hover features-box text-center features-box\" ><header  class=\"icon-box-header\" ><span style=\"color:#8e2000;\" class=\"svg_icon  box-circle icon-box-small  icon-box-hover\" ><i class=\"fas fa-map-marked-alt\"><\/i><\/span><\/header><div  class=\"features-content\" ><h5 class=\"features-title\" ><\/h5>\n<p style=\"text-align: center;\"><span style=\"color: #ffffff;\"><strong>Sebha &#8211; Secondaire<\/strong><\/span><\/p>\n<p style=\"text-align: center;\"><span style=\"color: #ffffff;\"><strong>Campus &#8211; Derri\u00e8re la Facult\u00e9 des Sciences<\/strong><\/span><\/p>\n<\/div><\/div>[\/vc_column_inner][vc_column_inner animation=\u00a0\u00bbflipInX\u00a0\u00bb delay=\u00a0\u00bb900&Prime; delay_duration=\u00a0\u00bb\u00a0\u00bb delay_offset=\u00a0\u00bb\u00a0\u00bb translate_x=\u00a0\u00bb0&Prime; dima_z_index=\u00a0\u00bb0&Prime; width=\u00a0\u00bb1\/3&Prime; id=\u00a0\u00bb\u00a0\u00bb class=\u00a0\u00bb\u00a0\u00bb style=\u00a0\u00bb\u00a0\u00bb border_color=\u00a0\u00bb\u00a0\u00bb]<div  class=\"dima-iconbox background-hover topaz-hover features-box text-center features-box\" ><header  class=\"icon-box-header\" ><span style=\"color:#8e2000;\" class=\"svg_icon  box-circle icon-box-small  icon-box-hover\" ><i class=\"fas fa-phone\"><\/i><\/span><\/header><div  class=\"features-content\" ><h5 class=\"features-title\" ><\/h5>\n<p style=\"text-align: center;\"><span style=\"color: #ffffff;\"><strong>00218-71-2632540<\/strong><\/span><\/p>\n<p style=\"text-align: center;\"><span style=\"color: #ffffff;\"><strong>00218-71-2630584<\/strong><\/span><\/p>\n<\/div><\/div>[\/vc_column_inner][vc_column_inner animation=\u00a0\u00bbflipInX\u00a0\u00bb delay=\u00a0\u00bb1300&Prime; delay_duration=\u00a0\u00bb\u00a0\u00bb delay_offset=\u00a0\u00bb\u00a0\u00bb translate_x=\u00a0\u00bb0&Prime; dima_z_index=\u00a0\u00bb0&Prime; width=\u00a0\u00bb1\/3&Prime; id=\u00a0\u00bb\u00a0\u00bb class=\u00a0\u00bb\u00a0\u00bb style=\u00a0\u00bb\u00a0\u00bb border_color=\u00a0\u00bb\u00a0\u00bb]<div  class=\"dima-iconbox background-hover topaz-hover features-box text-center features-box\" ><header  class=\"icon-box-header\" ><span style=\"color:#8e2000;\" class=\"svg_icon  box-circle icon-box-small  icon-box-hover\" ><i class=\"fas fa-at\"><\/i><\/span><\/header><div  class=\"features-content\" ><h5 class=\"features-title\" ><\/h5>\n<p style=\"text-align: center;\"><span style=\"color: #ffffff;\"><strong>ulc@sebhau.edu.ly<\/strong><\/span><\/p>\n<\/div><\/div>[\/vc_column_inner][\/vc_row_inner][\/vc_column][\/vc_row]<\/p>\n","protected":false},"excerpt":{"rendered":"<p>[vc_row bg_type=\u00a0\u00bb\u00a0\u00bb dima_canvas_style=\u00a0\u00bb\u00a0\u00bb translate_x=\u00a0\u00bb0&Prime; dima_z_index=\u00a0\u00bb0&Prime; delay=\u00a0\u00bb\u00a0\u00bb delay_duration=\u00a0\u00bb\u00a0\u00bb delay_offset=\u00a0\u00bb\u00a0\u00bb top_and_bottom_padding=\u00a0\u00bb\u00a0\u00bb left_and_right_padding=\u00a0\u00bb\u00a0\u00bb id=\u00a0\u00bb\u00a0\u00bb class=\u00a0\u00bb\u00a0\u00bb border_color=\u00a0\u00bb\u00a0\u00bb][vc_column min_height=\u00a0\u00bb\u00a0\u00bb content_position=\u00a0\u00bbcenter\u00a0\u00bb bg_type=\u00a0\u00bb\u00a0\u00bb dima_canvas_style=\u00a0\u00bb\u00a0\u00bb translate_x=\u00a0\u00bb0&Prime; dima_z_index=\u00a0\u00bb0&Prime; animation=\u00a0\u00bbbackInRight\u00a0\u00bb delay=\u00a0\u00bb400&Prime; delay_duration=\u00a0\u00bb\u00a0\u00bb delay_offset=\u00a0\u00bb\u00a0\u00bb top_and_bottom_padding=\u00a0\u00bb0px\u00a0\u00bb left_and_right_padding=\u00a0\u00bb\u00a0\u00bb width=\u00a0\u00bb1\/2&Prime; id=\u00a0\u00bb\u00a0\u00bb class=\u00a0\u00bb\u00a0\u00bb style=\u00a0\u00bb\u00a0\u00bb border_color=\u00a0\u00bb\u00a0\u00bb][vc_row_inner bg_type=\u00a0\u00bb\u00a0\u00bb dima_canvas_style=\u00a0\u00bb\u00a0\u00bb translate_x=\u00a0\u00bb0&Prime; dima_z_index=\u00a0\u00bb0&Prime; top_and_bottom_padding=\u00a0\u00bb\u00a0\u00bb left_and_right_padding=\u00a0\u00bb\u00a0\u00bb][vc_column_inner delay=\u00a0\u00bb\u00a0\u00bb delay_duration=\u00a0\u00bb\u00a0\u00bb delay_offset=\u00a0\u00bb\u00a0\u00bb translate_x=\u00a0\u00bb0&Prime; dima_z_index=\u00a0\u00bb0&Prime; width=\u00a0\u00bb1\/3&Prime;][\/vc_column_inner][vc_column_inner delay=\u00a0\u00bb\u00a0\u00bb delay_duration=\u00a0\u00bb\u00a0\u00bb delay_offset=\u00a0\u00bb\u00a0\u00bb translate_x=\u00a0\u00bb0&Prime; dima_z_index=\u00a0\u00bb0&Prime; width=\u00a0\u00bb1\/3&Prime;][\/vc_column_inner][vc_column_inner delay=\u00a0\u00bb\u00a0\u00bb delay_duration=\u00a0\u00bb\u00a0\u00bb delay_offset=\u00a0\u00bb\u00a0\u00bb translate_x=\u00a0\u00bb0&Prime; dima_z_index=\u00a0\u00bb0&Prime; width=\u00a0\u00bb1\/3&Prime;][\/vc_column_inner][\/vc_row_inner][\/vc_column][vc_column min_height=\u00a0\u00bb\u00a0\u00bb [&hellip;]<\/p>\n","protected":false},"author":1,"featured_media":0,"parent":0,"menu_order":0,"comment_status":"closed","ping_status":"closed","template":"","meta":{"_bbp_topic_count":0,"_bbp_reply_count":0,"_bbp_total_topic_count":0,"_bbp_total_reply_count":0,"_bbp_voice_count":0,"_bbp_anonymous_reply_count":0,"_bbp_topic_count_hidden":0,"_bbp_reply_count_hidden":0,"_bbp_forum_subforum_count":0,"om_disable_all_campaigns":false,"_monsterinsights_skip_tracking":false,"_monsterinsights_sitenote_active":false,"_monsterinsights_sitenote_note":"","_monsterinsights_sitenote_category":0,"footnotes":""},"class_list":["post-708","page","type-page","status-publish","hentry"],"aioseo_notices":[],"amp_enabled":false,"_links":{"self":[{"href":"https:\/\/sebhau.edu.ly\/lc\/fr\/wp-json\/wp\/v2\/pages\/708","targetHints":{"allow":["GET"]}}],"collection":[{"href":"https:\/\/sebhau.edu.ly\/lc\/fr\/wp-json\/wp\/v2\/pages"}],"about":[{"href":"https:\/\/sebhau.edu.ly\/lc\/fr\/wp-json\/wp\/v2\/types\/page"}],"author":[{"embeddable":true,"href":"https:\/\/sebhau.edu.ly\/lc\/fr\/wp-json\/wp\/v2\/users\/1"}],"replies":[{"embeddable":true,"href":"https:\/\/sebhau.edu.ly\/lc\/fr\/wp-json\/wp\/v2\/comments?post=708"}],"version-history":[{"count":14,"href":"https:\/\/sebhau.edu.ly\/lc\/fr\/wp-json\/wp\/v2\/pages\/708\/revisions"}],"predecessor-version":[{"id":913,"href":"https:\/\/sebhau.edu.ly\/lc\/fr\/wp-json\/wp\/v2\/pages\/708\/revisions\/913"}],"wp:attachment":[{"href":"https:\/\/sebhau.edu.ly\/lc\/fr\/wp-json\/wp\/v2\/media?parent=708"}],"curies":[{"name":"wp","href":"https:\/\/api.w.org\/{rel}","templated":true}]}}