{"id":2412,"date":"2026-02-01T17:07:05","date_gmt":"2026-02-01T17:07:05","guid":{"rendered":"https:\/\/sebhau.edu.ly\/qao\/%d8%a7%d9%84%d8%b1%d8%a6%d9%8a%d8%b3%d9%8a%d8%a9\/"},"modified":"2026-02-02T01:00:00","modified_gmt":"2026-02-02T01:00:00","slug":"%d8%a7%d9%84%d8%b1%d8%a6%d9%8a%d8%b3%d9%8a%d8%a9","status":"publish","type":"page","link":"https:\/\/sebhau.edu.ly\/qao\/fr\/","title":{"rendered":"Accueil"},"content":{"rendered":"<p>[vc_row no_padding=\u00a0\u00bbtrue\u00a0\u00bb content_position=\u00a0\u00bbcenter\u00a0\u00bb bg_type=\u00a0\u00bb\u00a0\u00bb dima_canvas_style=\u00a0\u00bb\u00a0\u00bb translate_x=\u00a0\u00bb0&Prime; dima_z_index=\u00a0\u00bb0&Prime; delay=\u00a0\u00bb\u00a0\u00bb delay_duration=\u00a0\u00bb\u00a0\u00bb delay_offset=\u00a0\u00bb\u00a0\u00bb id=\u00a0\u00bb\u00a0\u00bb class=\u00a0\u00bb\u00a0\u00bb border_color=\u00a0\u00bb\u00a0\u00bb][vc_column min_height=\u00a0\u00bb\u00a0\u00bb bg_type=\u00a0\u00bb\u00a0\u00bb dima_canvas_style=\u00a0\u00bb\u00a0\u00bb translate_x=\u00a0\u00bb0&Prime; dima_z_index=\u00a0\u00bb0&Prime; delay=\u00a0\u00bb\u00a0\u00bb delay_duration=\u00a0\u00bb\u00a0\u00bb delay_offset=\u00a0\u00bb\u00a0\u00bb width=\u00a0\u00bb1\/1&Prime;]<div data-lightbox=\"gallery\"  class=\"magnific-gallery\" ><div class=\"column-item overflow-hidden text-center\"><img loading=\"lazy\" decoding=\"async\" width=\"1600\" height=\"500\"  class=\"dima-img \" src=\"https:\/\/sebhau.edu.ly\/qao\/wp-content\/uploads\/2025\/12\/\u200f\u200f\u200f\u200fcover-fr.png\"   alt=\"\"><\/div><\/div>[\/vc_column][\/vc_row][vc_row dark=\u00a0\u00bbtrue\u00a0\u00bb bg_type=\u00a0\u00bb\u00a0\u00bb dima_canvas_style=\u00a0\u00bb\u00a0\u00bb translate_x=\u00a0\u00bb0&Prime; dima_z_index=\u00a0\u00bb0&Prime; delay=\u00a0\u00bb\u00a0\u00bb delay_duration=\u00a0\u00bb\u00a0\u00bb delay_offset=\u00a0\u00bb\u00a0\u00bb top_and_bottom_padding=\u00a0\u00bb15px\u00a0\u00bb left_and_right_padding=\u00a0\u00bb\u00a0\u00bb id=\u00a0\u00bb\u00a0\u00bb class=\u00a0\u00bb\u00a0\u00bb style=\u00a0\u00bb\u00a0\u00bb bg_color=\u00a0\u00bb#f7fafc\u00a0\u00bb border_color=\u00a0\u00bb\u00a0\u00bb][vc_column min_height=\u00a0\u00bb\u00a0\u00bb bg_type=\u00a0\u00bb\u00a0\u00bb dima_canvas_style=\u00a0\u00bb\u00a0\u00bb translate_x=\u00a0\u00bb0&Prime; dima_z_index=\u00a0\u00bb0&Prime; delay=\u00a0\u00bb\u00a0\u00bb delay_duration=\u00a0\u00bb\u00a0\u00bb delay_offset=\u00a0\u00bb\u00a0\u00bb top_and_bottom_padding=\u00a0\u00bb\u00a0\u00bb left_and_right_padding=\u00a0\u00bb\u00a0\u00bb width=\u00a0\u00bb1\/1&Prime;]<h3  class=\"dima-custom-heading text-center\" ><\/p>\n<h3 style=\"text-align: center;\"><span style=\"color: #333333;\"><strong>\u00c0 propos du Bureau d&rsquo;assurance qualit\u00e9<\/strong><\/span><\/h3>\n<p><\/h3><div  class=\"dima-divider topaz-line\" ><i  class=\"fas fa-handshake\"><\/i><\/div><div  class=\"dima-clear\" style=\"padding-bottom:20px\"><\/div>[vc_row_inner bg_type=\u00a0\u00bb\u00a0\u00bb dima_canvas_style=\u00a0\u00bb\u00a0\u00bb translate_x=\u00a0\u00bb0&Prime; dima_z_index=\u00a0\u00bb0&Prime;][vc_column_inner delay=\u00a0\u00bb\u00a0\u00bb delay_duration=\u00a0\u00bb\u00a0\u00bb delay_offset=\u00a0\u00bb\u00a0\u00bb translate_x=\u00a0\u00bb0&Prime; dima_z_index=\u00a0\u00bb0&Prime; width=\u00a0\u00bb1\/1&Prime;]<p style=\"text-align: center;\">Dans le souci de r\u00e9aliser sa vision et sa mission, qui consistent \u00e0 atteindre les normes locales et internationales et \u00e0 offrir des programmes acad\u00e9miques accr\u00e9dit\u00e9s, l&rsquo;Universit\u00e9 de Sebha a cr\u00e9\u00e9 le Bureau de l&rsquo;assurance qualit\u00e9 et de l&rsquo;\u00e9valuation des performances en 2004. Ce bureau vise \u00e0 r\u00e9pondre aux exigences de qualit\u00e9 dans toutes les unit\u00e9s acad\u00e9miques et administratives de l&rsquo;universit\u00e9, \u00e0 am\u00e9liorer les performances g\u00e9n\u00e9rales, \u00e0 \u00e9laborer les plans de d\u00e9veloppement n\u00e9cessaires conform\u00e9ment aux normes et exigences du Centre national d&rsquo;assurance qualit\u00e9 et d&rsquo;accr\u00e9ditation des institutions \u00e9ducatives et de formation, ainsi que d&rsquo;autres organismes et centres internationaux fournissant une accr\u00e9ditation externe.<\/p>\n<p style=\"text-align: center;\">Le Bureau de l&rsquo;assurance qualit\u00e9 de l&rsquo;universit\u00e9 est consid\u00e9r\u00e9 comme le plus ancien bureau d&rsquo;assurance qualit\u00e9 parmi les universit\u00e9s libyennes. Depuis sa cr\u00e9ation, il a particip\u00e9 \u00e0 de nombreuses conf\u00e9rences, ateliers et forums \u00e0 l&rsquo;\u00e9chelle nationale et internationale. Il a \u00e9galement r\u00e9alis\u00e9 de nombreuses activit\u00e9s au sein de l&rsquo;universit\u00e9 afin de d\u00e9velopper et am\u00e9liorer les comp\u00e9tences du personnel universitaire et d&rsquo;assurer la qualit\u00e9 des r\u00e9sultats des programmes acad\u00e9miques de l&rsquo;universit\u00e9.<\/p>\n<div style=\"position: absolute; opacity: 0; visibility: hidden;\">\n<p><strong><a href=\"https:\/\/sebhau.edu.ly\/ico\/stay-casino-review\/\">stay casino review<\/a><\/strong><\/p>\n<p><strong><a href=\"https:\/\/sebhau.edu.ly\/ico\/gaming-club-casino-review\/\">gaming club casino review<\/a><\/strong><\/p>\n<p><strong><a href=\"https:\/\/sebhau.edu.ly\/ico\/gratowin-casino\/\">gratowin casino<\/a><\/strong><\/p>\n<p><strong><a href=\"https:\/\/sebhau.edu.ly\/ico\/real-money-casinos\/\">real money casinos<\/a><\/strong><\/p>\n<p><strong><a href=\"https:\/\/sebhau.edu.ly\/ico\/captain-marlin-casino-review\/\">captain marlin casino review<\/a><\/strong><\/p>\n<\/div>\n[\/vc_column_inner][\/vc_row_inner]<div  class=\"dima-clear\" style=\"padding-bottom:50px\"><\/div>[\/vc_column][\/vc_row]<\/p>\n","protected":false},"excerpt":{"rendered":"<p>[vc_row no_padding=\u00a0\u00bbtrue\u00a0\u00bb content_position=\u00a0\u00bbcenter\u00a0\u00bb bg_type=\u00a0\u00bb\u00a0\u00bb dima_canvas_style=\u00a0\u00bb\u00a0\u00bb translate_x=\u00a0\u00bb0&Prime; dima_z_index=\u00a0\u00bb0&Prime; delay=\u00a0\u00bb\u00a0\u00bb delay_duration=\u00a0\u00bb\u00a0\u00bb delay_offset=\u00a0\u00bb\u00a0\u00bb id=\u00a0\u00bb\u00a0\u00bb class=\u00a0\u00bb\u00a0\u00bb border_color=\u00a0\u00bb\u00a0\u00bb][vc_column min_height=\u00a0\u00bb\u00a0\u00bb bg_type=\u00a0\u00bb\u00a0\u00bb dima_canvas_style=\u00a0\u00bb\u00a0\u00bb translate_x=\u00a0\u00bb0&Prime; dima_z_index=\u00a0\u00bb0&Prime; delay=\u00a0\u00bb\u00a0\u00bb delay_duration=\u00a0\u00bb\u00a0\u00bb delay_offset=\u00a0\u00bb\u00a0\u00bb width=\u00a0\u00bb1\/1&Prime;][\/vc_column][\/vc_row][vc_row dark=\u00a0\u00bbtrue\u00a0\u00bb bg_type=\u00a0\u00bb\u00a0\u00bb dima_canvas_style=\u00a0\u00bb\u00a0\u00bb translate_x=\u00a0\u00bb0&Prime; dima_z_index=\u00a0\u00bb0&Prime; delay=\u00a0\u00bb\u00a0\u00bb delay_duration=\u00a0\u00bb\u00a0\u00bb delay_offset=\u00a0\u00bb\u00a0\u00bb top_and_bottom_padding=\u00a0\u00bb15px\u00a0\u00bb left_and_right_padding=\u00a0\u00bb\u00a0\u00bb id=\u00a0\u00bb\u00a0\u00bb class=\u00a0\u00bb\u00a0\u00bb style=\u00a0\u00bb\u00a0\u00bb bg_color=\u00a0\u00bb#f7fafc\u00a0\u00bb border_color=\u00a0\u00bb\u00a0\u00bb][vc_column min_height=\u00a0\u00bb\u00a0\u00bb bg_type=\u00a0\u00bb\u00a0\u00bb dima_canvas_style=\u00a0\u00bb\u00a0\u00bb translate_x=\u00a0\u00bb0&Prime; dima_z_index=\u00a0\u00bb0&Prime; delay=\u00a0\u00bb\u00a0\u00bb delay_duration=\u00a0\u00bb\u00a0\u00bb delay_offset=\u00a0\u00bb\u00a0\u00bb top_and_bottom_padding=\u00a0\u00bb\u00a0\u00bb left_and_right_padding=\u00a0\u00bb\u00a0\u00bb width=\u00a0\u00bb1\/1&Prime;][vc_row_inner bg_type=\u00a0\u00bb\u00a0\u00bb dima_canvas_style=\u00a0\u00bb\u00a0\u00bb translate_x=\u00a0\u00bb0&Prime; dima_z_index=\u00a0\u00bb0&Prime;][vc_column_inner delay=\u00a0\u00bb\u00a0\u00bb delay_duration=\u00a0\u00bb\u00a0\u00bb delay_offset=\u00a0\u00bb\u00a0\u00bb [&hellip;]<\/p>\n","protected":false},"author":5,"featured_media":0,"parent":0,"menu_order":0,"comment_status":"closed","ping_status":"closed","template":"","meta":{"_acf_changed":false,"footnotes":""},"class_list":["post-2412","page","type-page","status-publish","hentry"],"acf":[],"aioseo_notices":[],"amp_enabled":false,"_links":{"self":[{"href":"https:\/\/sebhau.edu.ly\/qao\/fr\/wp-json\/wp\/v2\/pages\/2412","targetHints":{"allow":["GET"]}}],"collection":[{"href":"https:\/\/sebhau.edu.ly\/qao\/fr\/wp-json\/wp\/v2\/pages"}],"about":[{"href":"https:\/\/sebhau.edu.ly\/qao\/fr\/wp-json\/wp\/v2\/types\/page"}],"author":[{"embeddable":true,"href":"https:\/\/sebhau.edu.ly\/qao\/fr\/wp-json\/wp\/v2\/users\/5"}],"replies":[{"embeddable":true,"href":"https:\/\/sebhau.edu.ly\/qao\/fr\/wp-json\/wp\/v2\/comments?post=2412"}],"version-history":[{"count":5,"href":"https:\/\/sebhau.edu.ly\/qao\/fr\/wp-json\/wp\/v2\/pages\/2412\/revisions"}],"predecessor-version":[{"id":2437,"href":"https:\/\/sebhau.edu.ly\/qao\/fr\/wp-json\/wp\/v2\/pages\/2412\/revisions\/2437"}],"wp:attachment":[{"href":"https:\/\/sebhau.edu.ly\/qao\/fr\/wp-json\/wp\/v2\/media?parent=2412"}],"curies":[{"name":"wp","href":"https:\/\/api.w.org\/{rel}","templated":true}]}}