{"id":2423,"date":"2020-03-25T08:35:17","date_gmt":"2020-03-25T08:35:17","guid":{"rendered":"https:\/\/sebhau.edu.ly\/qao\/1123-2\/"},"modified":"2026-02-02T00:31:32","modified_gmt":"2026-02-02T00:31:32","slug":"1123-2","status":"publish","type":"page","link":"https:\/\/sebhau.edu.ly\/qao\/fr\/1123-2\/","title":{"rendered":"T\u00e2ches et responsabilit\u00e9s"},"content":{"rendered":"<p><strong>Responsabilit\u00e9s du Bureau de l&rsquo;assurance qualit\u00e9 et de l&rsquo;\u00e9valuation des performances\u00a0:<\/strong><\/p>\n<p>*Suivre et mettre en \u0153uvre les politiques g\u00e9n\u00e9rales d&rsquo;\u00e9valuation des performances et d&rsquo;assurance qualit\u00e9 dans toutes les unit\u00e9s administratives et acad\u00e9miques de l&rsquo;universit\u00e9, et veiller \u00e0 ce que tous les membres de ces unit\u00e9s comprennent les objectifs g\u00e9n\u00e9raux de cette politique, y adh\u00e8rent et s&rsquo;y engagent.<\/p>\n<p>*Examiner et mettre \u00e0 jour la strat\u00e9gie de l&rsquo;universit\u00e9, sa mission et ses objectifs fondamentaux \u00e0 la lumi\u00e8re des d\u00e9veloppements et des \u00e9volutions visant \u00e0 am\u00e9liorer et mettre \u00e0 jour le processus \u00e9ducatif.<\/p>\n<p>*Aider les coll\u00e8ges de l&rsquo;universit\u00e9 \u00e0 activer leurs d\u00e9partements d&rsquo;assurance qualit\u00e9, les superviser et leur fournir des conseils pour mener des \u00e9tudes d&rsquo;auto-\u00e9valuation et de pr\u00e9paration en vue d&rsquo;obtenir l&rsquo;accr\u00e9ditation institutionnelle et programmatique.<\/p>\n<p>*\u00c9tablir des m\u00e9canismes de suivi et d&rsquo;\u00e9valuation des activit\u00e9s de l&rsquo;universit\u00e9, de ses centres, de ses d\u00e9partements, de ses bureaux, de ses coll\u00e8ges et de ses diff\u00e9rents programmes acad\u00e9miques et administratifs, en identifiant et en surveillant les lacunes dans les coll\u00e8ges, les centres, les d\u00e9partements et les bureaux, et en pr\u00e9parant et en pr\u00e9sentant des rapports au conseil de l&rsquo;universit\u00e9 comprenant les observations du bureau, les plans et les propositions pour le d\u00e9veloppement et la correction des lacunes.<\/p>\n<p>*Effectuer des visites sur le terrain dans les centres, les d\u00e9partements, les bureaux et les coll\u00e8ges affili\u00e9s \u00e0 l&rsquo;universit\u00e9 pour s&rsquo;assurer de l&rsquo;assurance qualit\u00e9.<\/p>\n<p>*Compiler les r\u00e9sultats des comit\u00e9s d&rsquo;audit interne, les analyser, identifier les points positifs et n\u00e9gatifs, et formuler des recommandations pour am\u00e9liorer les performances des coll\u00e8ges et des diff\u00e9rents d\u00e9partements en tant qu&rsquo;\u00e9tape essentielle pour obtenir l&rsquo;accr\u00e9ditation institutionnelle et programmatique.<\/p>\n<p>*Participer \u00e0 la mise \u00e0 jour de la vision et de la mission de l&rsquo;universit\u00e9.<\/p>\n<p>*Participer \u00e0 l&rsquo;\u00e9laboration et \u00e0 la mise \u00e0 jour des plans strat\u00e9giques de l&rsquo;universit\u00e9, de ses centres, de ses d\u00e9partements, de ses bureaux et de ses coll\u00e8ges affili\u00e9s \u00e0 l&rsquo;universit\u00e9.<\/p>\n<p>*\u00c9tablir une base de donn\u00e9es des programmes et des dipl\u00f4mes d\u00e9livr\u00e9s par l&rsquo;universit\u00e9, ainsi que pour tous les centres, d\u00e9partements et bureaux de l&rsquo;universit\u00e9, afin de suivre le d\u00e9veloppement du processus \u00e9ducatif.<\/p>\n<p>*Diffuser des informations sur les m\u00e9canismes d&rsquo;assurance qualit\u00e9 et d&rsquo;accr\u00e9ditation pour sensibiliser les membres du corps professoral, tous les employ\u00e9s de l&rsquo;universit\u00e9 et les \u00e9tudiants \u00e0 l&rsquo;importance de l&rsquo;application du syst\u00e8me d&rsquo;assurance qualit\u00e9.<\/p>\n<p>*Communiquer avec les bureaux similaires dans d&rsquo;autres universit\u00e9s et institutions acad\u00e9miques libyennes pour b\u00e9n\u00e9ficier de leurs exp\u00e9riences et \u00e9changer des connaissances.<\/p>\n<p>*Communiquer et coordonner directement avec le Centre d&rsquo;assurance qualit\u00e9 et d&rsquo;accr\u00e9ditation des institutions d&rsquo;enseignement et de formation pour suivre les processus d&rsquo;\u00e9valuation et d&rsquo;accr\u00e9ditation.<\/p>\n<p>*Pr\u00e9senter des rapports au recteur de l&rsquo;universit\u00e9, comprendre les aspects positifs et n\u00e9gatifs r\u00e9sultant de l&rsquo;audit interne et externe.<\/p>\n<p>*Proposer des normes de qualit\u00e9 relatives \u00e0 l&rsquo;enseignement universitaire, les soumettre \u00e0 l&rsquo;accr\u00e9ditation et les suivre.<\/p>\n<p>*Proposer des crit\u00e8res d&rsquo;\u00e9valuation des performances et de contr\u00f4le de la qualit\u00e9 des composantes de l&rsquo;enseignement universitaire li\u00e9es au corps professoral, aux programmes d&rsquo;\u00e9tudes, aux laboratoires, aux installations universitaires, aux d\u00e9partements, aux centres et aux bureaux de l&rsquo;universit\u00e9.<\/p>\n<p>*Superviser l&rsquo;\u00e9change d&rsquo;informations avec des entit\u00e9s r\u00e9gionales et internationales sp\u00e9cialis\u00e9es, comparer les normes appliqu\u00e9es dans son universit\u00e9 et ses coll\u00e8ges \u00e0 celles des autres universit\u00e9s et travailler \u00e0 leur am\u00e9lioration.<\/p>\n<p>*Proposer et \u00e9laborer des proc\u00e9dures de travail, des r\u00e8gles et des guides pour am\u00e9liorer les performances et garantir la qualit\u00e9 de l&rsquo;enseignement universitaire.<\/p>\n<p>*R\u00e9aliser des \u00e9tudes pour d\u00e9terminer le degr\u00e9 de correspondance entre les r\u00e9sultats de l&rsquo;enseignement universitaire et les besoins du march\u00e9 du travail, et formuler des recommandations \u00e0 cet \u00e9gard.<\/p>\n<p>*Pr\u00e9parer des rapports de suivi p\u00e9riodiques et annuels sur l&rsquo;activit\u00e9 du bureau.<\/p>\n<p><strong>Responsabilit\u00e9s du directeur de bureau\u00a0:<\/strong><\/p>\n<p>*Pr\u00e9sider les r\u00e9unions des chefs des d\u00e9partements de qualit\u00e9 dans les coll\u00e8ges, les administrations et les centres de l&rsquo;universit\u00e9.<\/p>\n<p>*Organiser le travail au sein du bureau.<\/p>\n<p>*Superviser techniquement les directeurs des bureaux de qualit\u00e9 des coll\u00e8ges, des administrations et des centres de l&rsquo;universit\u00e9.<\/p>\n<p>*Participer \u00e0 l&rsquo;\u00e9laboration des plans li\u00e9s aux activit\u00e9s du bureau.<\/p>\n<p>*Participer aux travaux des comit\u00e9s li\u00e9s \u00e0 la nature du travail du bureau.<\/p>\n<p>*Participer \u00e0 des ateliers, des conf\u00e9rences et des s\u00e9minaires internes et externes.<\/p>\n<p>*Pr\u00e9parer des rapports p\u00e9riodiques et annuels sur les activit\u00e9s du bureau.<\/p>\n<p>*Effectuer toute autre t\u00e2che assign\u00e9e par le recteur de l&rsquo;universit\u00e9.<\/p>\n<p>&nbsp;<\/p>\n<p><strong>Responsabilit\u00e9s du d\u00e9partement d&rsquo;accr\u00e9ditation institutionnelle\u00a0:<\/strong><\/p>\n<p>*Promouvoir la culture de l&rsquo;accr\u00e9ditation institutionnelle au sein de l&rsquo;universit\u00e9.<\/p>\n<p>*Fournir un soutien technique pour r\u00e9pondre aux exigences de l&rsquo;accr\u00e9ditation institutionnelle.<\/p>\n<p>*Pr\u00e9parer les unit\u00e9s de l&rsquo;universit\u00e9 \u00e0 obtenir l&rsquo;accr\u00e9ditation institutionnelle.<\/p>\n<p>*Pr\u00e9parer des rapports p\u00e9riodiques sur le d\u00e9roulement des activit\u00e9s d&rsquo;accr\u00e9ditation institutionnelle \u00e0 l&rsquo;universit\u00e9.<\/p>\n<p>*Suivre la pr\u00e9paration de l&rsquo;\u00e9tude d&rsquo;\u00e9valuation institutionnelle auto-\u00e9valuation.<\/p>\n<p>*Effectuer des audits techniques des coll\u00e8ges, de l&rsquo;administration et des bureaux de soutien<\/p>\n<p>*Suivre la documentation des travaux d&rsquo;accr\u00e9ditation institutionnelle de l&rsquo;universit\u00e9.<\/p>\n<p><strong>Responsabilit\u00e9s du d\u00e9partement d&rsquo;accr\u00e9ditation des programmes\u00a0:<\/strong><\/p>\n<p>*Promouvoir la culture de l&rsquo;accr\u00e9ditation des programmes acad\u00e9miques au sein de l&rsquo;universit\u00e9.<\/p>\n<p>*Fournir un soutien technique pour r\u00e9pondre aux exigences de l&rsquo;accr\u00e9ditation des programmes.<\/p>\n<p>*Qualifier les programmes acad\u00e9miques candidats \u00e0 l&rsquo;accr\u00e9ditation acad\u00e9mique<\/p>\n<p>*Pr\u00e9parer des rapports p\u00e9riodiques sur le d\u00e9roulement des activit\u00e9s d&rsquo;accr\u00e9ditation des programmes \u00e0 l&rsquo;universit\u00e9.<\/p>\n<p>*Suivre la pr\u00e9paration de l&rsquo;\u00e9tude d&rsquo;\u00e9valuation institutionnelle des programmes acad\u00e9miques.<\/p>\n<p>*Effectuer des audits techniques des programmes acad\u00e9miques candidats \u00e0 l&rsquo;accr\u00e9ditation acad\u00e9mique.<\/p>\n<p>*Suivre la documentation des travaux d&rsquo;accr\u00e9ditation des programmes dans les coll\u00e8ges de l&rsquo;universit\u00e9.<\/p>\n<p>&nbsp;<\/p>\n<p><strong>Responsabilit\u00e9s du d\u00e9partement d&rsquo;assurance qualit\u00e9\u00a0:<\/strong><\/p>\n<p>*Suivre et examiner la qualit\u00e9 de la description et des rapports des cours et des programmes acad\u00e9miques.<\/p>\n<p>*Promouvoir la culture de la qualit\u00e9 et fournir des conseils et un soutien technique aux diff\u00e9rentes entit\u00e9s dans le domaine de la planification et de l&rsquo;assurance qualit\u00e9.<\/p>\n<p>*R\u00e9vision r\u00e9guli\u00e8re des programmes acad\u00e9miques.<\/p>\n<p>*Contribuer \u00e0 garantir la qualit\u00e9 des programmes acad\u00e9miques de l&rsquo;universit\u00e9.<\/p>\n<p>*Suivre la documentation des travaux d&rsquo;assurance qualit\u00e9 dans les coll\u00e8ges de l&rsquo;universit\u00e9.<\/p>\n<p>&nbsp;<\/p>\n<p><strong>Responsabilit\u00e9s du d\u00e9partement d&rsquo;\u00e9valuation et de mesure\u00a0<\/strong>:<\/p>\n<p>*Fournir un soutien technique et des consultations scientifiques dans le domaine de l&rsquo;\u00e9valuation et de la mesure.<\/p>\n<p>*\u00c9laborer et d\u00e9velopper des outils de mesure et d&rsquo;\u00e9valuation contribuant \u00e0 l&rsquo;\u00e9quit\u00e9 et \u00e0 l&rsquo;am\u00e9lioration de l&rsquo;efficacit\u00e9 des r\u00e9sultats \u00e9ducatifs.<\/p>\n<p>*Suivre et examiner la qualit\u00e9 des r\u00e9sultats de mesure des indicateurs de performance au niveau de l&rsquo;universit\u00e9.<\/p>\n<p>*Suivre et examiner la qualit\u00e9 des r\u00e9sultats de mesure des indicateurs de r\u00e9sultats d&rsquo;apprentissage des programmes acad\u00e9miques de l&rsquo;universit\u00e9.<\/p>\n<p>*Suivre le d\u00e9roulement des proc\u00e9dures du Prix du Directeur de l&rsquo;Universit\u00e9 pour la qualit\u00e9 et l&rsquo;excellence.<\/p>\n<p>*Effectuer et publier des recherches scientifiques dans le domaine de l&rsquo;\u00e9valuation et de la mesure.<\/p>\n<p>*Pr\u00e9parer les donn\u00e9es et les statistiques requises dans le domaine de la qualit\u00e9 et de l&rsquo;accr\u00e9ditation acad\u00e9mique.<\/p>\n<p>*Pr\u00e9parer les rapports finaux sur les indicateurs de performance au niveau institutionnel et programmatique de l&rsquo;universit\u00e9.<\/p>\n<p>*Formuler des recommandations de d\u00e9veloppement en fonction des r\u00e9sultats des rapports et des recherches dans le domaine de la qualit\u00e9 et de l&rsquo;accr\u00e9ditation acad\u00e9mique.<\/p>\n<p>*\u00c9tudier les r\u00e9sultats des rapports annuels sur les performances des facult\u00e9s et formuler les recommandations de d\u00e9veloppement appropri\u00e9es.<\/p>\n<p><strong>\u00a0<\/strong><\/p>\n<p><strong>Responsabilit\u00e9s du d\u00e9partement de planification\u00a0:<\/strong><\/p>\n<p>*Superviser l&rsquo;\u00e9laboration du plan op\u00e9rationnel du bureau et suivre sa mise en \u0153uvre.<\/p>\n<p>*Suivre la mise en \u0153uvre des plans de d\u00e9veloppement et d&rsquo;am\u00e9lioration dans les coll\u00e8ges et les programmes acad\u00e9miques.<\/p>\n<p>*Examiner les rapports de suivi p\u00e9riodiques des plans d&rsquo;am\u00e9lioration et de qualit\u00e9 dans les coll\u00e8ges et les programmes acad\u00e9miques.<\/p>\n<p>*Pr\u00e9parer le rapport annuel sur le plan d&rsquo;ex\u00e9cution du bureau.<\/p>\n<p>*Promouvoir la culture de la qualit\u00e9 et fournir des conseils et un soutien technique aux diff\u00e9rentes entit\u00e9s dans le domaine de la planification.<\/p>\n<p>*\u00c9tablir une politique et des objectifs de qualit\u00e9 et suivre leur mise en \u0153uvre dans l&rsquo;universit\u00e9.<\/p>\n<p>*Suivre les activit\u00e9s visant \u00e0 assurer la satisfaction des b\u00e9n\u00e9ficiaires, des \u00e9tudiants, des membres du corps professoral, du personnel et de la communaut\u00e9 envers les services fournis par l&rsquo;universit\u00e9.<\/p>\n<p>*D\u00e9velopper et mettre \u00e0 jour le syst\u00e8me de gestion de la qualit\u00e9 de l&rsquo;universit\u00e9 conform\u00e9ment aux exigences de la norme internationale ISO 9001 et en assurer le suivi.<\/p>\n<p>*Effectuer des audits internes r\u00e9guliers du syst\u00e8me de gestion de la qualit\u00e9.<\/p>\n<p>*Fournir un soutien technique aux entit\u00e9s de l&rsquo;universit\u00e9 dans le syst\u00e8me de gestion de la qualit\u00e9 et les exigences de la norme internationale ISO 9001.<\/p>\n","protected":false},"excerpt":{"rendered":"<p>Responsabilit\u00e9s du Bureau de l&rsquo;assurance qualit\u00e9 et de l&rsquo;\u00e9valuation des performances\u00a0: *Suivre et mettre en \u0153uvre les politiques g\u00e9n\u00e9rales d&rsquo;\u00e9valuation des performances et d&rsquo;assurance qualit\u00e9 dans toutes les unit\u00e9s administratives et acad\u00e9miques de l&rsquo;universit\u00e9, et veiller \u00e0 ce que tous les membres de ces unit\u00e9s comprennent les objectifs g\u00e9n\u00e9raux de cette politique, y adh\u00e8rent et [&hellip;]<\/p>\n","protected":false},"author":5,"featured_media":0,"parent":0,"menu_order":0,"comment_status":"closed","ping_status":"closed","template":"","meta":{"_acf_changed":false,"footnotes":""},"class_list":["post-2423","page","type-page","status-publish","hentry"],"acf":[],"aioseo_notices":[],"amp_enabled":true,"_links":{"self":[{"href":"https:\/\/sebhau.edu.ly\/qao\/fr\/wp-json\/wp\/v2\/pages\/2423","targetHints":{"allow":["GET"]}}],"collection":[{"href":"https:\/\/sebhau.edu.ly\/qao\/fr\/wp-json\/wp\/v2\/pages"}],"about":[{"href":"https:\/\/sebhau.edu.ly\/qao\/fr\/wp-json\/wp\/v2\/types\/page"}],"author":[{"embeddable":true,"href":"https:\/\/sebhau.edu.ly\/qao\/fr\/wp-json\/wp\/v2\/users\/5"}],"replies":[{"embeddable":true,"href":"https:\/\/sebhau.edu.ly\/qao\/fr\/wp-json\/wp\/v2\/comments?post=2423"}],"version-history":[{"count":2,"href":"https:\/\/sebhau.edu.ly\/qao\/fr\/wp-json\/wp\/v2\/pages\/2423\/revisions"}],"predecessor-version":[{"id":2428,"href":"https:\/\/sebhau.edu.ly\/qao\/fr\/wp-json\/wp\/v2\/pages\/2423\/revisions\/2428"}],"wp:attachment":[{"href":"https:\/\/sebhau.edu.ly\/qao\/fr\/wp-json\/wp\/v2\/media?parent=2423"}],"curies":[{"name":"wp","href":"https:\/\/api.w.org\/{rel}","templated":true}]}}