{"id":2424,"date":"2019-09-09T10:06:45","date_gmt":"2019-09-09T10:06:45","guid":{"rendered":"https:\/\/sebhau.edu.ly\/qao\/%d8%a7%d9%84%d8%b1%d8%a4%d9%8a%d8%a9-%d9%88%d8%a7%d9%84%d8%b1%d8%b3%d8%a7%d9%84%d8%a9-%d9%88%d8%a7%d9%84%d8%a7%d9%87%d8%af%d8%a7%d9%81\/"},"modified":"2026-02-02T00:34:14","modified_gmt":"2026-02-02T00:34:14","slug":"%d8%a7%d9%84%d8%b1%d8%a4%d9%8a%d8%a9-%d9%88%d8%a7%d9%84%d8%b1%d8%b3%d8%a7%d9%84%d8%a9-%d9%88%d8%a7%d9%84%d8%a7%d9%87%d8%af%d8%a7%d9%81","status":"publish","type":"page","link":"https:\/\/sebhau.edu.ly\/qao\/fr\/%d8%a7%d9%84%d8%b1%d8%a4%d9%8a%d8%a9-%d9%88%d8%a7%d9%84%d8%b1%d8%b3%d8%a7%d9%84%d8%a9-%d9%88%d8%a7%d9%84%d8%a7%d9%87%d8%af%d8%a7%d9%81\/","title":{"rendered":"Vision, mission et objectifs"},"content":{"rendered":"<ul>\n<li><strong>Vision : <\/strong>Le bureau s&rsquo;efforce de faire de l&rsquo;Universit\u00e9 de Sebha un leader dans les pratiques de qualit\u00e9 acad\u00e9mique et administrative selon les normes du Centre national d&rsquo;assurance qualit\u00e9 et les normes internationales, afin de garantir un enseignement de qualit\u00e9 aux \u00e9tudiants.\n<p>&nbsp;<\/li>\n<li><strong>Mission : <\/strong>Travailler avec l&rsquo;universit\u00e9 pour fournir un environnement d&rsquo;apprentissage appropri\u00e9 pour les \u00e9tudiants, les membres du corps professoral et le personnel, conform\u00e9ment aux normes du Centre d&rsquo;assurance qualit\u00e9 et aux normes internationales.\n<p>&nbsp;<\/li>\n<li><strong>Objectifs\u00a0:<\/strong>\n<p>1-\u00c9laborer des strat\u00e9gies globales pour l&rsquo;universit\u00e9 en mati\u00e8re d&rsquo;assurance qualit\u00e9 en collaboration avec le comit\u00e9 de qualit\u00e9 sup\u00e9rieur de l&rsquo;universit\u00e9.<\/p>\n<p>2-Suivre la mise en \u0153uvre des strat\u00e9gies de l&rsquo;universit\u00e9, des coll\u00e8ges, des centres et des d\u00e9partements affili\u00e9s en collaboration entre les coll\u00e8ges, les centres et les diff\u00e9rents d\u00e9partements.<\/p>\n<p>3-R\u00e9viser, mettre \u00e0 jour et d\u00e9velopper les plans de travail des coll\u00e8ges.<\/p>\n<p>4-Soutenir les processus d&rsquo;assurance qualit\u00e9 et d\u00e9velopper l&rsquo;engagement des unit\u00e9s acad\u00e9miques et administratives \u00e0 am\u00e9liorer la qualit\u00e9 \u00e0 l&rsquo;universit\u00e9.<\/p>\n<p>5-Travailler sur le suivi, l&rsquo;application et l&rsquo;\u00e9valuation des normes de qualit\u00e9.<\/p>\n<p>6-Ancrer la notion d&rsquo;assurance qualit\u00e9 parmi le personnel de l&rsquo;universit\u00e9 pour en faire une pratique quotidienne.<\/li>\n<\/ul>\n","protected":false},"excerpt":{"rendered":"<p>Vision : Le bureau s&rsquo;efforce de faire de l&rsquo;Universit\u00e9 de Sebha un leader dans les pratiques de qualit\u00e9 acad\u00e9mique et administrative selon les normes du Centre national d&rsquo;assurance qualit\u00e9 et les normes internationales, afin de garantir un enseignement de qualit\u00e9 aux \u00e9tudiants. &nbsp; Mission : Travailler avec l&rsquo;universit\u00e9 pour fournir un environnement d&rsquo;apprentissage appropri\u00e9 pour [&hellip;]<\/p>\n","protected":false},"author":1,"featured_media":0,"parent":0,"menu_order":0,"comment_status":"closed","ping_status":"closed","template":"","meta":{"_acf_changed":false,"footnotes":""},"class_list":["post-2424","page","type-page","status-publish","hentry"],"acf":[],"aioseo_notices":[],"amp_enabled":true,"_links":{"self":[{"href":"https:\/\/sebhau.edu.ly\/qao\/fr\/wp-json\/wp\/v2\/pages\/2424","targetHints":{"allow":["GET"]}}],"collection":[{"href":"https:\/\/sebhau.edu.ly\/qao\/fr\/wp-json\/wp\/v2\/pages"}],"about":[{"href":"https:\/\/sebhau.edu.ly\/qao\/fr\/wp-json\/wp\/v2\/types\/page"}],"author":[{"embeddable":true,"href":"https:\/\/sebhau.edu.ly\/qao\/fr\/wp-json\/wp\/v2\/users\/1"}],"replies":[{"embeddable":true,"href":"https:\/\/sebhau.edu.ly\/qao\/fr\/wp-json\/wp\/v2\/comments?post=2424"}],"version-history":[{"count":3,"href":"https:\/\/sebhau.edu.ly\/qao\/fr\/wp-json\/wp\/v2\/pages\/2424\/revisions"}],"predecessor-version":[{"id":2431,"href":"https:\/\/sebhau.edu.ly\/qao\/fr\/wp-json\/wp\/v2\/pages\/2424\/revisions\/2431"}],"wp:attachment":[{"href":"https:\/\/sebhau.edu.ly\/qao\/fr\/wp-json\/wp\/v2\/media?parent=2424"}],"curies":[{"name":"wp","href":"https:\/\/api.w.org\/{rel}","templated":true}]}}