{"id":2425,"date":"2019-08-24T14:54:11","date_gmt":"2019-08-24T14:54:11","guid":{"rendered":"https:\/\/sebhau.edu.ly\/qao\/%d9%83%d9%84%d9%85%d8%a9-%d9%85%d8%af%d9%8a%d8%b1-%d8%a7%d9%84%d9%85%d9%83%d8%aa%d8%a8\/"},"modified":"2026-02-02T00:35:29","modified_gmt":"2026-02-02T00:35:29","slug":"%d9%83%d9%84%d9%85%d8%a9-%d9%85%d8%af%d9%8a%d8%b1-%d8%a7%d9%84%d9%85%d9%83%d8%aa%d8%a8","status":"publish","type":"page","link":"https:\/\/sebhau.edu.ly\/qao\/fr\/%d9%83%d9%84%d9%85%d8%a9-%d9%85%d8%af%d9%8a%d8%b1-%d8%a7%d9%84%d9%85%d9%83%d8%aa%d8%a8\/","title":{"rendered":"Mot du directeur"},"content":{"rendered":"<p><strong>Mot du directeur du bureau\u00a0:<\/strong><\/p>\n<p>Les progr\u00e8s technologiques, en particulier dans les domaines des communications et des m\u00e9dias, ont connu un d\u00e9veloppement consid\u00e9rable, acc\u00e9l\u00e9rant le rythme de la mondialisation. Cela a eu un impact significatif sur l&rsquo;enseignement sup\u00e9rieur, en particulier dans les pays en d\u00e9veloppement qui ont un besoin urgent de diversifier les institutions \u00e9ducatives et d&rsquo;adapter leurs programmes aux besoins diversifi\u00e9s des \u00e9tudiants et aux exigences du march\u00e9 national<\/p>\n<p>Notre \u00e9poque est celle de la science et des r\u00e9volutions scientifiques. La cl\u00e9 de la r\u00e9ussite et de l&rsquo;excellence r\u00e9side dans la connaissance et l&rsquo;innovation, renfor\u00e7ant ainsi la capacit\u00e9 concurrentielle et armant les individus d&rsquo;une culture de la cr\u00e9ativit\u00e9 et du d\u00e9veloppement, de la performance collective, et offrant des opportunit\u00e9s d&rsquo;apprentissage aux travailleurs universitaires afin de d\u00e9velopper leurs connaissances et d&rsquo;utiliser des technologies avanc\u00e9es. En effet, le secteur de l&rsquo;\u00e9ducation conna\u00eet de nombreuses difficult\u00e9s en raison des variables et des innovations technologiques rapides qui ont affect\u00e9 les processus d&rsquo;enseignement et d&rsquo;apprentissage \u00e0 tous les niveaux \u00e9ducatifs, en particulier dans l&rsquo;enseignement sup\u00e9rieur qui est confront\u00e9 \u00e0 la n\u00e9cessit\u00e9 de s&rsquo;engager dans le monde num\u00e9rique \u00ab\u00a0virtuel. \u00a0\u00bb<\/p>\n<p>&nbsp;<\/p>\n<p>C&rsquo;est pourquoi \u00ab\u00a0l&rsquo;excellence\u00a0\u00bb est devenue la pierre angulaire de toutes les universit\u00e9s, et la qu\u00eate de la qualit\u00e9 a acquis une importance cruciale ces derniers temps. Ainsi, l&rsquo;universit\u00e9 de Sebha s&rsquo;est engag\u00e9e fermement et \u00e0 grands pas vers l&rsquo;ancrage du concept de qualit\u00e9 parmi ses membres et la diffusion d&rsquo;une culture de la qualit\u00e9, malgr\u00e9 la difficult\u00e9 de la t\u00e2che et les \u00e9normes d\u00e9fis. Les diff\u00e9rentes administrations de l&rsquo;universit\u00e9 sont d\u00e9termin\u00e9es \u00e0 surmonter tous les obstacles qui se dressent devant la cr\u00e9ation d&rsquo;une universit\u00e9 qui serve de mod\u00e8le parmi les universit\u00e9s libyennes.<\/p>\n<p>&nbsp;<\/p>\n<p>L&rsquo;universit\u00e9 de Sebha, repr\u00e9sent\u00e9e par son conseil et son bureau d&rsquo;assurance qualit\u00e9 et d&rsquo;\u00e9valuation des performances, ainsi que par les efforts de tous ses membres dans les secteurs administratif et acad\u00e9mique, s&rsquo;efforce de progresser sur cette voie, celle de l&rsquo;assurance qualit\u00e9 qui se termine par l&rsquo;obtention de l&rsquo;accr\u00e9ditation acad\u00e9mique locale et internationale ainsi que l&rsquo;accr\u00e9ditation administrative internationale.<\/p>\n<p>Afin de mettre cela en pratique, le bureau d&rsquo;assurance qualit\u00e9 et d&rsquo;\u00e9valuation des performances de l&rsquo;universit\u00e9 a \u00e9labor\u00e9 son plan annuel, de sorte que l&rsquo;universit\u00e9 poursuivra tout au long de l&rsquo;ann\u00e9e universitaire actuelle ses efforts pour ancrer le concept de qualit\u00e9 et travailler \u00e0 la mise en \u0153uvre des exigences d&rsquo;accr\u00e9ditation acad\u00e9mique locale, internationale, et administrative.<\/p>\n<p>&nbsp;<\/p>\n<p>Dr. Amsib Mesbah Amsib<\/p>\n<p>Professeur adjoint au d\u00e9partement de g\u00e9nie biom\u00e9dical<\/p>\n<p>Facult\u00e9 des sciences de l&rsquo;ing\u00e9nierie et de la technologie<\/p>\n","protected":false},"excerpt":{"rendered":"<p>Mot du directeur du bureau\u00a0: Les progr\u00e8s technologiques, en particulier dans les domaines des communications et des m\u00e9dias, ont connu un d\u00e9veloppement consid\u00e9rable, acc\u00e9l\u00e9rant le rythme de la mondialisation. Cela a eu un impact significatif sur l&rsquo;enseignement sup\u00e9rieur, en particulier dans les pays en d\u00e9veloppement qui ont un besoin urgent de diversifier les institutions \u00e9ducatives [&hellip;]<\/p>\n","protected":false},"author":1,"featured_media":0,"parent":0,"menu_order":0,"comment_status":"closed","ping_status":"closed","template":"","meta":{"_acf_changed":false,"footnotes":""},"class_list":["post-2425","page","type-page","status-publish","hentry"],"acf":[],"aioseo_notices":[],"amp_enabled":true,"_links":{"self":[{"href":"https:\/\/sebhau.edu.ly\/qao\/fr\/wp-json\/wp\/v2\/pages\/2425","targetHints":{"allow":["GET"]}}],"collection":[{"href":"https:\/\/sebhau.edu.ly\/qao\/fr\/wp-json\/wp\/v2\/pages"}],"about":[{"href":"https:\/\/sebhau.edu.ly\/qao\/fr\/wp-json\/wp\/v2\/types\/page"}],"author":[{"embeddable":true,"href":"https:\/\/sebhau.edu.ly\/qao\/fr\/wp-json\/wp\/v2\/users\/1"}],"replies":[{"embeddable":true,"href":"https:\/\/sebhau.edu.ly\/qao\/fr\/wp-json\/wp\/v2\/comments?post=2425"}],"version-history":[{"count":2,"href":"https:\/\/sebhau.edu.ly\/qao\/fr\/wp-json\/wp\/v2\/pages\/2425\/revisions"}],"predecessor-version":[{"id":2433,"href":"https:\/\/sebhau.edu.ly\/qao\/fr\/wp-json\/wp\/v2\/pages\/2425\/revisions\/2433"}],"wp:attachment":[{"href":"https:\/\/sebhau.edu.ly\/qao\/fr\/wp-json\/wp\/v2\/media?parent=2425"}],"curies":[{"name":"wp","href":"https:\/\/api.w.org\/{rel}","templated":true}]}}