{"id":2426,"date":"2019-08-24T14:47:52","date_gmt":"2019-08-24T14:47:52","guid":{"rendered":"https:\/\/sebhau.edu.ly\/qao\/%d9%86%d8%a8%d8%af%d8%a9-%d8%b9%d9%86-%d8%a7%d9%84%d9%85%d8%b1%d9%83%d8%b2\/"},"modified":"2026-02-02T00:36:02","modified_gmt":"2026-02-02T00:36:02","slug":"%d9%86%d8%a8%d8%af%d8%a9-%d8%b9%d9%86-%d8%a7%d9%84%d9%85%d8%b1%d9%83%d8%b2","status":"publish","type":"page","link":"https:\/\/sebhau.edu.ly\/qao\/fr\/%d9%86%d8%a8%d8%af%d8%a9-%d8%b9%d9%86-%d8%a7%d9%84%d9%85%d8%b1%d9%83%d8%b2\/","title":{"rendered":"Aper\u00e7u du bureau"},"content":{"rendered":"<p>Dans le souci de r\u00e9aliser sa vision et sa mission, qui consistent \u00e0 atteindre les normes locales et internationales et \u00e0 offrir des programmes acad\u00e9miques accr\u00e9dit\u00e9s, l&rsquo;Universit\u00e9 de Sebha a cr\u00e9\u00e9 le Bureau de l&rsquo;assurance qualit\u00e9 et de l&rsquo;\u00e9valuation des performances en 2004. Ce bureau vise \u00e0 r\u00e9pondre aux exigences de qualit\u00e9 dans toutes les unit\u00e9s acad\u00e9miques et administratives de l&rsquo;universit\u00e9, \u00e0 am\u00e9liorer les performances g\u00e9n\u00e9rales, \u00e0 \u00e9laborer les plans de d\u00e9veloppement n\u00e9cessaires conform\u00e9ment aux normes et exigences du Centre national d&rsquo;assurance qualit\u00e9 et d&rsquo;accr\u00e9ditation des institutions \u00e9ducatives et de formation, ainsi que d&rsquo;autres organismes et centres internationaux fournissant une accr\u00e9ditation externe.<\/p>\n<p>&nbsp;<\/p>\n<p>Le Bureau de l&rsquo;assurance qualit\u00e9 de l&rsquo;universit\u00e9 est consid\u00e9r\u00e9 comme le plus ancien bureau d&rsquo;assurance qualit\u00e9 parmi les universit\u00e9s libyennes. Depuis sa cr\u00e9ation, il a particip\u00e9 \u00e0 de nombreuses conf\u00e9rences, ateliers et forums \u00e0 l&rsquo;\u00e9chelle nationale et internationale. Il a \u00e9galement r\u00e9alis\u00e9 de nombreuses activit\u00e9s au sein de l&rsquo;universit\u00e9 afin de d\u00e9velopper et am\u00e9liorer les comp\u00e9tences du personnel universitaire et d&rsquo;assurer la qualit\u00e9 des r\u00e9sultats des programmes acad\u00e9miques de l&rsquo;universit\u00e9.<\/p>\n","protected":false},"excerpt":{"rendered":"<p>Dans le souci de r\u00e9aliser sa vision et sa mission, qui consistent \u00e0 atteindre les normes locales et internationales et \u00e0 offrir des programmes acad\u00e9miques accr\u00e9dit\u00e9s, l&rsquo;Universit\u00e9 de Sebha a cr\u00e9\u00e9 le Bureau de l&rsquo;assurance qualit\u00e9 et de l&rsquo;\u00e9valuation des performances en 2004. Ce bureau vise \u00e0 r\u00e9pondre aux exigences de qualit\u00e9 dans toutes les [&hellip;]<\/p>\n","protected":false},"author":1,"featured_media":0,"parent":0,"menu_order":0,"comment_status":"closed","ping_status":"closed","template":"","meta":{"_acf_changed":false,"footnotes":""},"class_list":["post-2426","page","type-page","status-publish","hentry"],"acf":[],"aioseo_notices":[],"amp_enabled":true,"_links":{"self":[{"href":"https:\/\/sebhau.edu.ly\/qao\/fr\/wp-json\/wp\/v2\/pages\/2426","targetHints":{"allow":["GET"]}}],"collection":[{"href":"https:\/\/sebhau.edu.ly\/qao\/fr\/wp-json\/wp\/v2\/pages"}],"about":[{"href":"https:\/\/sebhau.edu.ly\/qao\/fr\/wp-json\/wp\/v2\/types\/page"}],"author":[{"embeddable":true,"href":"https:\/\/sebhau.edu.ly\/qao\/fr\/wp-json\/wp\/v2\/users\/1"}],"replies":[{"embeddable":true,"href":"https:\/\/sebhau.edu.ly\/qao\/fr\/wp-json\/wp\/v2\/comments?post=2426"}],"version-history":[{"count":2,"href":"https:\/\/sebhau.edu.ly\/qao\/fr\/wp-json\/wp\/v2\/pages\/2426\/revisions"}],"predecessor-version":[{"id":2435,"href":"https:\/\/sebhau.edu.ly\/qao\/fr\/wp-json\/wp\/v2\/pages\/2426\/revisions\/2435"}],"wp:attachment":[{"href":"https:\/\/sebhau.edu.ly\/qao\/fr\/wp-json\/wp\/v2\/media?parent=2426"}],"curies":[{"name":"wp","href":"https:\/\/api.w.org\/{rel}","templated":true}]}}