{"id":2438,"date":"2020-03-17T16:34:38","date_gmt":"2020-03-17T16:34:38","guid":{"rendered":"https:\/\/sebhau.edu.ly\/qao\/%d8%a7%d9%86%d8%b4%d8%b7%d8%a9-%d8%a7%d9%84%d9%85%d9%83%d8%aa%d8%a8\/"},"modified":"2026-02-02T01:16:24","modified_gmt":"2026-02-02T01:16:24","slug":"%d8%a7%d9%86%d8%b4%d8%b7%d8%a9-%d8%a7%d9%84%d9%85%d9%83%d8%aa%d8%a8","status":"publish","type":"page","link":"https:\/\/sebhau.edu.ly\/qao\/fr\/%d8%a7%d9%86%d8%b4%d8%b7%d8%a9-%d8%a7%d9%84%d9%85%d9%83%d8%aa%d8%a8\/","title":{"rendered":"Activit\u00e9s du bureau"},"content":{"rendered":"<p><strong>Activit\u00e9s du bureau pour l&rsquo;ann\u00e9e 2020\/2019\u00a0<\/strong>:<\/p>\n<p>1-Lancement du projet \u00ab\u00a0Contribuez au d\u00e9veloppement de l&rsquo;universit\u00e9 2020\u00a0\u00bb. Pour plus d&rsquo;informations sur le projet, cliquez ici, et pour participer au d\u00e9veloppement de l&rsquo;universit\u00e9, cliquez ici.<\/p>\n<p>2-R\u00e9unions r\u00e9guli\u00e8res avec les chefs des d\u00e9partements de qualit\u00e9 des coll\u00e8ges, centres et administrations de l&rsquo;universit\u00e9.<\/p>\n<p>3-Mise \u00e0 jour de la vision, de la mission et des objectifs du bureau, et leur approbation par le conseil de l&rsquo;universit\u00e9.<\/p>\n<p>4-\u00c9laboration de la structure organisationnelle et de la description des t\u00e2ches du bureau, et leur approbation par le conseil de l&rsquo;universit\u00e9.<\/p>\n<p>5-\u00c9tablissement d&rsquo;un plan d&rsquo;action pour le bureau pour l&rsquo;ann\u00e9e scolaire 2020\/2019, et son approbation par le conseil de l&rsquo;universit\u00e9.<\/p>\n<p>6-Organisation d&rsquo;ateliers, de s\u00e9minaires et de conf\u00e9rences pour les membres de l&rsquo;universit\u00e9 afin de promouvoir la culture de la qualit\u00e9.<\/p>\n<p>7-Organisation de sessions de formation pour les membres de l&rsquo;universit\u00e9.<\/p>\n<p>8-Annonce des prix du bureau de garantie de la qualit\u00e9 et \u00e9valuation des performances \u00e0 l&rsquo;universit\u00e9.<\/p>\n<p>9-\u00c9laboration de guides, de mod\u00e8les et de questionnaires sp\u00e9cifiques \u00e0 la qualit\u00e9 et \u00e0 l&rsquo;assurance qualit\u00e9 au sein de l&rsquo;universit\u00e9.<\/p>\n<p>10-Participation \u00e0 des conf\u00e9rences et ateliers locaux et internationaux li\u00e9s \u00e0 l&rsquo;assurance qualit\u00e9 dans les \u00e9tablissements d&rsquo;enseignement sup\u00e9rieur.<\/p>\n<p>11-Formation de comit\u00e9s d&rsquo;audit interne pour les coll\u00e8ges.<\/p>\n<p>12-Contribution avec les coll\u00e8ges et les administrations \u00e0 l&rsquo;\u00e9laboration de plans d&rsquo;am\u00e9lioration pour obtenir l&rsquo;accr\u00e9ditation institutionnelle, programmatique et administrative des organismes locaux et internationaux.<\/p>\n<p>13-Visites consultatives aux coll\u00e8ges, centres et administrations.<\/p>\n<p>14-Soumission des documents pr\u00eats des coll\u00e8ges pour l&rsquo;accr\u00e9ditation institutionnelle au Centre national d&rsquo;assurance qualit\u00e9.<\/p>\n<p>15- Mise \u00e0 jour et pr\u00e9paration des questionnaires et des mod\u00e8les de qualit\u00e9.<\/p>\n<p>16-Pr\u00e9paration des documents sp\u00e9cifiques \u00e0 la qualit\u00e9.<\/p>\n<p>17-Mise \u00e0 jour du site web du bureau.<\/p>\n<p>18-Participation \u00e0 l&rsquo;\u00e9laboration de la structure organisationnelle et de la description des t\u00e2ches de l&rsquo;universit\u00e9.<\/p>\n","protected":false},"excerpt":{"rendered":"<p>Activit\u00e9s du bureau pour l&rsquo;ann\u00e9e 2020\/2019\u00a0: 1-Lancement du projet \u00ab\u00a0Contribuez au d\u00e9veloppement de l&rsquo;universit\u00e9 2020\u00a0\u00bb. Pour plus d&rsquo;informations sur le projet, cliquez ici, et pour participer au d\u00e9veloppement de l&rsquo;universit\u00e9, cliquez ici. 2-R\u00e9unions r\u00e9guli\u00e8res avec les chefs des d\u00e9partements de qualit\u00e9 des coll\u00e8ges, centres et administrations de l&rsquo;universit\u00e9. 3-Mise \u00e0 jour de la vision, de [&hellip;]<\/p>\n","protected":false},"author":5,"featured_media":0,"parent":0,"menu_order":0,"comment_status":"closed","ping_status":"closed","template":"","meta":{"_acf_changed":false,"footnotes":""},"class_list":["post-2438","page","type-page","status-publish","hentry"],"acf":[],"aioseo_notices":[],"amp_enabled":true,"_links":{"self":[{"href":"https:\/\/sebhau.edu.ly\/qao\/fr\/wp-json\/wp\/v2\/pages\/2438","targetHints":{"allow":["GET"]}}],"collection":[{"href":"https:\/\/sebhau.edu.ly\/qao\/fr\/wp-json\/wp\/v2\/pages"}],"about":[{"href":"https:\/\/sebhau.edu.ly\/qao\/fr\/wp-json\/wp\/v2\/types\/page"}],"author":[{"embeddable":true,"href":"https:\/\/sebhau.edu.ly\/qao\/fr\/wp-json\/wp\/v2\/users\/5"}],"replies":[{"embeddable":true,"href":"https:\/\/sebhau.edu.ly\/qao\/fr\/wp-json\/wp\/v2\/comments?post=2438"}],"version-history":[{"count":2,"href":"https:\/\/sebhau.edu.ly\/qao\/fr\/wp-json\/wp\/v2\/pages\/2438\/revisions"}],"predecessor-version":[{"id":2443,"href":"https:\/\/sebhau.edu.ly\/qao\/fr\/wp-json\/wp\/v2\/pages\/2438\/revisions\/2443"}],"wp:attachment":[{"href":"https:\/\/sebhau.edu.ly\/qao\/fr\/wp-json\/wp\/v2\/media?parent=2438"}],"curies":[{"name":"wp","href":"https:\/\/api.w.org\/{rel}","templated":true}]}}